

{"id":9849,"date":"2025-12-01T10:13:30","date_gmt":"2025-12-01T09:13:30","guid":{"rendered":"https:\/\/blackviewphones.com\/?post_type=product&#038;p=9849"},"modified":"2026-04-28T11:45:12","modified_gmt":"2026-04-28T09:45:12","slug":"tablet-infantil-blackview-tab20","status":"publish","type":"product","link":"https:\/\/blackviewphones.com\/pt\/product\/tablet-blackview-tab20-kids\/","title":{"rendered":"Tablet infantil Blackview Tab 20 | 12 GB de RAM 64 GB de ROM"},"content":{"rendered":"<h1>Tablet infantil Blackview Tab 20 | 12 GB de RAM 64 GB de ROM<\/h1>\n<p data-start=\"707\" data-end=\"1048\">O tablet Tab 20 Kids possui uma bateria de <strong>6600 mAh<\/strong> Garante horas de uso cont\u00ednuo, enquanto as c\u00e2meras de 8 MP e 5 MP permitem capturar momentos, gravar v\u00eddeos ou fazer videochamadas de alta qualidade. Inclui alto-falantes est\u00e9reo e um sistema baseado em... <strong>Androide 15<\/strong>, Projetado para oferecer seguran\u00e7a, controle parental e uma experi\u00eancia simples para crian\u00e7as pequenas. Tamb\u00e9m possui <strong>4 GB de RAM expans\u00edvel at\u00e9 12 GB de ROM<\/strong> e 64 GB de ROM.<\/p>\n<p data-start=\"1050\" data-end=\"1266\">Com seu design leve e bordas arredondadas, \u00e9 confort\u00e1vel de segurar e seguro para crian\u00e7as usarem. O Tab 20 Kids combina desempenho, dura\u00e7\u00e3o da bateria e facilidade de uso em um dispositivo perfeito para o dia a dia.<\/p>","protected":false},"excerpt":{"rendered":"<p>O Blackview Tab 20 Kids \u00e9 um tablet infantil projetado para acompanhar crian\u00e7as em suas aventuras. <strong>Aprendizagem, entretenimento e tarefas di\u00e1rias.<\/strong> Sua tela IPS HD+ de 10,1&quot; oferece boa nitidez e cores agrad\u00e1veis para leitura, assistir a v\u00eddeos ou usar aplicativos educacionais sem cansar a vista. Com o processador UNISOC T310, 4 GB de RAM e 64 GB de armazenamento interno expans\u00edvel at\u00e9 2 TB, ele tem pot\u00eancia suficiente para jogos leves, aulas online e navega\u00e7\u00e3o fluida.<\/p>","protected":false},"featured_media":10016,"comment_status":"open","ping_status":"closed","template":"","meta":{"_acf_changed":false},"product_brand":[287],"product_cat":[159,95,328],"product_tag":[],"class_list":{"0":"post-9849","1":"product","2":"type-product","3":"status-publish","4":"has-post-thumbnail","6":"product_brand-blackview","7":"product_cat-ofertas","8":"product_cat-tablets-blackview","9":"product_cat-tablets-blackview-tablets-inteligentes-blackview","11":"first","12":"instock","13":"sale","14":"shipping-taxable","15":"purchasable","16":"product-type-variable","17":"has-default-attributes"},"acf":[],"_links":{"self":[{"href":"https:\/\/blackviewphones.com\/pt\/wp-json\/wp\/v2\/product\/9849","targetHints":{"allow":["GET"]}}],"collection":[{"href":"https:\/\/blackviewphones.com\/pt\/wp-json\/wp\/v2\/product"}],"about":[{"href":"https:\/\/blackviewphones.com\/pt\/wp-json\/wp\/v2\/types\/product"}],"replies":[{"embeddable":true,"href":"https:\/\/blackviewphones.com\/pt\/wp-json\/wp\/v2\/comments?post=9849"}],"version-history":[{"count":0,"href":"https:\/\/blackviewphones.com\/pt\/wp-json\/wp\/v2\/product\/9849\/revisions"}],"wp:featuredmedia":[{"embeddable":true,"href":"https:\/\/blackviewphones.com\/pt\/wp-json\/wp\/v2\/media\/10016"}],"wp:attachment":[{"href":"https:\/\/blackviewphones.com\/pt\/wp-json\/wp\/v2\/media?parent=9849"}],"wp:term":[{"taxonomy":"product_brand","embeddable":true,"href":"https:\/\/blackviewphones.com\/pt\/wp-json\/wp\/v2\/product_brand?post=9849"},{"taxonomy":"product_cat","embeddable":true,"href":"https:\/\/blackviewphones.com\/pt\/wp-json\/wp\/v2\/product_cat?post=9849"},{"taxonomy":"product_tag","embeddable":true,"href":"https:\/\/blackviewphones.com\/pt\/wp-json\/wp\/v2\/product_tag?post=9849"}],"curies":[{"name":"wp","href":"https:\/\/api.w.org\/{rel}","templated":true}]}}