

{"id":9804,"date":"2025-11-27T15:59:36","date_gmt":"2025-11-27T14:59:36","guid":{"rendered":"https:\/\/blackviewphones.com\/?post_type=product&#038;p=9804"},"modified":"2026-04-17T10:14:01","modified_gmt":"2026-04-17T08:14:01","slug":"tela-portatil-dcm6","status":"publish","type":"product","link":"https:\/\/blackviewphones.com\/pt\/product\/pantalla-portatil-dcm6\/","title":{"rendered":"Blackview DCM6: Tela dupla para laptop."},"content":{"rendered":"<h1>Blackview DCM6: Tela dupla para laptop.<\/h1>\n<p data-start=\"1773\" data-end=\"2057\">Com seu <strong data-start=\"1781\" data-end=\"1858\">duas portas USB-C de tamanho normal e uma terceira porta USB-C dedicada \u00e0 alimenta\u00e7\u00e3o.<\/strong>, O DCM6 permite enviar v\u00eddeo e energia com um \u00fanico cabo. Sem necessidade de configura\u00e7\u00e3o t\u00e9cnica ou etapas adicionais: basta conectar e usar. Compat\u00edvel nativamente com <strong data-start=\"2011\" data-end=\"2056\">Windows, macOS, Linux, Android e ChromeOS<\/strong>.<\/p>\n<p data-start=\"2059\" data-end=\"2364\">Inclui um <strong data-start=\"2070\" data-end=\"2093\">alto-falante embutido<\/strong>, Ideal para reuni\u00f5es online, reprodu\u00e7\u00e3o de v\u00eddeo ou apresenta\u00e7\u00f5es r\u00e1pidas quando voc\u00ea n\u00e3o possui perif\u00e9ricos adicionais. Seu chassi... <strong data-start=\"2231\" data-end=\"2267\">alum\u00ednio com materiais ABS e PC<\/strong> Garante durabilidade sem sacrificar a leveza, perfeito para levar consigo para qualquer lugar.<\/p>\n<p data-start=\"2366\" data-end=\"2611\">Em resumo, o <strong data-start=\"2384\" data-end=\"2392\">DCM6<\/strong> \u00c9 uma solu\u00e7\u00e3o. <strong data-start=\"2409\" data-end=\"2443\">port\u00e1til, pr\u00e1tico e universal<\/strong> Expanda seu espa\u00e7o de trabalho com uma segunda ou terceira tela, otimizando a produtividade, o trabalho remoto, a edi\u00e7\u00e3o ou o entretenimento onde quer que voc\u00ea esteja.<\/p>\n<p data-start=\"2613\" data-end=\"2652\"><strong>Suporte para tela de laptop<\/strong><\/p>\n<p data-start=\"2653\" data-end=\"2847\">Trabalho mais confort\u00e1vel, telas alinhadas. O suporte mant\u00e9m seu laptop est\u00e1vel e na altura ideal, evitando inclina\u00e7\u00f5es desconfort\u00e1veis e criando um ambiente de trabalho mais suave e ergon\u00f4mico.<\/p>\n<p data-start=\"2849\" data-end=\"2882\"><strong>Plug &amp; Play multiplataforma<\/strong><\/p>\n<p data-start=\"2883\" data-end=\"3055\">Compat\u00edvel com os principais sistemas operacionais: <strong data-start=\"2935\" data-end=\"2978\">Mac, Windows, Android, Linux e ChromeOS<\/strong>. N\u00e3o \u00e9 necess\u00e1rio nenhum software adicional. Basta conectar e come\u00e7ar a usar instantaneamente.<\/p>\n<p data-start=\"3057\" data-end=\"3098\"><strong>Fonte de alimenta\u00e7\u00e3o bidirecional de 100 W<\/strong><\/p>\n<p data-start=\"3099\" data-end=\"3314\">Energia ilimitada. Gra\u00e7as \u00e0 sua <strong data-start=\"3133\" data-end=\"3165\">Carregamento reverso at\u00e9 100W<\/strong>, O DCM6 pode alimentar seu laptop enquanto voc\u00ea o utiliza, garantindo desempenho cont\u00ednuo durante longos dias de trabalho, streaming ou jogos.<\/p>\n<p><strong>*Para uso com fio, recomenda-se uma fonte de alimenta\u00e7\u00e3o de 65W ou superior.<\/strong><\/p>\n<p>&nbsp;<\/p>","protected":false},"excerpt":{"rendered":"<p>Ele <strong data-start=\"1612\" data-end=\"1620\">DCM6<\/strong> Blackview oferece duas telas. <strong data-start=\"1658\" data-end=\"1681\">Tela Full HD de 14 polegadas<\/strong> Leve sua experi\u00eancia multitarefa para o pr\u00f3ximo n\u00edvel. Seu design leve e dobr\u00e1vel o torna o acess\u00f3rio perfeito para quem precisa trabalhar em caf\u00e9s, espa\u00e7os de coworking, durante viagens ou em espa\u00e7os pequenos. <strong data-start=\"1896\" data-end=\"1918\">300 nits de brilho<\/strong>, Cada painel oferece excelente nitidez mesmo em ambientes claros.<\/p>\n<p><strong>*Imagem de refer\u00eancia: Monitores com suporte, laptop n\u00e3o inclu\u00eddo.<\/strong><\/p>","protected":false},"featured_media":10278,"comment_status":"open","ping_status":"closed","template":"","meta":{"_acf_changed":false},"product_brand":[287],"product_cat":[42,159],"product_tag":[],"class_list":{"0":"post-9804","1":"product","2":"type-product","3":"status-publish","4":"has-post-thumbnail","6":"product_brand-blackview","7":"product_cat-moviles-blackview","8":"product_cat-ofertas","10":"first","11":"instock","12":"sale","13":"shipping-taxable","14":"purchasable","15":"product-type-variable","16":"has-default-attributes"},"acf":[],"_links":{"self":[{"href":"https:\/\/blackviewphones.com\/pt\/wp-json\/wp\/v2\/product\/9804","targetHints":{"allow":["GET"]}}],"collection":[{"href":"https:\/\/blackviewphones.com\/pt\/wp-json\/wp\/v2\/product"}],"about":[{"href":"https:\/\/blackviewphones.com\/pt\/wp-json\/wp\/v2\/types\/product"}],"replies":[{"embeddable":true,"href":"https:\/\/blackviewphones.com\/pt\/wp-json\/wp\/v2\/comments?post=9804"}],"version-history":[{"count":2,"href":"https:\/\/blackviewphones.com\/pt\/wp-json\/wp\/v2\/product\/9804\/revisions"}],"predecessor-version":[{"id":13367,"href":"https:\/\/blackviewphones.com\/pt\/wp-json\/wp\/v2\/product\/9804\/revisions\/13367"}],"wp:featuredmedia":[{"embeddable":true,"href":"https:\/\/blackviewphones.com\/pt\/wp-json\/wp\/v2\/media\/10278"}],"wp:attachment":[{"href":"https:\/\/blackviewphones.com\/pt\/wp-json\/wp\/v2\/media?parent=9804"}],"wp:term":[{"taxonomy":"product_brand","embeddable":true,"href":"https:\/\/blackviewphones.com\/pt\/wp-json\/wp\/v2\/product_brand?post=9804"},{"taxonomy":"product_cat","embeddable":true,"href":"https:\/\/blackviewphones.com\/pt\/wp-json\/wp\/v2\/product_cat?post=9804"},{"taxonomy":"product_tag","embeddable":true,"href":"https:\/\/blackviewphones.com\/pt\/wp-json\/wp\/v2\/product_tag?post=9804"}],"curies":[{"name":"wp","href":"https:\/\/api.w.org\/{rel}","templated":true}]}}