

{"id":9747,"date":"2025-11-26T16:14:02","date_gmt":"2025-11-26T15:14:02","guid":{"rendered":"https:\/\/blackviewphones.com\/?post_type=product&#038;p=9747"},"modified":"2026-05-07T12:40:30","modified_gmt":"2026-05-07T10:40:30","slug":"tela-portatil-scm6","status":"publish","type":"product","link":"https:\/\/blackviewphones.com\/pt\/product\/pantalla-portatil-scm6\/","title":{"rendered":"Tela port\u00e1til SCM6"},"content":{"rendered":"<h1>Tela port\u00e1til SCM6<\/h1>\n<p data-start=\"3074\" data-end=\"3438\">Ele <strong data-start=\"261\" data-end=\"279\">Blackview SCM6<\/strong> \u00c9 um monitor port\u00e1til Full HD de 14 polegadas projetado para quem precisa expandir seu espa\u00e7o de trabalho a qualquer momento. Seu corpo leve... <strong data-start=\"422\" data-end=\"431\">600 g<\/strong> Seu design ultrafino o torna uma ferramenta perfeita para profissionais, estudantes e criadores que trabalham em movimento. Ele precisa de apenas um cabo. <strong data-start=\"590\" data-end=\"613\">USB-C completo<\/strong> Transmitir imagem, som e energia, permitindo uma conex\u00e3o r\u00e1pida sem configura\u00e7\u00f5es.<\/p>\n<p>\u00a0<\/p>\n<p>\u00a0<\/p>","protected":false},"excerpt":{"rendered":"<p>O monitor port\u00e1til Blackview SCM6 de 14&quot; Full HD \u00e9 leve e ultrafino, com conex\u00e3o USB-C plug &amp; play, painel IPS e alto-falante integrado. \u00c9 ideal para aumentar sua produtividade em qualquer lugar.<\/p>\n<p><strong>*Imagem de refer\u00eancia: Monitores com suporte, laptop n\u00e3o inclu\u00eddo.<\/strong><\/p>","protected":false},"featured_media":10839,"comment_status":"open","ping_status":"closed","template":"","meta":{"_acf_changed":false},"product_brand":[287],"product_cat":[61,159,151],"product_tag":[],"class_list":{"0":"post-9747","1":"product","2":"type-product","3":"status-publish","4":"has-post-thumbnail","6":"product_brand-blackview","7":"product_cat-equipos-blackview-portatiles","8":"product_cat-ofertas","9":"product_cat-equipos-blackview","11":"first","12":"instock","13":"sale","14":"shipping-taxable","15":"purchasable","16":"product-type-variable","17":"has-default-attributes"},"acf":[],"_links":{"self":[{"href":"https:\/\/blackviewphones.com\/pt\/wp-json\/wp\/v2\/product\/9747","targetHints":{"allow":["GET"]}}],"collection":[{"href":"https:\/\/blackviewphones.com\/pt\/wp-json\/wp\/v2\/product"}],"about":[{"href":"https:\/\/blackviewphones.com\/pt\/wp-json\/wp\/v2\/types\/product"}],"replies":[{"embeddable":true,"href":"https:\/\/blackviewphones.com\/pt\/wp-json\/wp\/v2\/comments?post=9747"}],"version-history":[{"count":0,"href":"https:\/\/blackviewphones.com\/pt\/wp-json\/wp\/v2\/product\/9747\/revisions"}],"wp:featuredmedia":[{"embeddable":true,"href":"https:\/\/blackviewphones.com\/pt\/wp-json\/wp\/v2\/media\/10839"}],"wp:attachment":[{"href":"https:\/\/blackviewphones.com\/pt\/wp-json\/wp\/v2\/media?parent=9747"}],"wp:term":[{"taxonomy":"product_brand","embeddable":true,"href":"https:\/\/blackviewphones.com\/pt\/wp-json\/wp\/v2\/product_brand?post=9747"},{"taxonomy":"product_cat","embeddable":true,"href":"https:\/\/blackviewphones.com\/pt\/wp-json\/wp\/v2\/product_cat?post=9747"},{"taxonomy":"product_tag","embeddable":true,"href":"https:\/\/blackviewphones.com\/pt\/wp-json\/wp\/v2\/product_tag?post=9747"}],"curies":[{"name":"wp","href":"https:\/\/api.w.org\/{rel}","templated":true}]}}