

{"id":9734,"date":"2025-11-26T14:43:29","date_gmt":"2025-11-26T13:43:29","guid":{"rendered":"https:\/\/blackviewphones.com\/?post_type=product&#038;p=9734"},"modified":"2026-04-30T18:34:20","modified_gmt":"2026-04-30T16:34:20","slug":"relogio-inteligente-blackview-w90-pro","status":"publish","type":"product","link":"https:\/\/blackviewphones.com\/pt\/product\/blackview-w90-pro-smartwatch\/","title":{"rendered":"Blackview W90 Pro \u2013 Smartwatch"},"content":{"rendered":"<h1>Blackview W90 Pro \u2013 SMARTWACTH<\/h1>\n<p data-start=\"188\" data-end=\"639\">Ele <strong data-start=\"191\" data-end=\"213\">Smartwatch W90 Pro<\/strong> \u00c9 seu assistente pessoal, treinador f\u00edsico e companheiro ideal para o dia a dia. Seu corpo em liga de zinco possui uma tela. <strong data-start=\"339\" data-end=\"365\">AMOLED 1,43\u2033 (466\u00d7466)<\/strong> Oferece um visor n\u00edtido e elegante, ideal para notifica\u00e7\u00f5es, chamadas e lembretes. Inclui uma lanterna, uma al\u00e7a de metal e um design dur\u00e1vel, feito para uso cont\u00ednuo. Sua bateria... <strong data-start=\"562\" data-end=\"573\">900 mAh<\/strong> Isso garante uma autonomia superior sem depender de recargas frequentes.<\/p>\n<h2 data-start=\"646\" data-end=\"691\"><strong data-start=\"655\" data-end=\"691\">Ideal para atletas e pessoas ativas.<\/strong><\/h2>\n<p data-start=\"693\" data-end=\"994\">Com mais de <strong data-start=\"704\" data-end=\"728\">100 modos esportivos<\/strong>, O W90 Pro monitora com precis\u00e3o seus treinos, desde corrida e ciclismo at\u00e9 muscula\u00e7\u00e3o e alongamento. Seus sensores avan\u00e7ados monitoram a frequ\u00eancia card\u00edaca, a satura\u00e7\u00e3o de oxig\u00eanio (SpO\u2082) e a press\u00e3o arterial, proporcionando um acompanhamento completo de cada sess\u00e3o.<\/p>\n<h2 data-start=\"1001\" data-end=\"1036\"><strong data-start=\"1007\" data-end=\"1036\">Bateria de longa dura\u00e7\u00e3o<\/strong><\/h2>\n<p data-start=\"1038\" data-end=\"1206\">Gra\u00e7as \u00e0 sua bateria de 900 mAh, o W90 Pro oferece <strong data-start=\"1089\" data-end=\"1121\">mais de 20 dias de uso normal<\/strong>, permitindo que voc\u00ea treine, trabalhe e descanse sem se preocupar em carreg\u00e1-lo todos os dias.<\/p>","protected":false},"excerpt":{"rendered":"<p>Tela de 19,1\u2033<\/p>\n<p>1000 l\u00eandeas<\/p>\n<p>55,65*46,80*13,70 mil\u00edmetros<\/p>\n<p>36 gramas | 900 mAh<\/p>\n<p>Modo esportivo<\/p>\n<p>Chamadas Bluetooth e notifica\u00e7\u00f5es de mensagens<\/p>\n<p>Assistente de voz + controle de m\u00fasica<\/p>\n<p>Fun\u00e7\u00e3o localizar telefone<\/p>","protected":false},"featured_media":9738,"comment_status":"open","ping_status":"closed","template":"","meta":{"_acf_changed":false},"product_brand":[287],"product_cat":[154,159,90],"product_tag":[],"class_list":{"0":"post-9734","1":"product","2":"type-product","3":"status-publish","4":"has-post-thumbnail","6":"product_brand-blackview","7":"product_cat-accesorios-blackview","8":"product_cat-ofertas","9":"product_cat-smartwatch","11":"first","12":"instock","13":"sale","14":"shipping-taxable","15":"purchasable","16":"product-type-variable","17":"has-default-attributes"},"acf":[],"_links":{"self":[{"href":"https:\/\/blackviewphones.com\/pt\/wp-json\/wp\/v2\/product\/9734","targetHints":{"allow":["GET"]}}],"collection":[{"href":"https:\/\/blackviewphones.com\/pt\/wp-json\/wp\/v2\/product"}],"about":[{"href":"https:\/\/blackviewphones.com\/pt\/wp-json\/wp\/v2\/types\/product"}],"replies":[{"embeddable":true,"href":"https:\/\/blackviewphones.com\/pt\/wp-json\/wp\/v2\/comments?post=9734"}],"version-history":[{"count":0,"href":"https:\/\/blackviewphones.com\/pt\/wp-json\/wp\/v2\/product\/9734\/revisions"}],"wp:featuredmedia":[{"embeddable":true,"href":"https:\/\/blackviewphones.com\/pt\/wp-json\/wp\/v2\/media\/9738"}],"wp:attachment":[{"href":"https:\/\/blackviewphones.com\/pt\/wp-json\/wp\/v2\/media?parent=9734"}],"wp:term":[{"taxonomy":"product_brand","embeddable":true,"href":"https:\/\/blackviewphones.com\/pt\/wp-json\/wp\/v2\/product_brand?post=9734"},{"taxonomy":"product_cat","embeddable":true,"href":"https:\/\/blackviewphones.com\/pt\/wp-json\/wp\/v2\/product_cat?post=9734"},{"taxonomy":"product_tag","embeddable":true,"href":"https:\/\/blackviewphones.com\/pt\/wp-json\/wp\/v2\/product_tag?post=9734"}],"curies":[{"name":"wp","href":"https:\/\/api.w.org\/{rel}","templated":true}]}}