

{"id":9683,"date":"2025-11-27T15:03:33","date_gmt":"2025-11-27T14:03:33","guid":{"rendered":"https:\/\/blackviewphones.com\/?post_type=product&#038;p=9683"},"modified":"2026-04-14T12:05:40","modified_gmt":"2026-04-14T10:05:40","slug":"xplore-1-pro","status":"publish","type":"product","link":"https:\/\/blackviewphones.com\/pt\/product\/xplore-1-pro\/","title":{"rendered":"Blackview XPLORE 1 Pro 5G | Com c\u00e2mera t\u00e9rmica e controle remoto"},"content":{"rendered":"<h1>Blackview XPLORE 1 Pro 5G | Com c\u00e2mera t\u00e9rmica e controle remoto<\/h1>\n<p data-start=\"3074\" data-end=\"3438\">Ele <strong data-start=\"3077\" data-end=\"3103\">Blackview XPLORE 1 Pro<\/strong> \u00c9 um smartphone robusto de alto desempenho com NFC, projetado para profissionais e aventureiros que precisam de um dispositivo confi\u00e1vel. <strong>c\u00e2mera t\u00e9rmica<\/strong>. Equipado com at\u00e9 <strong>36 GB ou 48 GB de RAM<\/strong> e <strong data-start=\"3303\" data-end=\"3338\">256 GB ou 512 GB de armazenamento<\/strong>, Oferece desempenho excepcional para multitarefa, navega\u00e7\u00e3o, aplicativos pesados e uso intensivo.<\/p>\n<p data-start=\"3440\" data-end=\"3859\">Dele <strong>c\u00e2mera t\u00e9rmica integrada<\/strong> \u00c9 \u00fatil para detectar zonas de calor, seja no dia a dia ou no trabalho. Al\u00e9m disso, seu enorme <strong data-start=\"3638\" data-end=\"3663\">Bateria de 20.000 mAh<\/strong>, a tela <strong data-start=\"3677\" data-end=\"3694\">FHD+ a 120 Hz<\/strong>, o sistema Android 15 e durabilidade certificada <strong data-start=\"3747\" data-end=\"3774\">IP68\/IP69K\/MIL-STD-810H<\/strong> Eles garantem confiabilidade absoluta contra choques, poeira, \u00e1gua e temperaturas extremas. Eles tamb\u00e9m apresentam: <strong>Controle remoto infravermelho<\/strong> Para controlar a TV ou outros dispositivos.<\/p>\n<p data-start=\"3861\" data-end=\"4061\">As c\u00e2meras de <strong data-start=\"3876\" data-end=\"3909\">Vis\u00e3o noturna de 64 MP + 20 MP<\/strong> E sua lente frontal de 50 MP completa um dispositivo perfeito para todos os terrenos, ideal para usu\u00e1rios que buscam m\u00e1xima autonomia, seguran\u00e7a e comunica\u00e7\u00e3o avan\u00e7ada.<\/p>\n<p>&nbsp;<\/p>\n<p>&nbsp;<\/p>","protected":false},"excerpt":{"rendered":"<p>Ele <strong data-start=\"4103\" data-end=\"4129\">Blackview XPLORE 1 Pro<\/strong> Ele combina extrema durabilidade com uma c\u00e2mera t\u00e9rmica, lanterna potente, controle remoto infravermelho e desempenho superior. <strong data-start=\"4213\" data-end=\"4231\">12\/16 GB de RAM<\/strong>. Sua bateria <strong data-start=\"4263\" data-end=\"4277\">20.000 mAh<\/strong>, A tela de 120Hz e as certifica\u00e7\u00f5es IP68\/IP69K\/MIL-STD-810H garantem total confiabilidade em qualquer ambiente.<\/p>","protected":false},"featured_media":13055,"comment_status":"open","ping_status":"closed","template":"","meta":{"_acf_changed":false},"product_brand":[287],"product_cat":[42,136,166,159,338],"product_tag":[],"class_list":{"0":"post-9683","1":"product","2":"type-product","3":"status-publish","4":"has-post-thumbnail","6":"product_brand-blackview","7":"product_cat-moviles-blackview","8":"product_cat-moviles-resistentes-rugerizados","9":"product_cat-moviles-resistentes-rugerizados-nuevos-modelos","10":"product_cat-ofertas","11":"product_cat-productos","13":"first","14":"instock","15":"sale","16":"shipping-taxable","17":"purchasable","18":"product-type-variable","19":"has-default-attributes"},"acf":[],"_links":{"self":[{"href":"https:\/\/blackviewphones.com\/pt\/wp-json\/wp\/v2\/product\/9683","targetHints":{"allow":["GET"]}}],"collection":[{"href":"https:\/\/blackviewphones.com\/pt\/wp-json\/wp\/v2\/product"}],"about":[{"href":"https:\/\/blackviewphones.com\/pt\/wp-json\/wp\/v2\/types\/product"}],"replies":[{"embeddable":true,"href":"https:\/\/blackviewphones.com\/pt\/wp-json\/wp\/v2\/comments?post=9683"}],"version-history":[{"count":0,"href":"https:\/\/blackviewphones.com\/pt\/wp-json\/wp\/v2\/product\/9683\/revisions"}],"wp:featuredmedia":[{"embeddable":true,"href":"https:\/\/blackviewphones.com\/pt\/wp-json\/wp\/v2\/media\/13055"}],"wp:attachment":[{"href":"https:\/\/blackviewphones.com\/pt\/wp-json\/wp\/v2\/media?parent=9683"}],"wp:term":[{"taxonomy":"product_brand","embeddable":true,"href":"https:\/\/blackviewphones.com\/pt\/wp-json\/wp\/v2\/product_brand?post=9683"},{"taxonomy":"product_cat","embeddable":true,"href":"https:\/\/blackviewphones.com\/pt\/wp-json\/wp\/v2\/product_cat?post=9683"},{"taxonomy":"product_tag","embeddable":true,"href":"https:\/\/blackviewphones.com\/pt\/wp-json\/wp\/v2\/product_tag?post=9683"}],"curies":[{"name":"wp","href":"https:\/\/api.w.org\/{rel}","templated":true}]}}