

{"id":9657,"date":"2025-11-24T12:21:15","date_gmt":"2025-11-24T11:21:15","guid":{"rendered":"https:\/\/blackviewphones.com\/?post_type=product&#038;p=9657"},"modified":"2026-04-14T12:05:35","modified_gmt":"2026-04-14T10:05:35","slug":"oculos-bv100","status":"publish","type":"product","link":"https:\/\/blackviewphones.com\/pt\/product\/bv100-gafas\/","title":{"rendered":"\u00d3culos Blackview BV100"},"content":{"rendered":"<h1>\u00d3culos Blackview BV100<\/h1>\n<p data-start=\"38\" data-end=\"384\">Os \u00d3culos <strong data-start=\"42\" data-end=\"61\">Blackview BV100<\/strong> S\u00e3o muito mais do que simples \u00f3culos: s\u00e3o o seu assistente inteligente para o dia a dia. Gra\u00e7as \u00e0 sua tecnologia... <strong data-start=\"153\" data-end=\"180\">tecnologia de IA integrada<\/strong>, Eles combinam um design leve e moderno com recursos inteligentes que facilitam sua rotina, seja trabalhando, se locomovendo pela cidade ou desfrutando de uma experi\u00eancia conectada sem precisar tirar o celular do bolso.<\/p>\n<p data-start=\"386\" data-end=\"693\">Projetado para oferecer <strong data-start=\"409\" data-end=\"442\">conforto durante todo o dia<\/strong>, A s\u00e9rie BV100 destaca-se pela sua opera\u00e7\u00e3o intuitiva, conectividade avan\u00e7ada e abordagem pr\u00e1tica que complementa perfeitamente o estilo de vida digital atual. Ideal para quem busca inova\u00e7\u00e3o, funcionalidade e um toque futurista em um \u00fanico dispositivo.<\/p>\n<h2 data-start=\"386\" data-end=\"693\">Assistente de IA ativado por voz com \u00f3culos Blackview BV100<\/h2>\n<p data-start=\"386\" data-end=\"693\">Ativa\u00e7\u00e3o com um \u00fanico toque: Basta tocar com o dedo para ativar facilmente o assistente de voz com IA e desbloquear recursos como ouvir m\u00fasica, fazer chamadas, gravar v\u00eddeos e tirar fotos.<\/p>\n<h2 data-start=\"386\" data-end=\"693\">Otimiza\u00e7\u00e3o autom\u00e1tica de v\u00eddeo HD<\/h2>\n<p>C\u00e2mera de alta defini\u00e7\u00e3o de 800W, captura de imagem 2K HD, suporta grava\u00e7\u00e3o de v\u00eddeo em 1200P e possui algoritmo anti-vibra\u00e7\u00e3o integrado. A IA otimiza automaticamente a qualidade da imagem (como escurecimento e desfoque de fundo). Redu\u00e7\u00e3o de ru\u00eddo em m\u00faltiplos quadros e s\u00edntese HDR. Captura e sincroniza automaticamente com seu dispositivo m\u00f3vel.<\/p>\n<h2>Instru\u00e7\u00f5es de uso dos \u00f3culos BV100<\/h2>\n<h3>passos de bot\u00e3o f\u00edsico<\/h3>\n<ul>\n<li><strong>Ligado\/Desligado: <\/strong>\u00a0Durante a inicializa\u00e7\u00e3o\/desligamento, pressione rapidamente o bot\u00e3o direito por 2 segundos e, em seguida, mantenha-o pressionado por 5 segundos.<\/li>\n<li><strong> Emparelhamento Bluetooth: <\/strong>Abra o aplicativo m\u00f3vel, procure dispositivos Bluetooth e adicione-os.<\/li>\n<li><strong>Tire fotos: <\/strong>Pressione rapidamente o bot\u00e3o direito uma vez. <em><strong>(n\u00e3o est\u00e1 em modo de chamada)<\/strong><\/em>.<\/li>\n<\/ul>\n<blockquote><p><em><strong>* Pressione e segure o bot\u00e3o direito por 3 segundos para ligar (Reconex\u00e3o Bluetooth bem-sucedida)\u00a0<\/strong><\/em><\/p><\/blockquote>\n<ul>\n<li><strong>Grava\u00e7\u00e3o de imagens: <\/strong>Pressione rapidamente o bot\u00e3o direito duas vezes para iniciar a grava\u00e7\u00e3o (exceto no modo de chamada). Em seguida, pressione rapidamente o bot\u00e3o direito uma vez para interromper a grava\u00e7\u00e3o.<\/li>\n<li><strong>Grava\u00e7\u00e3o de som:<\/strong> Toque duas vezes rapidamente no bot\u00e3o direito para iniciar a grava\u00e7\u00e3o (exceto no modo de chamada). Em seguida, toque rapidamente no bot\u00e3o direito uma vez para parar e salvar a grava\u00e7\u00e3o. <em>(em andamento)<\/em>.<\/li>\n<li><strong>Modo de chamada:<\/strong> Pressione rapidamente o bot\u00e3o esquerdo\/direito uma vez para atender. Em seguida, pressione e segure o bot\u00e3o esquerdo\/direito por dois segundos para rejeitar. Por fim, pressione rapidamente o bot\u00e3o direito uma vez para desligar (durante uma chamada).<\/li>\n<li><strong>Ao acordar:<\/strong> Pressione rapidamente o bot\u00e3o esquerdo uma vez para ativar ou desativar o assistente de voz com IA. <em>(no modo Bluetooth)<\/em>.<\/li>\n<li><strong>Transmiss\u00e3o de dados:<\/strong> Transmiss\u00e3o Wi-Fi em qualquer estado.<\/li>\n<li><strong>Excluir registros de emparelhamento:<\/strong> Pressione e segure o bot\u00e3o esquerdo por 5 segundos para apagar as informa\u00e7\u00f5es e o emparelhamento do dispositivo conectado.<\/li>\n<\/ul>\n<h3>\u00c1rea de contato lateral<\/h3>\n<ul>\n<li><strong>Modo m\u00fasica:<\/strong><\/li>\n<\/ul>\n<ol>\n<li>Clique com o bot\u00e3o direito do mouse para pausar a m\u00fasica (no modo de reprodu\u00e7\u00e3o de m\u00fasica).<\/li>\n<li>Clique com o bot\u00e3o direito do mouse na reprodu\u00e7\u00e3o de m\u00fasica (m\u00fasica pausada).<\/li>\n<li>Clique duas vezes com o bot\u00e3o direito do mouse na pr\u00f3xima faixa (no modo de reprodu\u00e7\u00e3o\/pausa de m\u00fasica).<\/li>\n<\/ol>\n<ul>\n<li><strong>Controle de volume:<\/strong><\/li>\n<\/ul>\n<ol>\n<li>Deslize o controle deslizante da direita para a frente (volume +).<\/li>\n<li>Deslize o controle deslizante direito para tr\u00e1s (volume \u2013 )<\/li>\n<\/ol>","protected":false},"excerpt":{"rendered":"<p>O Blackview BV100 se destaca por sua c\u00e2mera de 8 MP com v\u00eddeo em 1200p,<strong> IA multimodal<\/strong> e conectividade dupla para tarefas r\u00e1pidas e perfeitas. Gra\u00e7as ao seu design leve e alto-falantes de ouvido aberto, voc\u00ea pode ouvir, gravar e traduzir sem sacrificar o conforto. O reconhecimento visual e o comando &quot;Hey Cyan&quot; adicionam recursos \u00fateis para qualquer situa\u00e7\u00e3o profissional ou pessoal.<\/p>","protected":false},"featured_media":12066,"comment_status":"open","ping_status":"closed","template":"","meta":{"_acf_changed":false},"product_brand":[287],"product_cat":[154,159],"product_tag":[],"class_list":{"0":"post-9657","1":"product","2":"type-product","3":"status-publish","4":"has-post-thumbnail","6":"product_brand-blackview","7":"product_cat-accesorios-blackview","8":"product_cat-ofertas","10":"first","11":"instock","12":"sale","13":"shipping-taxable","14":"purchasable","15":"product-type-variable"},"acf":[],"_links":{"self":[{"href":"https:\/\/blackviewphones.com\/pt\/wp-json\/wp\/v2\/product\/9657","targetHints":{"allow":["GET"]}}],"collection":[{"href":"https:\/\/blackviewphones.com\/pt\/wp-json\/wp\/v2\/product"}],"about":[{"href":"https:\/\/blackviewphones.com\/pt\/wp-json\/wp\/v2\/types\/product"}],"replies":[{"embeddable":true,"href":"https:\/\/blackviewphones.com\/pt\/wp-json\/wp\/v2\/comments?post=9657"}],"version-history":[{"count":0,"href":"https:\/\/blackviewphones.com\/pt\/wp-json\/wp\/v2\/product\/9657\/revisions"}],"wp:featuredmedia":[{"embeddable":true,"href":"https:\/\/blackviewphones.com\/pt\/wp-json\/wp\/v2\/media\/12066"}],"wp:attachment":[{"href":"https:\/\/blackviewphones.com\/pt\/wp-json\/wp\/v2\/media?parent=9657"}],"wp:term":[{"taxonomy":"product_brand","embeddable":true,"href":"https:\/\/blackviewphones.com\/pt\/wp-json\/wp\/v2\/product_brand?post=9657"},{"taxonomy":"product_cat","embeddable":true,"href":"https:\/\/blackviewphones.com\/pt\/wp-json\/wp\/v2\/product_cat?post=9657"},{"taxonomy":"product_tag","embeddable":true,"href":"https:\/\/blackviewphones.com\/pt\/wp-json\/wp\/v2\/product_tag?post=9657"}],"curies":[{"name":"wp","href":"https:\/\/api.w.org\/{rel}","templated":true}]}}