

{"id":9528,"date":"2025-11-17T14:58:12","date_gmt":"2025-11-17T13:58:12","guid":{"rendered":"https:\/\/blackviewphones.com\/?post_type=product&#038;p=9528"},"modified":"2026-04-07T13:15:08","modified_gmt":"2026-04-07T11:15:08","slug":"aurabass-2","status":"publish","type":"product","link":"https:\/\/blackviewphones.com\/pt\/product\/aurabass-2\/","title":{"rendered":"Blackview AuraBass 2"},"content":{"rendered":"<h1 data-start=\"306\" data-end=\"365\"><strong data-start=\"309\" data-end=\"365\">Blackview AuraBass 2: Caixa de Som Bluetooth<\/strong><\/h1>\n<p data-start=\"367\" data-end=\"681\">Quer levar sua experi\u00eancia sonora a outro n\u00edvel? <strong data-start=\"422\" data-end=\"436\">AuraBass 2<\/strong> \u00c9 a caixa de som ideal para quem aprecia m\u00fasica com profundidade, detalhes e emo\u00e7\u00e3o. Com um design moderno e um som que preenche qualquer ambiente, ela combina... <strong data-start=\"592\" data-end=\"624\">tecnologia de \u00e1udio avan\u00e7ada<\/strong> Com um estilo elegante que se adapta ao seu estilo de vida.<\/p>\n<h2 data-start=\"683\" data-end=\"736\"><strong data-start=\"687\" data-end=\"736\">Graves que voc\u00ea sente, som que te envolve.<\/strong><\/h2>\n<p data-start=\"738\" data-end=\"1156\">Ele <strong data-start=\"741\" data-end=\"755\">Aurabass 2<\/strong> Est\u00e1 equipado com um <strong data-start=\"777\" data-end=\"816\">sistema ac\u00fastico de diafragma duplo<\/strong> e um <strong data-start=\"822\" data-end=\"867\">amplificador integrado de alta efici\u00eancia<\/strong>, Proporcionando uma reprodu\u00e7\u00e3o sonora potente, n\u00edtida e sem distor\u00e7\u00f5es. Sua resposta de graves \u00e9 profunda e precisa, ideal para quem quer sentir a m\u00fasica al\u00e9m de apenas ouvi-la. Dos ritmos urbanos mais intensos aos acordes mais suaves, todos os g\u00eaneros ganham vida com equil\u00edbrio perfeito.<\/p>\n<h2 data-start=\"1158\" data-end=\"1206\"><strong data-start=\"1162\" data-end=\"1206\">Design elegante, pensado para o seu espa\u00e7o.<\/strong><\/h2>\n<p data-start=\"1208\" data-end=\"1519\">Compacto, robusto e visualmente atraente, o <strong data-start=\"1254\" data-end=\"1268\">AuraBass 2<\/strong> Ele combina materiais de alta qualidade com uma estrutura s\u00f3lida que reduz vibra\u00e7\u00f5es e melhora a pureza do som. \u00c9 perfeito para sua mesa de trabalho, sala de estar ou at\u00e9 mesmo para seu setup de jogos: um toque de estilo que tamb\u00e9m oferece <strong data-start=\"1491\" data-end=\"1518\">desempenho profissional<\/strong>.<\/p>\n<h2 data-start=\"1521\" data-end=\"1565\"><strong data-start=\"1525\" data-end=\"1565\">Conectividade completa para sua conveni\u00eancia.<\/strong><\/h2>\n<p data-start=\"1567\" data-end=\"1844\">Com <strong data-start=\"1571\" data-end=\"1588\">Bluetooth 5.0<\/strong>, <strong data-start=\"1590\" data-end=\"1610\">entrada auxiliar<\/strong> e <strong data-start=\"1613\" data-end=\"1627\">porta USB<\/strong>, ele <strong data-start=\"1632\" data-end=\"1646\">AuraBass 2<\/strong> Ele permite que voc\u00ea conecte facilmente qualquer dispositivo e curta sua m\u00fasica sem limites. Alterne entre as fontes com um \u00fanico toque e mantenha sempre uma conex\u00e3o est\u00e1vel e r\u00e1pida, sem interrup\u00e7\u00f5es.<\/p>\n<h2 data-start=\"1846\" data-end=\"1895\"><strong data-start=\"1850\" data-end=\"1895\">Desempenho duradouro e sem complica\u00e7\u00f5es<\/strong><\/h2>\n<p data-start=\"1897\" data-end=\"2174\">Gra\u00e7as a voc\u00ea <strong data-start=\"1910\" data-end=\"1939\">bateria de longa dura\u00e7\u00e3o<\/strong>, Voc\u00ea pode curtir horas de m\u00fasica sem parar sem se preocupar com a bateria. Al\u00e9m disso, o sistema de carregamento r\u00e1pido permite que voc\u00ea o use em pouco tempo. \u00c9 confi\u00e1vel, potente e perfeito para te acompanhar aonde quer que voc\u00ea v\u00e1.<\/p>","protected":false},"excerpt":{"rendered":"<p data-start=\"436\" data-end=\"691\">Experimente um som potente com o <strong data-start=\"479\" data-end=\"493\">AuraBass 2<\/strong>, A caixa de som Bluetooth que combina design elegante, graves profundos e som envolvente. Com bateria de longa dura\u00e7\u00e3o e conectividade completa, \u00e9 perfeita para curtir sua m\u00fasica em qualquer lugar.<\/p>","protected":false},"featured_media":10210,"comment_status":"open","ping_status":"closed","template":"","meta":{"_acf_changed":false},"product_brand":[287],"product_cat":[154,159],"product_tag":[],"class_list":{"0":"post-9528","1":"product","2":"type-product","3":"status-publish","4":"has-post-thumbnail","6":"product_brand-blackview","7":"product_cat-accesorios-blackview","8":"product_cat-ofertas","10":"first","11":"instock","12":"sale","13":"shipping-taxable","14":"purchasable","15":"product-type-variable","16":"has-default-attributes"},"acf":[],"_links":{"self":[{"href":"https:\/\/blackviewphones.com\/pt\/wp-json\/wp\/v2\/product\/9528","targetHints":{"allow":["GET"]}}],"collection":[{"href":"https:\/\/blackviewphones.com\/pt\/wp-json\/wp\/v2\/product"}],"about":[{"href":"https:\/\/blackviewphones.com\/pt\/wp-json\/wp\/v2\/types\/product"}],"replies":[{"embeddable":true,"href":"https:\/\/blackviewphones.com\/pt\/wp-json\/wp\/v2\/comments?post=9528"}],"version-history":[{"count":0,"href":"https:\/\/blackviewphones.com\/pt\/wp-json\/wp\/v2\/product\/9528\/revisions"}],"wp:featuredmedia":[{"embeddable":true,"href":"https:\/\/blackviewphones.com\/pt\/wp-json\/wp\/v2\/media\/10210"}],"wp:attachment":[{"href":"https:\/\/blackviewphones.com\/pt\/wp-json\/wp\/v2\/media?parent=9528"}],"wp:term":[{"taxonomy":"product_brand","embeddable":true,"href":"https:\/\/blackviewphones.com\/pt\/wp-json\/wp\/v2\/product_brand?post=9528"},{"taxonomy":"product_cat","embeddable":true,"href":"https:\/\/blackviewphones.com\/pt\/wp-json\/wp\/v2\/product_cat?post=9528"},{"taxonomy":"product_tag","embeddable":true,"href":"https:\/\/blackviewphones.com\/pt\/wp-json\/wp\/v2\/product_tag?post=9528"}],"curies":[{"name":"wp","href":"https:\/\/api.w.org\/{rel}","templated":true}]}}