

{"id":9320,"date":"2025-10-28T11:34:52","date_gmt":"2025-10-28T10:34:52","guid":{"rendered":"https:\/\/blackviewphones.com\/?post_type=product&#038;p=9320"},"modified":"2026-05-09T11:38:39","modified_gmt":"2026-05-09T09:38:39","slug":"bateria-oscal-bp3600","status":"publish","type":"product","link":"https:\/\/blackviewphones.com\/pt\/product\/oscal-bp3600-pack-bateria\/","title":{"rendered":"OSCAL BP3600 (Pacote de Bateria)"},"content":{"rendered":"<h1 class=\"product_title entry-title\">OSCAL BP3600 (Pacote de Bateria)<\/h1>\n<h4>\u27a1\ufe0f\ud83d\udce6 Temos 1 unidade em estoque. Envio em 48-72 horas.<\/h4>\n<p data-start=\"1039\" data-end=\"1337\">\u00a0Ele <strong data-start=\"1707\" data-end=\"1723\">OSCAL BP3600<\/strong> \u00e9 o m\u00f3dulo que d\u00e1 vida ilimitada \u00e0 sua esta\u00e7\u00e3o PowerMax. Com <strong data-start=\"1787\" data-end=\"1810\">3600 Wh adicionais<\/strong>, permite que voc\u00ea transforme sua instala\u00e7\u00e3o de energia modular em uma usina de energia robusta, capaz de abastecer resid\u00eancias, ferramentas ou sistemas de emerg\u00eancia por dias.<br data-start=\"1973\" data-end=\"1976\" \/>Viagem longa? Acampamento prolongado? Queda de energia prolongada? Basta conectar um ou mais BP3600s e aumentar seu alcance sem precisar substituir a unidade base.<br data-start=\"2140\" data-end=\"2143\" \/>Com tecnologia <strong data-start=\"2158\" data-end=\"2169\">LiFePO\u2084<\/strong>, suporta at\u00e9 <strong data-start=\"2185\" data-end=\"2200\">3500 ciclos<\/strong> e garante estabilidade, efici\u00eancia e seguran\u00e7a. Al\u00e9m disso, seu design compacto e modular integra-se perfeitamente \u00e0 linha PowerMax 3600\/6000, permitindo capacidade de energia expandida para at\u00e9 57,6 kWh.<\/p>\n<h2>Recursos do OSCAL BP3600<\/h2>\n<table style=\"height: 1300px;\" width=\"1355\">\n<tbody>\n<tr>\n<td>\n<h3 id=\"sec-design\" class=\"k-h3\">Caracter\u00edsticas gerais<\/h3>\n<\/td>\n<\/tr>\n<tr>\n<td><strong>Modelo:<\/strong><\/td>\n<td>BP3600<\/td>\n<\/tr>\n<tr>\n<td><strong>Cara:<\/strong><\/td>\n<td>M\u00f3dulo de expans\u00e3o de bateria<\/td>\n<\/tr>\n<tr>\n<td><strong>Habilidade:<\/strong><\/td>\n<td>3600 Wh<\/td>\n<\/tr>\n<tr>\n<td><strong>Compatibilidade:<\/strong><\/td>\n<td>Compat\u00edvel com esta\u00e7\u00f5es PowerMax (3600 \/ 6000)<\/td>\n<\/tr>\n<tr>\n<td><strong>Dimens\u00f5es:<\/strong><\/td>\n<td>590 \u00d7 350 \u00d7 441 mm<\/td>\n<\/tr>\n<tr>\n<td><strong>Peso:<\/strong><\/td>\n<td>\u2248 37,7 kg<\/td>\n<\/tr>\n<tr>\n<td><strong>Tipo de Bateria:<\/strong><\/td>\n<td>LiFePO\u2084 (LFP)<\/td>\n<\/tr>\n<tr>\n<td><strong>Ciclos de vida:<\/strong><\/td>\n<td>\u2265 3500 ciclos at\u00e9 80 % de capacidade<\/td>\n<\/tr>\n<tr>\n<td>\n<h3>Opera\u00e7\u00e3o e design modulares<\/h3>\n<\/td>\n<\/tr>\n<tr>\n<td><strong>Design modular:<\/strong><\/td>\n<td>Conex\u00e3o em cadeia ao sistema PowerMax<\/td>\n<\/tr>\n<tr>\n<td><strong>Capacidade modular m\u00e1xima:<\/strong><\/td>\n<td>At\u00e9 57,6 kWh combinando m\u00f3dulos<\/td>\n<\/tr>\n<tr>\n<td><strong>Upload\/download simult\u00e2neo:<\/strong><\/td>\n<td>Permite opera\u00e7\u00e3o ininterrupta com a esta\u00e7\u00e3o principal<\/td>\n<\/tr>\n<tr>\n<td>\n<h3>Temperatura e condi\u00e7\u00f5es<\/h3>\n<\/td>\n<\/tr>\n<tr>\n<td><strong>Temperatura de descarga:<\/strong><\/td>\n<td>-20\u00b0C a 55\u00b0C<\/td>\n<\/tr>\n<tr>\n<td><strong>Temperatura de carregamento:<\/strong><\/td>\n<td>0 \u00b0C a 50 \u00b0C<\/td>\n<\/tr>\n<tr>\n<td>\n<h3>Outras caracter\u00edsticas<\/h3>\n<\/td>\n<td>\n<ul>\n<li>Expans\u00e3o simples sem fia\u00e7\u00e3o complexa<\/li>\n<li>Bateria de longa dura\u00e7\u00e3o<\/li>\n<li>Gerenciamento Integrado de Energia (BMS)<\/li>\n<li>Suporte a v\u00e1rios m\u00f3dulos<\/li>\n<li>Sistema seguro com prote\u00e7\u00e3o t\u00e9rmica e contra sobrecarga<\/li>\n<\/ul>\n<\/td>\n<\/tr>\n<tr>\n<td><strong>Uso recomendado:<\/strong><\/td>\n<td>Expans\u00e3o para backup dom\u00e9stico, acampamento prolongado, energia modular<\/td>\n<\/tr>\n<tr>\n<td>\n<h3>Conte\u00fado da embalagem<\/h3>\n<\/td>\n<td><\/td>\n<\/tr>\n<tr>\n<td><strong>OSCAL BP3600<\/strong><\/td>\n<td><\/td>\n<\/tr>\n<tr>\n<td><strong>Cabo de conex\u00e3o modular<\/strong><\/td>\n<td><\/td>\n<\/tr>\n<tr>\n<td><strong>Manual do Usu\u00e1rio<\/strong><\/td>\n<td><\/td>\n<\/tr>\n<\/tbody>\n<\/table>","protected":false},"excerpt":{"rendered":"<h4>\u27a1\ufe0f\ud83d\udce6 Temos 1 unidade em estoque. Envio em 48-72 horas.<\/h4>\n<p>Ele <strong data-start=\"1707\" data-end=\"1723\">OSCAL BP3600<\/strong> \u00e9 o m\u00f3dulo que d\u00e1 vida ilimitada \u00e0 sua esta\u00e7\u00e3o PowerMax. Com <strong data-start=\"1787\" data-end=\"1810\">3600 Wh adicionais<\/strong>, permite que voc\u00ea transforme sua instala\u00e7\u00e3o de energia modular em uma usina de energia robusta, capaz de abastecer resid\u00eancias, ferramentas ou sistemas de emerg\u00eancia por dias.<\/p>","protected":false},"featured_media":9322,"comment_status":"open","ping_status":"closed","template":"","meta":{"_acf_changed":false},"product_brand":[335],"product_cat":[336,339,338],"product_tag":[],"class_list":{"0":"post-9320","1":"product","2":"type-product","3":"status-publish","4":"has-post-thumbnail","6":"product_brand-oscal","7":"product_cat-estaciones-de-carga-portatil","8":"product_cat-otros-productos","9":"product_cat-productos","10":"product_shipping_class-productos-pesados","12":"first","13":"onbackorder","14":"sale","15":"shipping-taxable","16":"purchasable","17":"product-type-variable","18":"has-default-attributes"},"acf":[],"_links":{"self":[{"href":"https:\/\/blackviewphones.com\/pt\/wp-json\/wp\/v2\/product\/9320","targetHints":{"allow":["GET"]}}],"collection":[{"href":"https:\/\/blackviewphones.com\/pt\/wp-json\/wp\/v2\/product"}],"about":[{"href":"https:\/\/blackviewphones.com\/pt\/wp-json\/wp\/v2\/types\/product"}],"replies":[{"embeddable":true,"href":"https:\/\/blackviewphones.com\/pt\/wp-json\/wp\/v2\/comments?post=9320"}],"version-history":[{"count":0,"href":"https:\/\/blackviewphones.com\/pt\/wp-json\/wp\/v2\/product\/9320\/revisions"}],"wp:featuredmedia":[{"embeddable":true,"href":"https:\/\/blackviewphones.com\/pt\/wp-json\/wp\/v2\/media\/9322"}],"wp:attachment":[{"href":"https:\/\/blackviewphones.com\/pt\/wp-json\/wp\/v2\/media?parent=9320"}],"wp:term":[{"taxonomy":"product_brand","embeddable":true,"href":"https:\/\/blackviewphones.com\/pt\/wp-json\/wp\/v2\/product_brand?post=9320"},{"taxonomy":"product_cat","embeddable":true,"href":"https:\/\/blackviewphones.com\/pt\/wp-json\/wp\/v2\/product_cat?post=9320"},{"taxonomy":"product_tag","embeddable":true,"href":"https:\/\/blackviewphones.com\/pt\/wp-json\/wp\/v2\/product_tag?post=9320"}],"curies":[{"name":"wp","href":"https:\/\/api.w.org\/{rel}","templated":true}]}}