

{"id":9257,"date":"2025-10-27T16:18:02","date_gmt":"2025-10-27T15:18:02","guid":{"rendered":"https:\/\/blackviewphones.com\/?post_type=product&#038;p=9257"},"modified":"2026-02-13T13:54:11","modified_gmt":"2026-02-13T12:54:11","slug":"bateria-oscal-bp1800","status":"publish","type":"product","link":"https:\/\/blackviewphones.com\/pt\/product\/oscal-bp1800-pack-bateria\/","title":{"rendered":"Oscal BP1800 (Pacote de Bateria)"},"content":{"rendered":"<h1 class=\"product_title entry-title\">Oscal BP1800 (Pacote de Bateria)<\/h1>\n<h4>\u27a1\ufe0f\ud83d\udce6 Este produto tem um prazo m\u00ednimo de envio de 15 dias \u00fateis.<\/h4>\n<p>A foto \u00e9 do modelo PowerMax1800, e o BP1800 \u00e9 o modelo modular que expande a bateria, mas n\u00e3o temos fotos oficiais do BP1800.<\/p>\n<p>Nenhuma esta\u00e7\u00e3o de energia port\u00e1til vem com pain\u00e9is solares inclu\u00eddos, eles s\u00e3o vendidos separadamente em nossa loja.<\/p>\n<p>Ele <strong data-start=\"1202\" data-end=\"1218\">OSCAL BP1800<\/strong> \u00e9 o companheiro ideal para o <strong data-start=\"1247\" data-end=\"1264\">PowerMax 1800<\/strong>, pensado para quem precisa de maior autonomia energ\u00e9tica sem complica\u00e7\u00f5es.<br data-start=\"1342\" data-end=\"1345\" \/>Simplesmente conectando-o atrav\u00e9s de seu sistema modular, a capacidade total aumenta de <strong data-start=\"1421\" data-end=\"1442\">1024 Wh a 2048 Wh<\/strong>, dobrando o tempo de opera\u00e7\u00e3o dos seus dispositivos ao ar livre ou durante emerg\u00eancias.<\/p>\n<h2>Caracter\u00edsticas do OSCAL BP1800<\/h2>\n<table style=\"height: 1297px;\" width=\"1361\">\n<tbody>\n<tr>\n<td>\n<h3 id=\"sec-design\" class=\"k-h3\">Caracter\u00edsticas gerais<\/h3>\n<\/td>\n<\/tr>\n<tr>\n<td><strong>Modelo:<\/strong><\/td>\n<td>BP1800<\/td>\n<\/tr>\n<tr>\n<td><strong>Cara:<\/strong><\/td>\n<td>M\u00f3dulo de expans\u00e3o de bateria<\/td>\n<\/tr>\n<tr>\n<td><strong>Compatibilidade:<\/strong><\/td>\n<td>PowerMax 1800<\/td>\n<\/tr>\n<tr>\n<td><strong>Habilidade:<\/strong><\/td>\n<td>1024 Wh adicionais<\/td>\n<\/tr>\n<tr>\n<td><strong>Capacidade total combinada:<\/strong><\/td>\n<td>2048 Wh (com PowerMax 1800)<\/td>\n<\/tr>\n<tr>\n<td><strong>Tipo de Bateria:<\/strong><\/td>\n<td>LiFePO\u2084<\/td>\n<\/tr>\n<tr>\n<td><strong>Ciclos de vida:<\/strong><\/td>\n<td>\u2265 3500 ciclos at\u00e9 80 % de capacidade<\/td>\n<\/tr>\n<tr>\n<td>\n<h3>Projeto e opera\u00e7\u00e3o<\/h3>\n<\/td>\n<\/tr>\n<tr>\n<td><strong>Conex\u00e3o:<\/strong><\/td>\n<td>Modular direto, sem fio<\/td>\n<\/tr>\n<tr>\n<td><strong>Expans\u00e3o:<\/strong><\/td>\n<td>Duplica a capacidade energ\u00e9tica do sistema PowerMax 1800<\/td>\n<\/tr>\n<tr>\n<td><strong>Uso principal:<\/strong><\/td>\n<td>Backup dom\u00e9stico, acampamento, energia port\u00e1til<\/td>\n<\/tr>\n<tr>\n<td>\n<h3>Outras caracter\u00edsticas<\/h3>\n<\/td>\n<td>\n<ul>\n<li>Design empilh\u00e1vel e compacto<\/li>\n<li>Gerenciamento inteligente de energia (BMS integrado)<\/li>\n<li>Alta seguran\u00e7a t\u00e9rmica e el\u00e9trica<\/li>\n<li>Compat\u00edvel com controle remoto do aplicativo PowerMax<\/li>\n<\/ul>\n<\/td>\n<\/tr>\n<tr>\n<td>\n<h3>Conte\u00fado da embalagem<\/h3>\n<\/td>\n<td><\/td>\n<\/tr>\n<tr>\n<td><strong>OSCAL BP1800<\/strong><\/td>\n<td><\/td>\n<\/tr>\n<tr>\n<td><strong>Cabo ou conector modular<\/strong><\/td>\n<td><\/td>\n<\/tr>\n<tr>\n<td><strong>Manual do usu\u00e1rio<\/strong><\/td>\n<\/tr>\n<\/tbody>\n<\/table>","protected":false},"excerpt":{"rendered":"<h4>\u27a1\ufe0f\ud83d\udce6 Este produto tem um prazo m\u00ednimo de envio de 15 dias \u00fateis.<\/h4>\n<p>A foto \u00e9 do modelo PowerMax1800, e o BP1800 \u00e9 o modelo modular que expande a bateria, mas n\u00e3o temos fotos oficiais do BP1800.<\/p>\n<p>Nenhuma esta\u00e7\u00e3o de energia port\u00e1til vem com pain\u00e9is solares inclu\u00eddos, eles s\u00e3o vendidos separadamente em nossa loja.<\/p>\n<p>Ele <strong data-start=\"1202\" data-end=\"1218\">OSCAL BP1800<\/strong> \u00e9 o companheiro ideal para o <strong data-start=\"1247\" data-end=\"1264\">PowerMax 1800<\/strong>, pensado para quem precisa de maior autonomia energ\u00e9tica sem complica\u00e7\u00f5es.<br data-start=\"1342\" data-end=\"1345\" \/>Simplesmente conectando-o atrav\u00e9s de seu sistema modular, a capacidade total aumenta de <strong data-start=\"1421\" data-end=\"1442\">1024 Wh a 2048 Wh<\/strong>, dobrando o tempo de opera\u00e7\u00e3o dos seus dispositivos ao ar livre ou durante emerg\u00eancias.<\/p>","protected":false},"featured_media":9260,"comment_status":"open","ping_status":"closed","template":"","meta":{"_acf_changed":false},"product_brand":[335],"product_cat":[336,339,338],"product_tag":[],"class_list":{"0":"post-9257","1":"product","2":"type-product","3":"status-publish","4":"has-post-thumbnail","6":"product_brand-oscal","7":"product_cat-estaciones-de-carga-portatil","8":"product_cat-otros-productos","9":"product_cat-productos","10":"product_shipping_class-productos-pesados","12":"first","13":"instock","14":"sale","15":"shipping-taxable","16":"purchasable","17":"product-type-variable","18":"has-default-attributes"},"acf":[],"_links":{"self":[{"href":"https:\/\/blackviewphones.com\/pt\/wp-json\/wp\/v2\/product\/9257","targetHints":{"allow":["GET"]}}],"collection":[{"href":"https:\/\/blackviewphones.com\/pt\/wp-json\/wp\/v2\/product"}],"about":[{"href":"https:\/\/blackviewphones.com\/pt\/wp-json\/wp\/v2\/types\/product"}],"replies":[{"embeddable":true,"href":"https:\/\/blackviewphones.com\/pt\/wp-json\/wp\/v2\/comments?post=9257"}],"version-history":[{"count":0,"href":"https:\/\/blackviewphones.com\/pt\/wp-json\/wp\/v2\/product\/9257\/revisions"}],"wp:featuredmedia":[{"embeddable":true,"href":"https:\/\/blackviewphones.com\/pt\/wp-json\/wp\/v2\/media\/9260"}],"wp:attachment":[{"href":"https:\/\/blackviewphones.com\/pt\/wp-json\/wp\/v2\/media?parent=9257"}],"wp:term":[{"taxonomy":"product_brand","embeddable":true,"href":"https:\/\/blackviewphones.com\/pt\/wp-json\/wp\/v2\/product_brand?post=9257"},{"taxonomy":"product_cat","embeddable":true,"href":"https:\/\/blackviewphones.com\/pt\/wp-json\/wp\/v2\/product_cat?post=9257"},{"taxonomy":"product_tag","embeddable":true,"href":"https:\/\/blackviewphones.com\/pt\/wp-json\/wp\/v2\/product_tag?post=9257"}],"curies":[{"name":"wp","href":"https:\/\/api.w.org\/{rel}","templated":true}]}}