

{"id":9245,"date":"2025-10-27T16:05:37","date_gmt":"2025-10-27T15:05:37","guid":{"rendered":"https:\/\/blackviewphones.com\/?post_type=product&#038;p=9245"},"modified":"2026-04-10T18:24:05","modified_gmt":"2026-04-10T16:24:05","slug":"carregador-de-carro-eletrico-oscal-ev7000","status":"publish","type":"product","link":"https:\/\/blackviewphones.com\/pt\/product\/cargador-de-coche-electricos-oscal-ev7000\/","title":{"rendered":"Carregador de carro el\u00e9trico Oscal EV7000"},"content":{"rendered":"<h1 class=\"product_title entry-title\">Carregador de carro el\u00e9trico Oscal EV7000<\/h1>\n<h4>\u27a1\ufe0f\ud83d\udce6 Este produto tem um prazo m\u00ednimo de envio de 15 dias \u00fateis.<\/h4>\n<p>Ele <strong data-start=\"895\" data-end=\"911\">OSCAL EV7000<\/strong> \u00e9 um carregador residencial para ve\u00edculos el\u00e9tricos projetado para oferecer <strong data-start=\"987\" data-end=\"1033\">desempenho completo, seguran\u00e7a e controle<\/strong>. Com uma pot\u00eancia m\u00e1xima de <strong data-start=\"1062\" data-end=\"1070\">7 kW<\/strong> e uma sa\u00edda de <strong data-start=\"1087\" data-end=\"1095\">32 A<\/strong>, voc\u00ea pode recarregar uma bateria de 50 kWh em aproximadamente 7 horas, duas vezes mais r\u00e1pido que com carregadores padr\u00e3o de 3,5 kW.<\/p>","protected":false},"excerpt":{"rendered":"<h4>\u27a1\ufe0f\ud83d\udce6 Este produto tem um prazo m\u00ednimo de envio de 15 dias \u00fateis.<\/h4>\n<p>\u26a1Inclui recursos inteligentes, como controle de aplicativo (Bluetooth\/Wi-Fi opcional), agendamento de carregamento fora do hor\u00e1rio de pico e acesso por cart\u00e3o RFID.<\/p>\n<p>\u26a1Al\u00e9m disso, sua ilumina\u00e7\u00e3o ambiente indica o status do carregamento em tempo real.<\/p>\n<p>\u26a1Feito com materiais resistentes a chamas UL94-V0 e protegido contra superaquecimento, o EV7000 combina estilo e seguran\u00e7a.<\/p>","protected":false},"featured_media":9247,"comment_status":"open","ping_status":"closed","template":"","meta":{"_acf_changed":false},"product_brand":[335],"product_cat":[338,340,336,339],"product_tag":[],"class_list":{"0":"post-9245","1":"product","2":"type-product","3":"status-publish","4":"has-post-thumbnail","6":"product_brand-oscal","7":"product_cat-productos","8":"product_cat-cargadores-electricos-para-vehiculos","9":"product_cat-estaciones-de-carga-portatil","10":"product_cat-otros-productos","11":"product_shipping_class-productos-pesados","13":"first","14":"instock","15":"sale","16":"shipping-taxable","17":"purchasable","18":"product-type-variable","19":"has-default-attributes"},"acf":[],"_links":{"self":[{"href":"https:\/\/blackviewphones.com\/pt\/wp-json\/wp\/v2\/product\/9245","targetHints":{"allow":["GET"]}}],"collection":[{"href":"https:\/\/blackviewphones.com\/pt\/wp-json\/wp\/v2\/product"}],"about":[{"href":"https:\/\/blackviewphones.com\/pt\/wp-json\/wp\/v2\/types\/product"}],"replies":[{"embeddable":true,"href":"https:\/\/blackviewphones.com\/pt\/wp-json\/wp\/v2\/comments?post=9245"}],"version-history":[{"count":0,"href":"https:\/\/blackviewphones.com\/pt\/wp-json\/wp\/v2\/product\/9245\/revisions"}],"wp:featuredmedia":[{"embeddable":true,"href":"https:\/\/blackviewphones.com\/pt\/wp-json\/wp\/v2\/media\/9247"}],"wp:attachment":[{"href":"https:\/\/blackviewphones.com\/pt\/wp-json\/wp\/v2\/media?parent=9245"}],"wp:term":[{"taxonomy":"product_brand","embeddable":true,"href":"https:\/\/blackviewphones.com\/pt\/wp-json\/wp\/v2\/product_brand?post=9245"},{"taxonomy":"product_cat","embeddable":true,"href":"https:\/\/blackviewphones.com\/pt\/wp-json\/wp\/v2\/product_cat?post=9245"},{"taxonomy":"product_tag","embeddable":true,"href":"https:\/\/blackviewphones.com\/pt\/wp-json\/wp\/v2\/product_tag?post=9245"}],"curies":[{"name":"wp","href":"https:\/\/api.w.org\/{rel}","templated":true}]}}