

{"id":9241,"date":"2025-10-27T15:55:26","date_gmt":"2025-10-27T14:55:26","guid":{"rendered":"https:\/\/blackviewphones.com\/?post_type=product&#038;p=9241"},"modified":"2026-02-26T16:05:53","modified_gmt":"2026-02-26T15:05:53","slug":"painel-solar-portatil-oscal-pm200-pro-200w","status":"publish","type":"product","link":"https:\/\/blackviewphones.com\/pt\/product\/oscal-pm200-pro-panel-solar-portatil-de-200w\/","title":{"rendered":"Oscal PM200 Pro \u2013 Painel Solar Port\u00e1til de 200 W"},"content":{"rendered":"<h1 class=\"product_title entry-title\">Oscal PM200 Pro \u2013 Painel Solar Port\u00e1til de 200 W<\/h1>\n<h3 class=\"product_title entry-title\">Monocristalino com Alta Efici\u00eancia<\/h3>\n<h4>\u27a1\ufe0f\ud83d\udce6 Este produto tem um prazo m\u00ednimo de envio de 15 dias \u00fateis.<\/h4>\n<p>Ele <strong data-start=\"644\" data-end=\"663\">Oscal PM200 Pro<\/strong> \u00e9 um painel solar port\u00e1til de alto desempenho projetado para quem busca energia limpa e confi\u00e1vel em qualquer lugar. Com seu <strong data-start=\"792\" data-end=\"820\">Pot\u00eancia m\u00e1xima de 200 W<\/strong> e c\u00e9lulas <strong data-start=\"830\" data-end=\"877\">monocristalino de alta efici\u00eancia (\u226521,7%)<\/strong>, Este painel converte a luz solar em energia \u00fatil mesmo em condi\u00e7\u00f5es menos favor\u00e1veis.<\/p>\n<h2>Recursos do OSCAL PM200 Pro<\/h2>\n<table style=\"height: 463px;\" width=\"1321\">\n<tbody>\n<tr>\n<td>\n<h3>Caracter\u00edsticas gerais<\/h3>\n<\/td>\n<\/tr>\n<tr>\n<td><strong>Modelo:<\/strong><\/td>\n<td>PM 200 Pro<\/td>\n<\/tr>\n<tr>\n<td><strong>Pot\u00eancia m\u00e1xima (Ppm):<\/strong><\/td>\n<td>200 W \u00b15%<\/td>\n<\/tr>\n<tr>\n<td><strong>Corrente m\u00e1xima (Im):<\/strong><\/td>\n<td>9,52A \u00b15%<\/td>\n<\/tr>\n<tr>\n<td><strong>Tens\u00e3o m\u00e1xima (Vm):<\/strong><\/td>\n<td>21 V \u00b15%<\/td>\n<\/tr>\n<tr>\n<td><strong>Tens\u00e3o de circuito aberto:<\/strong><\/td>\n<td>25,2 V \u00b15%<\/td>\n<\/tr>\n<tr>\n<td><strong>Corrente de curto-circuito:<\/strong><\/td>\n<td>11,42A \u00b15%<\/td>\n<\/tr>\n<tr>\n<td><strong>Lamina\u00e7\u00e3o celular:<\/strong><\/td>\n<td>ETFE<\/td>\n<\/tr>\n<tr>\n<td><strong>Tipo de c\u00e9lula:<\/strong><\/td>\n<td>sil\u00edcio monocristalino<\/td>\n<\/tr>\n<tr>\n<td><strong>Efici\u00eancia de transforma\u00e7\u00e3o:<\/strong><\/td>\n<td>\u226521,7%<\/td>\n<\/tr>\n<tr>\n<td><strong>Temperatura de opera\u00e7\u00e3o:<\/strong><\/td>\n<td>-10\u2103 ~ +65\u2103<\/td>\n<\/tr>\n<tr>\n<td><strong>Peso do produto:<\/strong><\/td>\n<td>7 kg \u00b11 kg<\/td>\n<\/tr>\n<tr>\n<td><strong>Dimens\u00f5es (desdobrado):<\/strong><\/td>\n<td>2349 \u00d7 536 \u00d7 25 mm<\/td>\n<\/tr>\n<tr>\n<td><strong>Dimens\u00f5es (dobrado):<\/strong><\/td>\n<td>536 \u00d7 618 \u00d7 54 mm<\/td>\n<\/tr>\n<\/tbody>\n<\/table>","protected":false},"excerpt":{"rendered":"<h4>\u27a1\ufe0f\ud83d\udce6 Este produto tem um prazo m\u00ednimo de envio de 15 dias \u00fateis.<\/h4>\n<p>\u26a1Obrigado a sua <strong data-start=\"986\" data-end=\"1003\">Laminado ETFE<\/strong> e seu design <strong data-start=\"1016\" data-end=\"1028\">dobr\u00e1vel<\/strong>, \u00e9 resistente, dur\u00e1vel e f\u00e1cil de transportar. Sua estrutura compacta e peso de apenas 7 kg o tornam ideal para <strong data-start=\"1144\" data-end=\"1250\">Camping, RVing, emerg\u00eancias ou uso di\u00e1rio com esta\u00e7\u00f5es port\u00e1teis como o Oscal PowerMax<\/strong>.<\/p>\n<p data-start=\"1255\" data-end=\"1413\">Ele <strong data-start=\"1258\" data-end=\"1271\">PM200 Pro<\/strong> garante estabilidade, seguran\u00e7a e efici\u00eancia energ\u00e9tica em todos os momentos, permitindo que voc\u00ea mantenha seus dispositivos carregados onde quer que esteja.<\/p>","protected":false},"featured_media":9243,"comment_status":"open","ping_status":"closed","template":"","meta":{"_acf_changed":false},"product_brand":[335],"product_cat":[338,336,339,337],"product_tag":[],"class_list":{"0":"post-9241","1":"product","2":"type-product","3":"status-publish","4":"has-post-thumbnail","6":"product_brand-oscal","7":"product_cat-productos","8":"product_cat-estaciones-de-carga-portatil","9":"product_cat-otros-productos","10":"product_cat-paneles-solares","11":"product_shipping_class-productos-pesados","13":"first","14":"instock","15":"sale","16":"shipping-taxable","17":"purchasable","18":"product-type-variable","19":"has-default-attributes"},"acf":[],"_links":{"self":[{"href":"https:\/\/blackviewphones.com\/pt\/wp-json\/wp\/v2\/product\/9241","targetHints":{"allow":["GET"]}}],"collection":[{"href":"https:\/\/blackviewphones.com\/pt\/wp-json\/wp\/v2\/product"}],"about":[{"href":"https:\/\/blackviewphones.com\/pt\/wp-json\/wp\/v2\/types\/product"}],"replies":[{"embeddable":true,"href":"https:\/\/blackviewphones.com\/pt\/wp-json\/wp\/v2\/comments?post=9241"}],"version-history":[{"count":0,"href":"https:\/\/blackviewphones.com\/pt\/wp-json\/wp\/v2\/product\/9241\/revisions"}],"wp:featuredmedia":[{"embeddable":true,"href":"https:\/\/blackviewphones.com\/pt\/wp-json\/wp\/v2\/media\/9243"}],"wp:attachment":[{"href":"https:\/\/blackviewphones.com\/pt\/wp-json\/wp\/v2\/media?parent=9241"}],"wp:term":[{"taxonomy":"product_brand","embeddable":true,"href":"https:\/\/blackviewphones.com\/pt\/wp-json\/wp\/v2\/product_brand?post=9241"},{"taxonomy":"product_cat","embeddable":true,"href":"https:\/\/blackviewphones.com\/pt\/wp-json\/wp\/v2\/product_cat?post=9241"},{"taxonomy":"product_tag","embeddable":true,"href":"https:\/\/blackviewphones.com\/pt\/wp-json\/wp\/v2\/product_tag?post=9241"}],"curies":[{"name":"wp","href":"https:\/\/api.w.org\/{rel}","templated":true}]}}