

{"id":9234,"date":"2025-10-27T15:48:18","date_gmt":"2025-10-27T14:48:18","guid":{"rendered":"https:\/\/blackviewphones.com\/?post_type=product&#038;p=9234"},"modified":"2026-04-21T17:24:08","modified_gmt":"2026-04-21T15:24:08","slug":"painel-solar-portatil-oscal-pm400-pro-400w","status":"publish","type":"product","link":"https:\/\/blackviewphones.com\/pt\/product\/oscal-pm400-pro-panel-solar-portatil-de-400w\/","title":{"rendered":"Oscal PM400 Pro \u2013 Painel Solar Port\u00e1til de 400 W"},"content":{"rendered":"<h1 class=\"product_title entry-title\">Oscal PM400 Pro \u2013 Painel Solar Port\u00e1til de 400 W<\/h1>\n<h3 class=\"product_title entry-title\">Monocristalino com Alta Efici\u00eancia<\/h3>\n<h4>\u27a1\ufe0f\ud83d\udce6 Este produto tem um prazo m\u00ednimo de envio de 15 dias \u00fateis.<\/h4>\n<p>Com at\u00e9 400 W de pot\u00eancia, c\u00e9lulas monocristalinas de alta efici\u00eancia e revestimento ETFE, projetado para desempenho excepcional em ambientes externos, ideal para usinas de energia port\u00e1teis.<\/p>\n<h2>Caracter\u00edsticas do painel solar port\u00e1til Oscal PM400 Pro de 400 W<\/h2>\n<table style=\"height: 473px;\" width=\"1326\">\n<tbody>\n<tr>\n<td>\n<h3 class=\"k-h3\">Caracter\u00edsticas gerais<\/h3>\n<\/td>\n<\/tr>\n<tr>\n<td><strong>Modelo:<\/strong><\/td>\n<td>PM400 Pro<\/td>\n<\/tr>\n<tr>\n<td><strong>Pot\u00eancia m\u00e1xima (Pmax):<\/strong><\/td>\n<td>400 W \u00b15%<\/td>\n<\/tr>\n<tr>\n<td><strong>Corrente na pot\u00eancia m\u00e1xima (Im):<\/strong><\/td>\n<td>10,1A \u00b15%<\/td>\n<\/tr>\n<tr>\n<td><strong>Tens\u00e3o na pot\u00eancia m\u00e1xima (Vm):<\/strong><\/td>\n<td>39,6 V \u00b15%<\/td>\n<\/tr>\n<tr>\n<td><strong>Tens\u00e3o de circuito aberto (Voc):<\/strong><\/td>\n<td>47,52 V \u00b15%<\/td>\n<\/tr>\n<tr>\n<td><strong>Corrente de curto-circuito (Isc):<\/strong><\/td>\n<td>11,11A \u00b15%<\/td>\n<\/tr>\n<tr>\n<td><strong>Lamina\u00e7\u00e3o celular:<\/strong><\/td>\n<td>ETFE<\/td>\n<\/tr>\n<tr>\n<td><strong>Tipo de c\u00e9lula:<\/strong><\/td>\n<td>Sil\u00edcio monocristalino<\/td>\n<\/tr>\n<tr>\n<td><strong>Efici\u00eancia de convers\u00e3o:<\/strong><\/td>\n<td>\u226522,7%<\/td>\n<\/tr>\n<tr>\n<td><strong>Temperatura de opera\u00e7\u00e3o:<\/strong><\/td>\n<td>-10 \u00b0C ~ +65 \u00b0C<\/td>\n<\/tr>\n<tr>\n<td><strong>Peso:<\/strong><\/td>\n<td>17 kg \u00b11 kg<\/td>\n<\/tr>\n<tr>\n<td><strong>Dimens\u00f5es (desdobrado):<\/strong><\/td>\n<td>2333 \u00d7 1048 \u00d7 25 mm<\/td>\n<\/tr>\n<tr>\n<td><strong>Dimens\u00f5es (dobrado):<\/strong><\/td>\n<td>532 \u00d7 1000 \u00d7 63 mm<\/td>\n<\/tr>\n<\/tbody>\n<\/table>","protected":false},"excerpt":{"rendered":"<h4>\u27a1\ufe0f\ud83d\udce6 Este produto tem um prazo m\u00ednimo de envio de 15 dias \u00fateis.<\/h4>\n<p>Ele <strong data-start=\"1258\" data-end=\"1271\">PM400 Pro<\/strong> garante estabilidade, seguran\u00e7a e efici\u00eancia energ\u00e9tica em todos os momentos, permitindo que voc\u00ea mantenha seus dispositivos carregados onde quer que esteja.<\/p>","protected":false},"featured_media":9238,"comment_status":"open","ping_status":"closed","template":"","meta":{"_acf_changed":false},"product_brand":[335],"product_cat":[338,336,339,337],"product_tag":[],"class_list":{"0":"post-9234","1":"product","2":"type-product","3":"status-publish","4":"has-post-thumbnail","6":"product_brand-oscal","7":"product_cat-productos","8":"product_cat-estaciones-de-carga-portatil","9":"product_cat-otros-productos","10":"product_cat-paneles-solares","11":"product_shipping_class-productos-pesados","13":"first","14":"onbackorder","15":"sale","16":"shipping-taxable","17":"purchasable","18":"product-type-variable","19":"has-default-attributes"},"acf":[],"_links":{"self":[{"href":"https:\/\/blackviewphones.com\/pt\/wp-json\/wp\/v2\/product\/9234","targetHints":{"allow":["GET"]}}],"collection":[{"href":"https:\/\/blackviewphones.com\/pt\/wp-json\/wp\/v2\/product"}],"about":[{"href":"https:\/\/blackviewphones.com\/pt\/wp-json\/wp\/v2\/types\/product"}],"replies":[{"embeddable":true,"href":"https:\/\/blackviewphones.com\/pt\/wp-json\/wp\/v2\/comments?post=9234"}],"version-history":[{"count":0,"href":"https:\/\/blackviewphones.com\/pt\/wp-json\/wp\/v2\/product\/9234\/revisions"}],"wp:featuredmedia":[{"embeddable":true,"href":"https:\/\/blackviewphones.com\/pt\/wp-json\/wp\/v2\/media\/9238"}],"wp:attachment":[{"href":"https:\/\/blackviewphones.com\/pt\/wp-json\/wp\/v2\/media?parent=9234"}],"wp:term":[{"taxonomy":"product_brand","embeddable":true,"href":"https:\/\/blackviewphones.com\/pt\/wp-json\/wp\/v2\/product_brand?post=9234"},{"taxonomy":"product_cat","embeddable":true,"href":"https:\/\/blackviewphones.com\/pt\/wp-json\/wp\/v2\/product_cat?post=9234"},{"taxonomy":"product_tag","embeddable":true,"href":"https:\/\/blackviewphones.com\/pt\/wp-json\/wp\/v2\/product_tag?post=9234"}],"curies":[{"name":"wp","href":"https:\/\/api.w.org\/{rel}","templated":true}]}}