

{"id":9221,"date":"2025-10-27T15:34:49","date_gmt":"2025-10-27T14:34:49","guid":{"rendered":"https:\/\/blackviewphones.com\/?post_type=product&#038;p=9221"},"modified":"2026-03-24T17:52:46","modified_gmt":"2026-03-24T16:52:46","slug":"oscal-powermax-2400","status":"publish","type":"product","link":"https:\/\/blackviewphones.com\/pt\/product\/oscal-powermax-2400\/","title":{"rendered":"OSCAL PowerMax 2400"},"content":{"rendered":"<h1 class=\"product_title entry-title\">OSCAL PowerMax 2400<\/h1>\n<h4>\u27a1\ufe0f\ud83d\udce6 Este produto tem um prazo m\u00ednimo de envio de 30 dias \u00fateis.<\/h4>\n<p data-start=\"1707\" data-end=\"2076\">\u2728 O <strong data-start=\"1710\" data-end=\"1733\">OSCAL PowerMax 2400<\/strong> combina pot\u00eancia, portabilidade e versatilidade em uma esta\u00e7\u00e3o de energia superior. Com <strong data-start=\"1821\" data-end=\"1851\">Capacidade base de 1.872 Wh<\/strong> e um investidor de <strong data-start=\"1869\" data-end=\"1896\">2400 W (pico de 4800 W)<\/strong>, voc\u00ea pode alimentar geladeiras, ferramentas el\u00e9tricas, sistemas de ilumina\u00e7\u00e3o e at\u00e9 mesmo sistemas de ilumina\u00e7\u00e3o residencial com total confian\u00e7a.<\/p>\n<p data-start=\"2078\" data-end=\"2398\">Viagem longa de van? Caminhada na natureza? Queda de energia inesperada em casa? O PowerMax 2400 \u00e9 o seu companheiro ideal. Gra\u00e7as ao seu design modular, voc\u00ea pode expandi-lo com m\u00f3dulos BP2400 at\u00e9 <strong data-start=\"2290\" data-end=\"2303\">20.592 Wh<\/strong>, obtendo dias ou semanas de autonomia sem preocupa\u00e7\u00f5es.<\/p>\n<p data-start=\"2400\" data-end=\"2989\">O carregamento r\u00e1pido est\u00e1 ao seu alcance: recarregue-o no <strong data-start=\"2449\" data-end=\"2477\">80 % em apenas 1,6 horas<\/strong> usando CA (at\u00e9 ~1.400 W) ou entrada solar (at\u00e9 800 W) em aproximadamente 2,8 horas.<br data-start=\"2611\" data-end=\"2614\" \/>Inclui uma grande variedade de sa\u00eddas: 4 tomadas CA, USB-C de 100 W, USB-A, DC5521, porta para carro e conector Anderson.<br data-start=\"2771\" data-end=\"2774\" \/>Sua bateria LiFePO\u2084 garante mais de <strong data-start=\"2810\" data-end=\"2826\">3.500 ciclos<\/strong> Capacidade de at\u00e9 80 %, suporte total a BMS e opera\u00e7\u00e3o segura em uma faixa de temperatura de \u201320\u00b0C a 45\u00b0C.<\/p>\n<h2>Caracter\u00edsticas OSCAL PowerMax 2400<\/h2>\n<table style=\"height: 1325px;\" width=\"1358\">\n<tbody>\n<tr>\n<td>\n<h3 id=\"sec-design\" class=\"k-h3\">Caracter\u00edsticas gerais<\/h3>\n<\/td>\n<\/tr>\n<tr>\n<td><strong>Modelo:<\/strong><\/td>\n<td>PowerMax 2400<\/td>\n<\/tr>\n<tr>\n<td><strong>Cara:<\/strong><\/td>\n<td>Esta\u00e7\u00e3o de energia port\u00e1til<\/td>\n<\/tr>\n<tr>\n<td><strong>Capacidade base:<\/strong><\/td>\n<td>1,872 Wh<\/td>\n<\/tr>\n<tr>\n<td><strong>Pot\u00eancia de sa\u00edda CA:<\/strong><\/td>\n<td>2.400 W (pico de 4.800 W)<\/td>\n<\/tr>\n<tr>\n<td><strong>Dimens\u00f5es:<\/strong><\/td>\n<td>47 \u00d7 29 \u00d7 32,6 cm<\/td>\n<\/tr>\n<tr>\n<td><strong>Peso:<\/strong><\/td>\n<td>25,5 kg<\/td>\n<\/tr>\n<tr>\n<td><strong>Tipo de Bateria:<\/strong><\/td>\n<td>LiFePO\u2084<\/td>\n<\/tr>\n<tr>\n<td><strong>Ciclos de vida:<\/strong><\/td>\n<td>\u2265 3.500 ciclos at\u00e9 80 % de capacidade<\/td>\n<\/tr>\n<tr>\n<td>\n<h3>Carregando \/ Entradas<\/h3>\n<\/td>\n<\/tr>\n<tr>\n<td><strong>Entrada CA:<\/strong><\/td>\n<td>At\u00e9 ~1.400 W (\u2248 1,6 h para carga completa)<\/td>\n<\/tr>\n<tr>\n<td><strong>Entrada solar (FV):<\/strong><\/td>\n<td>At\u00e9 800 W (\u2248 2,8 h para carga completa)<\/td>\n<\/tr>\n<tr>\n<td><strong>Entrada do carro (12V \/ 24V):<\/strong><\/td>\n<td>18 h (12 V) \/ 9 h (24 V)<\/td>\n<\/tr>\n<tr>\n<td>\n<h3>Partidas \/ Portos<\/h3>\n<\/td>\n<\/tr>\n<tr>\n<td><strong>Tomadas CA:<\/strong><\/td>\n<td>4 tomadas CA (2.400 W no total)<\/td>\n<\/tr>\n<tr>\n<td><strong>USB-C:<\/strong><\/td>\n<td>2 \u00d7 100 W<\/td>\n<\/tr>\n<tr>\n<td><strong>USB-A:<\/strong><\/td>\n<td>4 \u00d7 18 L<\/td>\n<\/tr>\n<tr>\n<td><strong>DC 5521:<\/strong><\/td>\n<td>2 \u00d7 60 W<\/td>\n<\/tr>\n<tr>\n<td><strong>Cigarro \/ carro:<\/strong><\/td>\n<td>1 \u00d7 240 W<\/td>\n<\/tr>\n<tr>\n<td><strong>Anderson:<\/strong><\/td>\n<td>1 \u00d7 240 W<\/td>\n<\/tr>\n<tr>\n<td>\n<h3>Temperatura de opera\u00e7\u00e3o<\/h3>\n<\/td>\n<\/tr>\n<tr>\n<td><strong>Descarga:<\/strong><\/td>\n<td>-20 \u00b0C a 45 \u00b0C<\/td>\n<\/tr>\n<tr>\n<td><strong>Carregamento\/Armazenamento:<\/strong><\/td>\n<td>(veja o intervalo no manual \u201310 \u00b0C a 45 \u00b0C sugerido)<\/td>\n<\/tr>\n<tr>\n<td>\n<h3>Outras caracter\u00edsticas<\/h3>\n<\/td>\n<td>\n<ul>\n<li>Expans\u00e3o modular de at\u00e9 20.592 Wh com m\u00f3dulos BP2400<\/li>\n<li>Comuta\u00e7\u00e3o UPS em 0,01 s<\/li>\n<li>Sistema de gerenciamento de bateria (BMS) com prote\u00e7\u00e3o contra sobrecarga, superaquecimento e curto-circuitos<\/li>\n<li>Capacidade de carga simult\u00e2nea (CA + solar)<\/li>\n<li>Design robusto para ambientes externos<\/li>\n<\/ul>\n<\/td>\n<\/tr>\n<tr>\n<td><strong>Uso recomendado:<\/strong><\/td>\n<td>Viagens, acampamentos prolongados, backup dom\u00e9stico, projetos ao ar livre<\/td>\n<\/tr>\n<tr>\n<td>\n<h3>Conte\u00fado da embalagem<\/h3>\n<\/td>\n<td><\/td>\n<\/tr>\n<tr>\n<td><strong>OSCAL PowerMax 2400<\/strong><\/td>\n<td><\/td>\n<\/tr>\n<tr>\n<td><strong>Cabo de carregamento CA<\/strong><\/td>\n<td><\/td>\n<\/tr>\n<tr>\n<td><strong>Cabo solar (FV)<\/strong><\/td>\n<td><\/td>\n<\/tr>\n<tr>\n<td><strong>Cabo\/adaptador para carro<\/strong><\/td>\n<td><\/td>\n<\/tr>\n<tr>\n<td><strong>Manual do Usu\u00e1rio<\/strong><\/td>\n<\/tr>\n<\/tbody>\n<\/table>","protected":false},"excerpt":{"rendered":"<h4>\u27a1\ufe0f\ud83d\udce6 Este produto tem um prazo m\u00ednimo de envio de 30 dias \u00fateis.<\/h4>\n<p>\u2728 O <strong data-start=\"1710\" data-end=\"1733\">OSCAL PowerMax 2400<\/strong> combina pot\u00eancia, portabilidade e versatilidade em uma esta\u00e7\u00e3o de energia superior. Com <strong data-start=\"1821\" data-end=\"1851\">Capacidade base de 1.872 Wh<\/strong> e um investidor de <strong data-start=\"1869\" data-end=\"1896\">2400 W (pico de 4800 W)<\/strong>, voc\u00ea pode alimentar geladeiras, ferramentas el\u00e9tricas, sistemas de ilumina\u00e7\u00e3o e at\u00e9 mesmo sistemas de ilumina\u00e7\u00e3o residencial com total confian\u00e7a.<\/p>","protected":false},"featured_media":9223,"comment_status":"open","ping_status":"closed","template":"","meta":{"_acf_changed":false},"product_brand":[335],"product_cat":[336],"product_tag":[],"class_list":{"0":"post-9221","1":"product","2":"type-product","3":"status-publish","4":"has-post-thumbnail","6":"product_brand-oscal","7":"product_cat-estaciones-de-carga-portatil","8":"product_shipping_class-productos-pesados","10":"first","11":"instock","12":"sale","13":"shipping-taxable","14":"purchasable","15":"product-type-variable","16":"has-default-attributes"},"acf":[],"_links":{"self":[{"href":"https:\/\/blackviewphones.com\/pt\/wp-json\/wp\/v2\/product\/9221","targetHints":{"allow":["GET"]}}],"collection":[{"href":"https:\/\/blackviewphones.com\/pt\/wp-json\/wp\/v2\/product"}],"about":[{"href":"https:\/\/blackviewphones.com\/pt\/wp-json\/wp\/v2\/types\/product"}],"replies":[{"embeddable":true,"href":"https:\/\/blackviewphones.com\/pt\/wp-json\/wp\/v2\/comments?post=9221"}],"version-history":[{"count":0,"href":"https:\/\/blackviewphones.com\/pt\/wp-json\/wp\/v2\/product\/9221\/revisions"}],"wp:featuredmedia":[{"embeddable":true,"href":"https:\/\/blackviewphones.com\/pt\/wp-json\/wp\/v2\/media\/9223"}],"wp:attachment":[{"href":"https:\/\/blackviewphones.com\/pt\/wp-json\/wp\/v2\/media?parent=9221"}],"wp:term":[{"taxonomy":"product_brand","embeddable":true,"href":"https:\/\/blackviewphones.com\/pt\/wp-json\/wp\/v2\/product_brand?post=9221"},{"taxonomy":"product_cat","embeddable":true,"href":"https:\/\/blackviewphones.com\/pt\/wp-json\/wp\/v2\/product_cat?post=9221"},{"taxonomy":"product_tag","embeddable":true,"href":"https:\/\/blackviewphones.com\/pt\/wp-json\/wp\/v2\/product_tag?post=9221"}],"curies":[{"name":"wp","href":"https:\/\/api.w.org\/{rel}","templated":true}]}}