

{"id":9149,"date":"2025-10-23T11:36:00","date_gmt":"2025-10-23T09:36:00","guid":{"rendered":"https:\/\/blackviewphones.com\/?post_type=product&#038;p=9149"},"modified":"2026-05-04T13:34:27","modified_gmt":"2026-05-04T11:34:27","slug":"projetor-blackview-xplore-2-esim","status":"publish","type":"product","link":"https:\/\/blackviewphones.com\/pt\/product\/blackview-xplore-2-proyector-esim\/","title":{"rendered":"Projetor Blackview Xplore 2: Projetor, lanterna e eSIM."},"content":{"rendered":"<h1>Projetor Blackview Xplore 2: Projetor, lanterna e eSIM.<\/h1>\n<p>Projetado para quem quer tudo em um \u00fanico dispositivo, o projetor XPLORE 2 combina durabilidade de n\u00edvel militar, conectividade 5G dupla, <strong>Lanterna potente, c\u00e2mera de vis\u00e3o noturna<\/strong> <em><strong>e um projetor port\u00e1til integrado<\/strong><\/em>. Al\u00e9m disso, \u00e9<strong> compat\u00edvel com <\/strong><em><strong>Netflix, Prime Video, Disney+, HBO Max, Hulu e YouTube.<\/strong><\/em><\/p>\n<p>Com at\u00e9 36 GB de RAM, at\u00e9 2 TB de armazenamento e Wi-Fi 6E, oferece desempenho excepcional tanto em ambientes externos quanto em ambientes profissionais exigentes. Possui uma bateria de 20.000 mAh com carregamento ultrarr\u00e1pido de 120 W, tela AMOLED 3.2K de 120 Hz e o poderoso chip Dimensity 8300 5G, proporcionando fluidez e pot\u00eancia excepcionais.<\/p>\n<h2>\ud83d\udcf2<strong> Compat\u00edvel com seus aplicativos favoritos: transforme qualquer parede em uma tela gigante para curtir s\u00e9ries, eventos esportivos ou apresenta\u00e7\u00f5es onde quer que voc\u00ea esteja.<\/strong><\/h2>\n<p>Desfrute de conte\u00fado diretamente das principais plataformas de streaming, incluindo Netflix, Prime Video, Disney+, HBO Max, Hulu e YouTube. Assista a filmes, s\u00e9ries, document\u00e1rios ou v\u00eddeos online com facilidade, sem precisar de dispositivos adicionais.<\/p>\n<p>Al\u00e9m disso, permite controlar facilmente a proje\u00e7\u00e3o a partir do seu smartphone ou atrav\u00e9s de um controle remoto compat\u00edvel, e aproveita a compatibilidade com aplicativos de reprodu\u00e7\u00e3o e streaming de v\u00eddeo instalados para projetar fotos, v\u00eddeos, apresenta\u00e7\u00f5es ou conte\u00fado diretamente dos seus aplicativos favoritos. O resultado \u00e9 uma ferramenta vers\u00e1til tanto para o trabalho quanto para o lazer.<\/p>","protected":false},"excerpt":{"rendered":"<p>Projetado para quem quer tudo em um \u00fanico dispositivo, o projetor XPLORE 2 combina durabilidade de n\u00edvel militar, conectividade 5G dupla,<strong> Lanterna potente, c\u00e2mera de vis\u00e3o noturna<\/strong> <em><strong>e um projetor port\u00e1til integrado.<\/strong> <\/em>Com at\u00e9 36 GB de RAM, at\u00e9 2 TB de armazenamento e Wi-Fi 6E, oferece desempenho excepcional tanto em ambientes externos quanto em ambientes profissionais exigentes.<\/p>","protected":false},"featured_media":11113,"comment_status":"open","ping_status":"closed","template":"","meta":{"_acf_changed":false},"product_brand":[287],"product_cat":[42,136,166,159],"product_tag":[],"class_list":{"0":"post-9149","1":"product","2":"type-product","3":"status-publish","4":"has-post-thumbnail","6":"product_brand-blackview","7":"product_cat-moviles-blackview","8":"product_cat-moviles-resistentes-rugerizados","9":"product_cat-moviles-resistentes-rugerizados-nuevos-modelos","10":"product_cat-ofertas","12":"first","13":"instock","14":"sale","15":"shipping-taxable","16":"purchasable","17":"product-type-variable","18":"has-default-attributes"},"acf":[],"_links":{"self":[{"href":"https:\/\/blackviewphones.com\/pt\/wp-json\/wp\/v2\/product\/9149","targetHints":{"allow":["GET"]}}],"collection":[{"href":"https:\/\/blackviewphones.com\/pt\/wp-json\/wp\/v2\/product"}],"about":[{"href":"https:\/\/blackviewphones.com\/pt\/wp-json\/wp\/v2\/types\/product"}],"replies":[{"embeddable":true,"href":"https:\/\/blackviewphones.com\/pt\/wp-json\/wp\/v2\/comments?post=9149"}],"version-history":[{"count":0,"href":"https:\/\/blackviewphones.com\/pt\/wp-json\/wp\/v2\/product\/9149\/revisions"}],"wp:featuredmedia":[{"embeddable":true,"href":"https:\/\/blackviewphones.com\/pt\/wp-json\/wp\/v2\/media\/11113"}],"wp:attachment":[{"href":"https:\/\/blackviewphones.com\/pt\/wp-json\/wp\/v2\/media?parent=9149"}],"wp:term":[{"taxonomy":"product_brand","embeddable":true,"href":"https:\/\/blackviewphones.com\/pt\/wp-json\/wp\/v2\/product_brand?post=9149"},{"taxonomy":"product_cat","embeddable":true,"href":"https:\/\/blackviewphones.com\/pt\/wp-json\/wp\/v2\/product_cat?post=9149"},{"taxonomy":"product_tag","embeddable":true,"href":"https:\/\/blackviewphones.com\/pt\/wp-json\/wp\/v2\/product_tag?post=9149"}],"curies":[{"name":"wp","href":"https:\/\/api.w.org\/{rel}","templated":true}]}}