

{"id":9080,"date":"2025-10-20T12:12:00","date_gmt":"2025-10-20T10:12:00","guid":{"rendered":"https:\/\/blackviewphones.com\/?post_type=product&#038;p=9080"},"modified":"2026-04-30T10:54:11","modified_gmt":"2026-04-30T08:54:11","slug":"carregador-de-dock-ativo-7","status":"publish","type":"product","link":"https:\/\/blackviewphones.com\/pt\/product\/cargador-dock-active-7\/","title":{"rendered":"Base de carregamento Blackview para Active 7"},"content":{"rendered":"<h1><span data-teams=\"true\">Base de carregamento Blackview para Active 7<\/span><\/h1>\n<div class=\"t4s-product__price-review\">\n<h2 class=\"t4s-price-stock t4s-price-stock-border__true t4s-d-flex t4s-align-items-center t4s-justify-content-between\"><strong>Vantagens da Base de Carregamento<\/strong><\/h2>\n<p class=\"t4s-price-stock t4s-price-stock-border__true t4s-d-flex t4s-align-items-center t4s-justify-content-between\"><strong style=\"font-size: 16px;\" data-start=\"2270\" data-end=\"2302\">Design compacto e robusto<\/strong><span style=\"font-size: 16px;\">, ideal para qualquer espa\u00e7o.<\/span><\/p>\n<\/div>\n<p data-start=\"2336\" data-end=\"2399\"><strong data-start=\"2336\" data-end=\"2353\">F\u00e1cil de usar<\/strong><\/p>\n<p data-start=\"2458\" data-end=\"2555\"><strong data-start=\"2458\" data-end=\"2504\">Compat\u00edvel exclusivamente com o Active7<\/strong>, oferecendo uma carga otimizada para este modelo.<\/p>\n<p data-start=\"2558\" data-end=\"2639\"><strong data-start=\"2558\" data-end=\"2581\">Vers\u00e1til e pr\u00e1tico<\/strong>, funciona em qualquer superf\u00edcie com conex\u00e3o el\u00e9trica.<\/p>\n<p>Ele vem com um cabo, mas n\u00e3o com a cabe\u00e7a.<\/p>","protected":false},"excerpt":{"rendered":"<div class=\"t4s-product__price-review\">\n<p class=\"t4s-price-stock t4s-price-stock-border__true t4s-d-flex t4s-align-items-center t4s-justify-content-between\"><strong>Vantagens da Base de Carregamento<\/strong><\/p>\n<h3 class=\"t4s-price-stock t4s-price-stock-border__true t4s-d-flex t4s-align-items-center t4s-justify-content-between\"><strong style=\"font-size: 16px;\" data-start=\"2270\" data-end=\"2302\">Design compacto e robusto<\/strong><span style=\"font-size: 16px;\">, ideal para qualquer espa\u00e7o.<\/span><\/h3>\n<\/div>\n<p data-start=\"2336\" data-end=\"2399\"><strong data-start=\"2336\" data-end=\"2353\">F\u00e1cil de usar<\/strong><\/p>\n<p data-start=\"2458\" data-end=\"2555\"><strong data-start=\"2458\" data-end=\"2504\">Compat\u00edvel exclusivamente com o Active7<\/strong>, oferecendo uma carga otimizada para este modelo.<\/p>\n<p data-start=\"2558\" data-end=\"2639\"><strong data-start=\"2558\" data-end=\"2581\">Vers\u00e1til e pr\u00e1tico<\/strong>, funciona em qualquer superf\u00edcie com conex\u00e3o el\u00e9trica.<\/p>\n<p>Ele vem com um cabo, mas n\u00e3o com a cabe\u00e7a.<\/p>","protected":false},"featured_media":10201,"comment_status":"closed","ping_status":"closed","template":"","meta":{"_acf_changed":false},"product_brand":[],"product_cat":[154,331],"product_tag":[],"class_list":{"0":"post-9080","1":"product","2":"type-product","3":"status-publish","4":"has-post-thumbnail","6":"product_cat-accesorios-blackview","7":"product_cat-accesorios-blackview-accesorios-para-tablets","9":"first","10":"instock","11":"sale","12":"shipping-taxable","13":"purchasable","14":"product-type-variable","15":"has-default-attributes"},"acf":[],"_links":{"self":[{"href":"https:\/\/blackviewphones.com\/pt\/wp-json\/wp\/v2\/product\/9080","targetHints":{"allow":["GET"]}}],"collection":[{"href":"https:\/\/blackviewphones.com\/pt\/wp-json\/wp\/v2\/product"}],"about":[{"href":"https:\/\/blackviewphones.com\/pt\/wp-json\/wp\/v2\/types\/product"}],"replies":[{"embeddable":true,"href":"https:\/\/blackviewphones.com\/pt\/wp-json\/wp\/v2\/comments?post=9080"}],"version-history":[{"count":0,"href":"https:\/\/blackviewphones.com\/pt\/wp-json\/wp\/v2\/product\/9080\/revisions"}],"wp:featuredmedia":[{"embeddable":true,"href":"https:\/\/blackviewphones.com\/pt\/wp-json\/wp\/v2\/media\/10201"}],"wp:attachment":[{"href":"https:\/\/blackviewphones.com\/pt\/wp-json\/wp\/v2\/media?parent=9080"}],"wp:term":[{"taxonomy":"product_brand","embeddable":true,"href":"https:\/\/blackviewphones.com\/pt\/wp-json\/wp\/v2\/product_brand?post=9080"},{"taxonomy":"product_cat","embeddable":true,"href":"https:\/\/blackviewphones.com\/pt\/wp-json\/wp\/v2\/product_cat?post=9080"},{"taxonomy":"product_tag","embeddable":true,"href":"https:\/\/blackviewphones.com\/pt\/wp-json\/wp\/v2\/product_tag?post=9080"}],"curies":[{"name":"wp","href":"https:\/\/api.w.org\/{rel}","templated":true}]}}