

{"id":8946,"date":"2025-10-06T10:12:51","date_gmt":"2025-10-06T08:12:51","guid":{"rendered":"https:\/\/blackviewphones.com\/?post_type=product&#038;p=8946"},"modified":"2026-04-13T14:25:57","modified_gmt":"2026-04-13T12:25:57","slug":"fones-de-ouvido-bluetooth-airbuds-30","status":"publish","type":"product","link":"https:\/\/blackviewphones.com\/pt\/product\/auriculares-bluetooth-airbuds-30\/","title":{"rendered":"Blackview Airbuds 30 \u2013 Com tradu\u00e7\u00e3o de IA"},"content":{"rendered":"<h1>Blackview Airbuds 30 \u2013 Com tradu\u00e7\u00e3o de IA<\/h1>\n<p>O <strong data-start=\"167\" data-end=\"191\">Blackview AirBuds 30<\/strong> combinam um design ergon\u00f4mico, ultraleve e elegante com uma experi\u00eancia auditiva de alto n\u00edvel. Gra\u00e7as \u00e0 sua <strong data-start=\"304\" data-end=\"334\">Drivers din\u00e2micos de 10 mm<\/strong>Eles oferecem um som potente e equilibrado, com graves profundos e agudos definidos. Seu formato se ajusta confortavelmente ao ouvido, permitindo uso prolongado sem desconforto, seja para praticar exerc\u00edcios, trabalhar ou curtir sua m\u00fasica favorita.<\/p>\n<p>Com conectividade <strong data-start=\"587\" data-end=\"604\">Bluetooth 5.4<\/strong> e compatibilidade de codecs <strong data-start=\"637\" data-end=\"648\">SBC\/AAC<\/strong>, garantem uma transmiss\u00e3o est\u00e1vel, r\u00e1pida e ininterrupta. Eles tamb\u00e9m incorporam uma de suas caracter\u00edsticas mais not\u00e1veis: <strong data-start=\"771\" data-end=\"833\">tradu\u00e7\u00e3o em tempo real usando intelig\u00eancia artificial<\/strong>, ideal para viajantes, estudantes ou profissionais que se comunicam em v\u00e1rios idiomas. Resistente \u00e0 \u00e1gua <strong data-start=\"943\" data-end=\"951\">IPX7<\/strong> tornando-os perfeitos para atividades esportivas ou dias chuvosos.<\/p>","protected":false},"excerpt":{"rendered":"<p>\ud83c\udfa7 <strong data-start=\"75\" data-end=\"99\">Blackview AirBuds 30<\/strong> \u2014 Som potente, design leve!<br data-start=\"133\" data-end=\"136\" \/>Desfrute de graves profundos e agudos n\u00edtidos com seu <strong data-start=\"190\" data-end=\"210\">Drivers de 10 mm<\/strong>, conex\u00e3o <strong data-start=\"221\" data-end=\"238\" data-is-only-node=\"\">Bluetooth 5.4<\/strong> \ud83d\udd17 e resist\u00eancia <strong data-start=\"256\" data-end=\"264\">IPX7<\/strong> \ud83d\udca7.<br data-start=\"268\" data-end=\"271\" \/>Com at\u00e9 <strong data-start=\"281\" data-end=\"302\">30 horas de autonomia<\/strong> \ud83d\udd0b e <strong data-start=\"308\" data-end=\"337\">tradu\u00e7\u00e3o em tempo real<\/strong> em mais de 130 idiomas \ud83c\udf0d, eles s\u00e3o seus fones de ouvido ideais para m\u00fasica, esportes ou viagens \u2708\ufe0f.<\/p>\n<div id=\"gtx-trans\" style=\"position: absolute; left: -8px; top: -10px;\">\n<div class=\"gtx-trans-icon\"><\/div>\n<\/div>","protected":false},"featured_media":12525,"comment_status":"closed","ping_status":"closed","template":"","meta":{"_acf_changed":false},"product_brand":[287],"product_cat":[154,156],"product_tag":[],"class_list":{"0":"post-8946","1":"product","2":"type-product","3":"status-publish","4":"has-post-thumbnail","6":"product_brand-blackview","7":"product_cat-accesorios-blackview","8":"product_cat-accesorios-blackview-auriculares","10":"first","11":"instock","12":"sale","13":"shipping-taxable","14":"purchasable","15":"product-type-variable","16":"has-default-attributes"},"acf":[],"_links":{"self":[{"href":"https:\/\/blackviewphones.com\/pt\/wp-json\/wp\/v2\/product\/8946","targetHints":{"allow":["GET"]}}],"collection":[{"href":"https:\/\/blackviewphones.com\/pt\/wp-json\/wp\/v2\/product"}],"about":[{"href":"https:\/\/blackviewphones.com\/pt\/wp-json\/wp\/v2\/types\/product"}],"replies":[{"embeddable":true,"href":"https:\/\/blackviewphones.com\/pt\/wp-json\/wp\/v2\/comments?post=8946"}],"version-history":[{"count":0,"href":"https:\/\/blackviewphones.com\/pt\/wp-json\/wp\/v2\/product\/8946\/revisions"}],"wp:featuredmedia":[{"embeddable":true,"href":"https:\/\/blackviewphones.com\/pt\/wp-json\/wp\/v2\/media\/12525"}],"wp:attachment":[{"href":"https:\/\/blackviewphones.com\/pt\/wp-json\/wp\/v2\/media?parent=8946"}],"wp:term":[{"taxonomy":"product_brand","embeddable":true,"href":"https:\/\/blackviewphones.com\/pt\/wp-json\/wp\/v2\/product_brand?post=8946"},{"taxonomy":"product_cat","embeddable":true,"href":"https:\/\/blackviewphones.com\/pt\/wp-json\/wp\/v2\/product_cat?post=8946"},{"taxonomy":"product_tag","embeddable":true,"href":"https:\/\/blackviewphones.com\/pt\/wp-json\/wp\/v2\/product_tag?post=8946"}],"curies":[{"name":"wp","href":"https:\/\/api.w.org\/{rel}","templated":true}]}}