

{"id":8922,"date":"2025-10-02T11:04:23","date_gmt":"2025-10-02T09:04:23","guid":{"rendered":"https:\/\/blackviewphones.com\/?post_type=product&#038;p=8922"},"modified":"2026-04-13T17:24:37","modified_gmt":"2026-04-13T15:24:37","slug":"tablet-blackview-tab-60-pro-24-gb-ram-128-gb-rom-pack","status":"publish","type":"product","link":"https:\/\/blackviewphones.com\/pt\/product\/tablet-blackview-tab-60-pro-24-gb-ram-128-gb-rom-pack\/","title":{"rendered":"Tablet Blackview Tab 60 Pro | Pacote com 24 GB de RAM e 128 GB de ROM"},"content":{"rendered":"<h1>Tablet Blackview Tab 60 Pro | Pacote com 24 GB de RAM e 128 GB de ROM<\/h1>\n<p><strong>\ud83c\udf81 Esta vers\u00e3o inclui carregador, caneta stylus, mouse, pel\u00edcula protetora de vidro temperado, teclado e capa. \ud83c\udf81<\/strong><\/p>\n<p>Descubra o Tablet <strong>Blackview Tab 60 Pro <\/strong>da marca Blackview, uma boa op\u00e7\u00e3o em termos de qualidade \u2013 pre\u00e7o, compat\u00edvel com<em> Widevine L1 e Wifi5<\/em>. Com uma bateria de 7700 mAh e o sistema operacional <strong>Androide 15<\/strong>. <span data-spm-anchor-id=\"a2g0o.detail.1000023.i6.416912c6ea8IFf\">Possui um estilo elegante, minimalista e simples. Com medidas de\u00a0 <strong>8,5<\/strong><\/span><strong data-spm-anchor-id=\"a2g0o.detail.1000023.i7.416912c6ea8IFf\">\u00a0mm de largura <\/strong><span data-spm-anchor-id=\"a2g0o.detail.1000023.i7.416912c6ea8IFf\">e peso de <\/span><strong>543 gramas.<\/strong> Ele tamb\u00e9m tem 8 GB de RAM expans\u00edvel <strong>at\u00e9 24 GB<\/strong> e <strong>128 GB de ROM<\/strong> e expans\u00edvel <strong>at\u00e9 2 TB<\/strong> com cart\u00e3o de mem\u00f3ria. Al\u00e9m disso, um teclado sem fio pode ser adaptado para melhor utiliza\u00e7\u00e3o. <strong>Tab 60 Pro compat\u00edvel com Widevine L1<\/strong> Transmiss\u00e3o ao m\u00e1ximo Aproveite a melhor experi\u00eancia de streaming com o Tab 60 Pro. Mergulhe no luxo de assistir aos seus filmes favoritos na excelente resolu\u00e7\u00e3o de 1080P. Com certifica\u00e7\u00e3o Widevine L1, este tablet garante qualidade de v\u00eddeo incompar\u00e1vel, levando seu prazer de visualiza\u00e7\u00e3o a novos patamares. *Suporta experi\u00eancia de visualiza\u00e7\u00e3o de m\u00eddia de streaming de 1080p: Disney+, Prime Video, Netflix, YouTube e HBO.<\/p>\n<p>&nbsp;<\/p>","protected":false},"excerpt":{"rendered":"<p><strong>\ud83c\udf81 Esta vers\u00e3o inclui carregador, caneta stylus, mouse, teclado, pel\u00edcula protetora de vidro temperado e capa. \ud83c\udf81<\/strong><\/p>\n<p>Comprimido convencional<\/p>\n<p>Unisoc T606<\/p>\n<p>Compat\u00edvel com Wideline L1<\/p>\n<p>Android 15 | Modo PC<\/p>\n<p>7700 mAh<\/p>\n<p>242,7*161,5*8,5 mil\u00edmetros<\/p>\n<p>Peso 543 g | Tela de 10,1\u2033<\/p>\n<p>8 GB + 16 GB de RAM, 128 GB de ROM<\/p>","protected":false},"featured_media":12137,"comment_status":"closed","ping_status":"closed","template":"","meta":{"_acf_changed":false},"product_brand":[287],"product_cat":[332,159,95,328],"product_tag":[],"class_list":{"0":"post-8922","1":"product","2":"type-product","3":"status-publish","4":"has-post-thumbnail","6":"product_brand-blackview","7":"product_cat-reservar-moviles-blackview","8":"product_cat-ofertas","9":"product_cat-tablets-blackview","10":"product_cat-tablets-blackview-tablets-inteligentes-blackview","12":"first","13":"instock","14":"sale","15":"shipping-taxable","16":"purchasable","17":"product-type-variable","18":"has-default-attributes"},"acf":[],"_links":{"self":[{"href":"https:\/\/blackviewphones.com\/pt\/wp-json\/wp\/v2\/product\/8922","targetHints":{"allow":["GET"]}}],"collection":[{"href":"https:\/\/blackviewphones.com\/pt\/wp-json\/wp\/v2\/product"}],"about":[{"href":"https:\/\/blackviewphones.com\/pt\/wp-json\/wp\/v2\/types\/product"}],"replies":[{"embeddable":true,"href":"https:\/\/blackviewphones.com\/pt\/wp-json\/wp\/v2\/comments?post=8922"}],"version-history":[{"count":0,"href":"https:\/\/blackviewphones.com\/pt\/wp-json\/wp\/v2\/product\/8922\/revisions"}],"wp:featuredmedia":[{"embeddable":true,"href":"https:\/\/blackviewphones.com\/pt\/wp-json\/wp\/v2\/media\/12137"}],"wp:attachment":[{"href":"https:\/\/blackviewphones.com\/pt\/wp-json\/wp\/v2\/media?parent=8922"}],"wp:term":[{"taxonomy":"product_brand","embeddable":true,"href":"https:\/\/blackviewphones.com\/pt\/wp-json\/wp\/v2\/product_brand?post=8922"},{"taxonomy":"product_cat","embeddable":true,"href":"https:\/\/blackviewphones.com\/pt\/wp-json\/wp\/v2\/product_cat?post=8922"},{"taxonomy":"product_tag","embeddable":true,"href":"https:\/\/blackviewphones.com\/pt\/wp-json\/wp\/v2\/product_tag?post=8922"}],"curies":[{"name":"wp","href":"https:\/\/api.w.org\/{rel}","templated":true}]}}