

{"id":8803,"date":"2025-09-22T11:58:49","date_gmt":"2025-09-22T09:58:49","guid":{"rendered":"https:\/\/blackviewphones.com\/?post_type=product&#038;p=8803"},"modified":"2026-04-17T10:22:16","modified_gmt":"2026-04-17T08:22:16","slug":"mini-pc-blackview-mp100-amd","status":"publish","type":"product","link":"https:\/\/blackviewphones.com\/pt\/product\/mp100-mini-pc-blackview-amd\/","title":{"rendered":"Mini PC Blackview MP100 \u2013 AMD Ryzen 5 (7430U)"},"content":{"rendered":"<h1>Mini PC Blackview MP100 \u2013 AMD Ryzen 5 (7430U)<\/h1>\n<h2><strong>O poder de um PC de mesa no tamanho da sua m\u00e3o<\/strong><\/h2>\n<p>Ele <strong>Mini PC Blackview MP100<\/strong> Prova que voc\u00ea n\u00e3o precisa de uma torre gigante para desfrutar de um computador potente e vers\u00e1til. Com um design ultracompacto, elegante e silencioso, este minicomputador concentra tudo o que voc\u00ea precisa para <strong>trabalhar, estudar, criar conte\u00fado ou aproveitar seu tempo livre<\/strong>. Dispon\u00edvel em duas vers\u00f5es, com <strong>16 GB de RAM + 512 GB de SSD<\/strong> qualquer <strong>32 GB de RAM + 1 TB de SSD<\/strong>, voc\u00ea sempre ter\u00e1 op\u00e7\u00f5es de desempenho e armazenamento adequadas \u00e0s suas necessidades.<\/p>\n<p><em>Este terminal vem com o Windows 11 PRO com uma licen\u00e7a OEM vital\u00edcia; esta licen\u00e7a est\u00e1 vinculada ao hardware do computador e n\u00e3o pode ser transferida para outro computador.<\/em><\/p>","protected":false},"excerpt":{"rendered":"<p>Pot\u00eancia impressionante em um tamanho compacto: o Blackview MP100 conta com um processador Ryzen 5, SSD de at\u00e9 1 TB e 32 GB de RAM! Windows 11 Pro, m\u00faltiplas portas e desempenho para trabalho, entretenimento e muito mais.<\/p>\n<p><strong>Este terminal vem com o Windows 11 PRO com uma licen\u00e7a OEM vital\u00edcia; esta licen\u00e7a est\u00e1 vinculada ao hardware do computador e n\u00e3o pode ser transferida para outro computador.<\/strong><\/p>","protected":false},"featured_media":8811,"comment_status":"open","ping_status":"closed","template":"","meta":{"_acf_changed":false},"product_brand":[287],"product_cat":[349],"product_tag":[],"class_list":{"0":"post-8803","1":"product","2":"type-product","3":"status-publish","4":"has-post-thumbnail","6":"product_brand-blackview","7":"product_cat-sin-categoria","9":"first","10":"outofstock","11":"sale","12":"shipping-taxable","13":"purchasable","14":"product-type-variable","15":"has-default-attributes"},"acf":[],"_links":{"self":[{"href":"https:\/\/blackviewphones.com\/pt\/wp-json\/wp\/v2\/product\/8803","targetHints":{"allow":["GET"]}}],"collection":[{"href":"https:\/\/blackviewphones.com\/pt\/wp-json\/wp\/v2\/product"}],"about":[{"href":"https:\/\/blackviewphones.com\/pt\/wp-json\/wp\/v2\/types\/product"}],"replies":[{"embeddable":true,"href":"https:\/\/blackviewphones.com\/pt\/wp-json\/wp\/v2\/comments?post=8803"}],"version-history":[{"count":1,"href":"https:\/\/blackviewphones.com\/pt\/wp-json\/wp\/v2\/product\/8803\/revisions"}],"predecessor-version":[{"id":13456,"href":"https:\/\/blackviewphones.com\/pt\/wp-json\/wp\/v2\/product\/8803\/revisions\/13456"}],"wp:featuredmedia":[{"embeddable":true,"href":"https:\/\/blackviewphones.com\/pt\/wp-json\/wp\/v2\/media\/8811"}],"wp:attachment":[{"href":"https:\/\/blackviewphones.com\/pt\/wp-json\/wp\/v2\/media?parent=8803"}],"wp:term":[{"taxonomy":"product_brand","embeddable":true,"href":"https:\/\/blackviewphones.com\/pt\/wp-json\/wp\/v2\/product_brand?post=8803"},{"taxonomy":"product_cat","embeddable":true,"href":"https:\/\/blackviewphones.com\/pt\/wp-json\/wp\/v2\/product_cat?post=8803"},{"taxonomy":"product_tag","embeddable":true,"href":"https:\/\/blackviewphones.com\/pt\/wp-json\/wp\/v2\/product_tag?post=8803"}],"curies":[{"name":"wp","href":"https:\/\/api.w.org\/{rel}","templated":true}]}}