

{"id":8787,"date":"2025-09-22T10:09:55","date_gmt":"2025-09-22T08:09:55","guid":{"rendered":"https:\/\/blackviewphones.com\/?post_type=product&#038;p=8787"},"modified":"2026-04-22T11:04:33","modified_gmt":"2026-04-22T09:04:33","slug":"blackview-ativo-7","status":"publish","type":"product","link":"https:\/\/blackviewphones.com\/pt\/product\/active-7-blackview\/","title":{"rendered":"Blackview Ativo 7"},"content":{"rendered":"<h1>Blackview Active 7: O tablet robusto projetado para aventuras extremas<\/h1>\n<p>O <strong>Blackview Ativo 7<\/strong> \u00e9 um <strong>Tablet robusto de 11 polegadas<\/strong> Projetado para quem precisa de um aparelho robusto, potente e vers\u00e1til. Com certifica\u00e7\u00f5es <strong>IP68 e IP69K<\/strong> e padr\u00e3o militar <strong>Norma MIL-STD-810H<\/strong>, Projetado para resistir a quedas, \u00e1gua, poeira e condi\u00e7\u00f5es extremas. Uma escolha perfeita para trabalhadores de campo, aventureiros e usu\u00e1rios exigentes que buscam um tablet praticamente indestrut\u00edvel. Inclui uma caneta stylus.<\/p>\n<h3>Tela FHD+ de 11 polegadas com Gorilla Glass 5<\/h3>\n<p>Dele <strong>Tela IPS de 11\u201d<\/strong> oferece resolu\u00e7\u00e3o FHD+, cores vivas e amplos \u00e2ngulos de vis\u00e3o. O vidro refor\u00e7ado <strong>Gorilla Glass 5<\/strong> Oferece prote\u00e7\u00e3o adicional contra arranh\u00f5es e batidas, garantindo durabilidade em ambientes de trabalho exigentes ou atividades ao ar livre.<\/p>\n<h3>Bateria de 10.000 mAh com carregamento r\u00e1pido de 45 W<\/h3>\n<p>Um dos grandes pontos fortes do <strong>Blackview Ativo 7<\/strong> \u00e9 seu <strong>Bateria de 10.000 mAh<\/strong>, que proporciona autonomia para dias de uso intensivo. Gra\u00e7as ao <strong>Carregamento r\u00e1pido de 45 W<\/strong> e compatibilidade com <em>Esta\u00e7\u00e3o de ancoragem<\/em> Com 18 W, voc\u00ea sempre ter\u00e1 energia dispon\u00edvel para continuar trabalhando ou aproveitando seu tempo livre.<\/p>\n<h3>C\u00e2meras de vis\u00e3o noturna<\/h3>\n<p>Equipado com um <strong>C\u00e2mera principal de 16 MP<\/strong>, um inovador <strong>C\u00e2mera de vis\u00e3o noturna de 20 MP<\/strong> e um <strong>13 MP frontal<\/strong>O Blackview Active 7 permite capturar momentos mesmo em condi\u00e7\u00f5es de pouca luz. Ideal para inspe\u00e7\u00f5es noturnas, atividades de seguran\u00e7a ou aventuras na natureza.<\/p>\n<h3>Pot\u00eancia e armazenamento expans\u00edveis<\/h3>\n<p>Com seu <strong>8 GB de RAM<\/strong> (expans\u00edvel at\u00e9 16 GB via RAM virtual) e <strong>128 GB de armazenamento interno<\/strong>, expans\u00edvel at\u00e9 2 TB com cart\u00e3o TF, o <strong>Ativo 7<\/strong> Lida com aplicativos exigentes e multitarefas com facilidade. Seu processador de \u00faltima gera\u00e7\u00e3o garante desempenho est\u00e1vel para uso profissional e pessoal.<\/p>\n<h3>Recursos extras ao ar livre<\/h3>\n<ul>\n<li><strong>Luz de acampamento integrada<\/strong> feixe duplo, perfeito para atividades noturnas ou emerg\u00eancias.<\/li>\n<li><strong>Modo luva<\/strong> para poder usar o tablet mesmo em condi\u00e7\u00f5es de frio.<\/li>\n<li><strong>Desbloqueio facial e por impress\u00e3o digital<\/strong> para maior seguran\u00e7a e acesso mais r\u00e1pido.<\/li>\n<li><strong><strong>NFC e GPS m\u00faltiplo<\/strong><\/strong><\/li>\n<\/ul>\n<p>&nbsp;<\/p>\n<p>Que <strong data-start=\"2509\" data-end=\"2521\">N\u00c3O fa\u00e7a<\/strong> com este produto<\/p>\n<p data-start=\"2542\" data-end=\"2614\">Embora seja um tablet extremamente robusto, vale ter em mente:<\/p>\n<ul>\n<li style=\"list-style-type: none;\">\n<ul data-start=\"2616\" data-end=\"3236\">\n<li data-start=\"2616\" data-end=\"2725\">\n<p data-start=\"2618\" data-end=\"2725\">N\u00e3o mergulhe em l\u00edquidos corrosivos ou produtos qu\u00edmicos agressivos: a prote\u00e7\u00e3o IP \u00e9 projetada para \u00e1gua limpa.<\/p>\n<\/li>\n<li data-start=\"2726\" data-end=\"2825\">\n<p data-start=\"2728\" data-end=\"2825\">N\u00e3o o exponha a quedas de altura superior a 12 metros ou impactos com objetos cortantes.<\/p>\n<\/li>\n<li data-start=\"2826\" data-end=\"2926\">\n<p data-start=\"2828\" data-end=\"2926\">N\u00e3o carregue a bateria em temperaturas muito altas ou muito baixas, pois isso pode afetar sua vida \u00fatil.<\/p>\n<\/li>\n<li data-start=\"2927\" data-end=\"3078\">\n<p data-start=\"2929\" data-end=\"3078\">N\u00e3o o utilize como substituto de um PC de mesa: apesar do seu modo PC, seu peso (1,5 kg) e tamanho n\u00e3o s\u00e3o ideais para longas horas de trabalho fixo.<\/p>\n<\/li>\n<li data-start=\"3079\" data-end=\"3236\">\n<p data-start=\"3081\" data-end=\"3236\">N\u00e3o bloqueie aberturas ou portas com gabinetes ou acess\u00f3rios n\u00e3o certificados, pois isso pode afetar o desempenho do projetor ou a dissipa\u00e7\u00e3o de calor.<\/p>\n<\/li>\n<\/ul>\n<\/li>\n<\/ul>","protected":false},"excerpt":{"rendered":"<p data-start=\"44\" data-end=\"120\"><strong>O Blackview Active 7 \u00e9 um tablet robusto de 11 polegadas projetado para resistir a qualquer desafio: certifica\u00e7\u00f5es IP68\/IP69K, c\u00e2mera de vis\u00e3o noturna, bateria de 10.000 mAh com carregamento r\u00e1pido de 45 W e recursos extras como modo PC e lanterna para camping. Perfeito para atividades ao ar livre, trabalho ou aventuras.<\/strong><\/p>","protected":false},"featured_media":10239,"comment_status":"closed","ping_status":"closed","template":"","meta":{"_acf_changed":false},"product_brand":[],"product_cat":[95,159,281],"product_tag":[],"class_list":{"0":"post-8787","1":"product","2":"type-product","3":"status-publish","4":"has-post-thumbnail","6":"product_cat-tablets-blackview","7":"product_cat-ofertas","8":"product_cat-tablets-blackview-tablets-resistentes-blackview","10":"first","11":"instock","12":"sale","13":"shipping-taxable","14":"purchasable","15":"product-type-variable","16":"has-default-attributes"},"acf":[],"_links":{"self":[{"href":"https:\/\/blackviewphones.com\/pt\/wp-json\/wp\/v2\/product\/8787","targetHints":{"allow":["GET"]}}],"collection":[{"href":"https:\/\/blackviewphones.com\/pt\/wp-json\/wp\/v2\/product"}],"about":[{"href":"https:\/\/blackviewphones.com\/pt\/wp-json\/wp\/v2\/types\/product"}],"replies":[{"embeddable":true,"href":"https:\/\/blackviewphones.com\/pt\/wp-json\/wp\/v2\/comments?post=8787"}],"version-history":[{"count":0,"href":"https:\/\/blackviewphones.com\/pt\/wp-json\/wp\/v2\/product\/8787\/revisions"}],"wp:featuredmedia":[{"embeddable":true,"href":"https:\/\/blackviewphones.com\/pt\/wp-json\/wp\/v2\/media\/10239"}],"wp:attachment":[{"href":"https:\/\/blackviewphones.com\/pt\/wp-json\/wp\/v2\/media?parent=8787"}],"wp:term":[{"taxonomy":"product_brand","embeddable":true,"href":"https:\/\/blackviewphones.com\/pt\/wp-json\/wp\/v2\/product_brand?post=8787"},{"taxonomy":"product_cat","embeddable":true,"href":"https:\/\/blackviewphones.com\/pt\/wp-json\/wp\/v2\/product_cat?post=8787"},{"taxonomy":"product_tag","embeddable":true,"href":"https:\/\/blackviewphones.com\/pt\/wp-json\/wp\/v2\/product_tag?post=8787"}],"curies":[{"name":"wp","href":"https:\/\/api.w.org\/{rel}","templated":true}]}}