

{"id":8775,"date":"2025-09-22T09:32:25","date_gmt":"2025-09-22T07:32:25","guid":{"rendered":"https:\/\/blackviewphones.com\/?post_type=product&#038;p=8775"},"modified":"2026-04-01T12:03:32","modified_gmt":"2026-04-01T10:03:32","slug":"link-8-blackview","status":"publish","type":"product","link":"https:\/\/blackviewphones.com\/pt\/product\/link-8-blackview\/","title":{"rendered":"Tablet Blackview LINK 8 | 36 GB de RAM 256 GB de ROM"},"content":{"rendered":"<h1>Tablet Blackview LINK 8 | 12 GB + 24 GB de RAM 256 GB de ROM<\/h1>\n<p><strong>\ud83c\udf81 Esta vers\u00e3o inclui caneta stylus, fones de ouvido, pel\u00edcula protetora de vidro temperado, teclado, mouse e capa. \ud83c\udf81<\/strong><\/p>\n<p>O novo <strong data-start=\"318\" data-end=\"345\">Tablet Blackview LINK 8<\/strong> chega para transformar sua experi\u00eancia digital. Com uma <strong data-start=\"401\" data-end=\"446\">Tela de 12,7 polegadas e 90 Hz<\/strong>, um design ultraleve de apenas 8,4 mm, <strong data-start=\"486\" data-end=\"526\">Bateria de 8400 mAh com carregamento r\u00e1pido, <\/strong>com<strong data-start=\"486\" data-end=\"526\"> teclado sem fio<\/strong> e um <strong data-start=\"532\" data-end=\"551\">Caneta stylus inclu\u00edda. <\/strong>\u00c9 o companheiro ideal e perfeito para estudar, trabalhar ou desfrutar de momentos de lazer. Tamb\u00e9m inclui... <strong data-start=\"653\" data-end=\"689\">Modo PC, som est\u00e9reo Quad-BOX<\/strong> e sistema operacional <strong data-start=\"710\" data-end=\"747\">DokeOS P 4.2 baseado no Android 15<\/strong>, projetado para produtividade e lazer ilimitados.<\/p>\n<h2 data-start=\"1156\" data-end=\"1189\">\ud83d\udd0b Bateria de longa dura\u00e7\u00e3o<\/h2>\n<p data-start=\"1191\" data-end=\"1430\">Equipado com um <strong data-start=\"1208\" data-end=\"1231\">Bateria de 8400 mAh<\/strong> e <strong data-start=\"1234\" data-end=\"1258\">Carregamento r\u00e1pido de 18 W<\/strong>Este tablet oferece bateria que dura o dia todo. Seja em aulas, reuni\u00f5es ou assistindo a uma maratona de s\u00e9ries, voc\u00ea ter\u00e1 energia suficiente para continuar sem interrup\u00e7\u00f5es.<\/p>\n<h2 data-start=\"1437\" data-end=\"1473\">\ud83d\udda5\ufe0f Tela imersiva de 12,7\u2033<\/h2>\n<p data-start=\"1475\" data-end=\"1764\">Aproveite um <strong data-start=\"1491\" data-end=\"1557\">Tela IPS de 12,7 polegadas com resolu\u00e7\u00e3o de 2160x1600 e 90 Hz<\/strong>, com cores vivas e \u00f3tima nitidez. O design fino da moldura e a propor\u00e7\u00e3o tela-corpo do 86 % proporcionam uma experi\u00eancia de visualiza\u00e7\u00e3o imersiva, perfeita para leitura, multitarefa ou assistir a filmes.<\/p>","protected":false},"excerpt":{"rendered":"<p><strong>\ud83c\udf81 Esta vers\u00e3o inclui caneta stylus, fones de ouvido, pel\u00edcula protetora de vidro temperado, teclado, mouse e capa. \ud83c\udf81<\/strong><\/p>\n<p>O <strong data-start=\"2168\" data-end=\"2188\">Blackview LINK 8<\/strong> \u00c9 um tablet grande de 12,7&quot; com tela de 90 Hz, caneta stylus integrada e bateria de 8400 mAh. Ideal para assistir a programas de TV, ler, fazer anota\u00e7\u00f5es e trabalhar com conforto. Ultrafino (8,4 mm) e com grande capacidade de armazenamento.<\/p>","protected":false},"featured_media":12986,"comment_status":"open","ping_status":"closed","template":"","meta":{"_acf_changed":false},"product_brand":[287],"product_cat":[95,159,328],"product_tag":[],"class_list":{"0":"post-8775","1":"product","2":"type-product","3":"status-publish","4":"has-post-thumbnail","6":"product_brand-blackview","7":"product_cat-tablets-blackview","8":"product_cat-ofertas","9":"product_cat-tablets-blackview-tablets-inteligentes-blackview","11":"first","12":"instock","13":"sale","14":"shipping-taxable","15":"purchasable","16":"product-type-variable","17":"has-default-attributes"},"acf":[],"_links":{"self":[{"href":"https:\/\/blackviewphones.com\/pt\/wp-json\/wp\/v2\/product\/8775","targetHints":{"allow":["GET"]}}],"collection":[{"href":"https:\/\/blackviewphones.com\/pt\/wp-json\/wp\/v2\/product"}],"about":[{"href":"https:\/\/blackviewphones.com\/pt\/wp-json\/wp\/v2\/types\/product"}],"replies":[{"embeddable":true,"href":"https:\/\/blackviewphones.com\/pt\/wp-json\/wp\/v2\/comments?post=8775"}],"version-history":[{"count":0,"href":"https:\/\/blackviewphones.com\/pt\/wp-json\/wp\/v2\/product\/8775\/revisions"}],"wp:featuredmedia":[{"embeddable":true,"href":"https:\/\/blackviewphones.com\/pt\/wp-json\/wp\/v2\/media\/12986"}],"wp:attachment":[{"href":"https:\/\/blackviewphones.com\/pt\/wp-json\/wp\/v2\/media?parent=8775"}],"wp:term":[{"taxonomy":"product_brand","embeddable":true,"href":"https:\/\/blackviewphones.com\/pt\/wp-json\/wp\/v2\/product_brand?post=8775"},{"taxonomy":"product_cat","embeddable":true,"href":"https:\/\/blackviewphones.com\/pt\/wp-json\/wp\/v2\/product_cat?post=8775"},{"taxonomy":"product_tag","embeddable":true,"href":"https:\/\/blackviewphones.com\/pt\/wp-json\/wp\/v2\/product_tag?post=8775"}],"curies":[{"name":"wp","href":"https:\/\/api.w.org\/{rel}","templated":true}]}}