

{"id":8381,"date":"2025-08-11T14:23:40","date_gmt":"2025-08-11T12:23:40","guid":{"rendered":"https:\/\/blackviewphones.com\/?post_type=product&#038;p=8381"},"modified":"2026-03-31T14:05:31","modified_gmt":"2026-03-31T12:05:31","slug":"blackview-xplore-2","status":"publish","type":"product","link":"https:\/\/blackviewphones.com\/pt\/product\/blackview-xplore-2\/","title":{"rendered":"Blackview Xplore 2: Lanterna, NFC e eSIM"},"content":{"rendered":"<h1>Blackview Xplore 2: Lanterna, NFC e eSIM<\/h1>\n<p data-start=\"551\" data-end=\"780\">\ud83d\udcf1 <strong data-start=\"554\" data-end=\"588\">Tela AMOLED 3.2K imersiva<\/strong><br data-start=\"588\" data-end=\"591\" \/>Desfrute de uma experi\u00eancia visual superior na sua tela <strong data-start=\"650\" data-end=\"681\">AMOLED QHD de 6,73 polegadas<\/strong> com <strong data-start=\"686\" data-end=\"708\">Taxa de atualiza\u00e7\u00e3o de 120 Hz<\/strong>Cores vibrantes, nitidez excepcional e fluidez em cada movimento.<\/p>\n<p data-start=\"782\" data-end=\"1019\">\u26a1 <strong data-start=\"784\" data-end=\"809\">Desempenho impar\u00e1vel<\/strong><br data-start=\"809\" data-end=\"812\" \/>Equipado com o <strong data-start=\"828\" data-end=\"870\">Chipset MediaTek Dimensity 8300 (4 nm)<\/strong>, o XPLORE 2 oferece <strong data-start=\"891\" data-end=\"927\">velocidade, efici\u00eancia e pot\u00eancia<\/strong> para aplica\u00e7\u00f5es exigentes, multitarefa intensiva e conectividade 5G de \u00faltima gera\u00e7\u00e3o.<\/p>\n<p data-start=\"782\" data-end=\"1019\">\ud83d\udd26 <strong>Lanterna potente<\/strong><br data-start=\"1047\" data-end=\"1050\" \/>Possui uma lanterna de acampamento com pot\u00eancia de at\u00e9 <strong>467 l\u00famens <\/strong>que voc\u00ea pode usar a partir de ferramentas.<\/p>\n<p data-start=\"1021\" data-end=\"1210\">\ud83d\udcbe <strong data-start=\"1024\" data-end=\"1047\">Mem\u00f3ria em grande escala<\/strong><br data-start=\"1047\" data-end=\"1050\" \/>Com ampla capacidade de armazenamento e mem\u00f3ria RAM, voc\u00ea pode salvar tudo o que precisa e trabalhar sem interrup\u00e7\u00f5es, sem se preocupar com espa\u00e7o ou fluidez.<\/p>\n<p data-start=\"1212\" data-end=\"1411\">\ud83d\udd0b <strong data-start=\"1215\" data-end=\"1239\">Autonomia lend\u00e1ria<\/strong><br data-start=\"1239\" data-end=\"1242\" \/>O <strong data-start=\"1245\" data-end=\"1270\">Bateria de 20.000 mAh<\/strong> Redefine o significado de &quot;longa dura\u00e7\u00e3o&quot;. Esque\u00e7a o carregador por alguns dias e aproveite sua aventura ou dia de trabalho sem limites.<\/p>\n<p data-start=\"1413\" data-end=\"1531\">\u26a1 <strong data-start=\"1415\" data-end=\"1442\">Carregamento ultrarr\u00e1pido de 120 W<\/strong><br data-start=\"1442\" data-end=\"1445\" \/>Quando finalmente chegar a hora de recarregar as energias, voc\u00ea far\u00e1 isso em tempo recorde. Mais energia, menos espera.<\/p>\n<p data-start=\"1533\" data-end=\"1726\">\ud83c\udf0d <strong data-start=\"1536\" data-end=\"1568\">Pronto para qualquer ambiente<\/strong><br data-start=\"1568\" data-end=\"1571\" \/>Certifica\u00e7\u00f5es <strong data-start=\"1587\" data-end=\"1617\">IP68, IP69K e MIL-STD-810H<\/strong>: Resistente \u00e0 \u00e1gua, poeira e quedas. Um dispositivo projetado para resistir a condi\u00e7\u00f5es extremas.<\/p>\n<p data-start=\"1728\" data-end=\"1870\">\ud83d\udcf6 <strong data-start=\"1731\" data-end=\"1761\">Conectividade sem fronteiras<\/strong><br data-start=\"1761\" data-end=\"1764\" \/>Com <strong data-start=\"1768\" data-end=\"1787\">5G ultrarr\u00e1pido<\/strong>, baixe e transmita conte\u00fado na velocidade que voc\u00ea precisa, onde quer que esteja.<\/p>\n<h2><span style=\"font-size: 16px;\">IP68: O QUE VOC\u00ca PODE E N\u00c3O PODE FAZER<\/span><\/h2>\n<p>Se um dispositivo tiver certifica\u00e7\u00e3o IP68, isso significa que ele pode ser submerso em \u00e1gua. <strong>\u00e1gua doce<\/strong>\u00a0<strong>em profundidades de at\u00e9 um metro por um per\u00edodo m\u00e1ximo de 30 minutos, desde que as prote\u00e7\u00f5es terminais permane\u00e7am devidamente seladas.<\/strong><\/p>\n<p><strong>Deixamos-lhe algumas dicas<\/strong>\u00a0<strong>para qualquer terminal com certifica\u00e7\u00e3o IP68<\/strong>:<\/p>\n<ul>\n<li>N\u00e3o exponha o smartphone IP68 a correntes de \u00e1gua, como \u00e1gua da torneira, ondas do mar ou cachoeiras.<\/li>\n<li>Se o seu smartphone IP68 tiver sido exposto \u00e0 \u00e1gua doce, seque-o cuidadosamente com um pano limpo e macio.<\/li>\n<li>Se o smartphone IP68 tiver sido exposto a qualquer tipo de l\u00edquido que n\u00e3o seja \u00e1gua doce (como \u00e1gua do mar), enx\u00e1gue imediatamente o dispositivo com cuidado em \u00e1gua doce e seque bem com um pano macio e limpo.<\/li>\n<li>Caso tenha alguma d\u00favida sobre se as prote\u00e7\u00f5es est\u00e3o devidamente fechadas.\u00a0<strong>N\u00c3O <\/strong>voc\u00ea o molha.<\/li>\n<li>N\u00e3o recomendamos realizar testes agressivos para demonstrar sua resist\u00eancia.<\/li>\n<li>N\u00e3o \u00e9 aconselh\u00e1vel manipular os bot\u00f5es do aparelho na \u00e1gua.<\/li>\n<li>N\u00e3o \u00e9 recomendado mergulhar o dispositivo em \u00e1gua salgada, pois a certifica\u00e7\u00e3o IP se aplica somente \u00e0 \u00e1gua doce.<\/li>\n<\/ul>","protected":false},"excerpt":{"rendered":"<p>O Blackview XPLORE 2 \u00e9 um smartphone robusto de alto desempenho com NFC e bateria de <strong data-start=\"184\" data-end=\"198\">20.000 mAh<\/strong> e carregamento r\u00e1pido de 120 W. Sua tela AMOLED de 6,73\u201d e 120 Hz, o processador <strong data-start=\"469\" data-end=\"499\">MediaTek Dimensity 8300 5G, c\u00e2mera de vis\u00e3o noturna, <\/strong>lanterna<strong data-start=\"469\" data-end=\"499\"> 467 l\u00famens<\/strong> e certifica\u00e7\u00e3o <strong data-start=\"519\" data-end=\"546\">IP68\/IP69K\/MIL-STD-810H<\/strong> tornando-o um dispositivo robusto, poderoso e vers\u00e1til para profissionais e aventureiros.<\/p>","protected":false},"featured_media":13052,"comment_status":"open","ping_status":"closed","template":"","meta":{"_acf_changed":false},"product_brand":[287],"product_cat":[42,136,166,159],"product_tag":[],"class_list":{"0":"post-8381","1":"product","2":"type-product","3":"status-publish","4":"has-post-thumbnail","6":"product_brand-blackview","7":"product_cat-moviles-blackview","8":"product_cat-moviles-resistentes-rugerizados","9":"product_cat-moviles-resistentes-rugerizados-nuevos-modelos","10":"product_cat-ofertas","12":"first","13":"instock","14":"sale","15":"shipping-taxable","16":"purchasable","17":"product-type-variable","18":"has-default-attributes"},"acf":[],"_links":{"self":[{"href":"https:\/\/blackviewphones.com\/pt\/wp-json\/wp\/v2\/product\/8381","targetHints":{"allow":["GET"]}}],"collection":[{"href":"https:\/\/blackviewphones.com\/pt\/wp-json\/wp\/v2\/product"}],"about":[{"href":"https:\/\/blackviewphones.com\/pt\/wp-json\/wp\/v2\/types\/product"}],"replies":[{"embeddable":true,"href":"https:\/\/blackviewphones.com\/pt\/wp-json\/wp\/v2\/comments?post=8381"}],"version-history":[{"count":0,"href":"https:\/\/blackviewphones.com\/pt\/wp-json\/wp\/v2\/product\/8381\/revisions"}],"wp:featuredmedia":[{"embeddable":true,"href":"https:\/\/blackviewphones.com\/pt\/wp-json\/wp\/v2\/media\/13052"}],"wp:attachment":[{"href":"https:\/\/blackviewphones.com\/pt\/wp-json\/wp\/v2\/media?parent=8381"}],"wp:term":[{"taxonomy":"product_brand","embeddable":true,"href":"https:\/\/blackviewphones.com\/pt\/wp-json\/wp\/v2\/product_brand?post=8381"},{"taxonomy":"product_cat","embeddable":true,"href":"https:\/\/blackviewphones.com\/pt\/wp-json\/wp\/v2\/product_cat?post=8381"},{"taxonomy":"product_tag","embeddable":true,"href":"https:\/\/blackviewphones.com\/pt\/wp-json\/wp\/v2\/product_tag?post=8381"}],"curies":[{"name":"wp","href":"https:\/\/api.w.org\/{rel}","templated":true}]}}