

{"id":8374,"date":"2025-08-11T14:06:11","date_gmt":"2025-08-11T12:06:11","guid":{"rendered":"https:\/\/blackviewphones.com\/?post_type=product&#038;p=8374"},"modified":"2026-04-29T14:54:23","modified_gmt":"2026-04-29T12:54:23","slug":"blackview-xplore-1","status":"publish","type":"product","link":"https:\/\/blackviewphones.com\/pt\/product\/blackview-xplore-1\/","title":{"rendered":"Blackview XPLORE 1 5G | Vis\u00e3o Noturna e Lanterna"},"content":{"rendered":"<h1>Blackview XPLORE 1 5G | Vis\u00e3o Noturna e Lanterna<\/h1>\n<p data-start=\"400\" data-end=\"627\">Ele <strong data-start=\"403\" data-end=\"425\">Blackview XPLORE 1<\/strong> Foi projetado para quem trabalha ou gosta de ambientes extremos. Suas certifica\u00e7\u00f5es <strong data-start=\"516\" data-end=\"524\">IP68<\/strong>, <strong data-start=\"526\" data-end=\"535\">IP69K<\/strong> e <strong data-start=\"538\" data-end=\"554\">Norma MIL-STD-810H<\/strong> Garantem resist\u00eancia \u00e0 \u00e1gua, poeira, quedas e temperaturas adversas.<\/p>\n<p data-start=\"629\" data-end=\"771\">Sua bateria de <strong data-start=\"643\" data-end=\"657\">20.000 mAh<\/strong> Com carregamento r\u00e1pido de 55 W, oferece v\u00e1rios dias de dura\u00e7\u00e3o da bateria, ideal para expedi\u00e7\u00f5es ou longos dias de trabalho.<\/p>\n<p data-start=\"773\" data-end=\"1004\">Tem um <strong data-start=\"788\" data-end=\"833\">Tela principal FHD+ de 6,78\u2033 a 120 Hz<\/strong>, protegido com Gorilla Glass 5 e um <strong data-start=\"872\" data-end=\"904\">Tela secund\u00e1ria de 2,01\u2033<\/strong>, que permite verificar notifica\u00e7\u00f5es e fun\u00e7\u00f5es r\u00e1pidas sem precisar ativar a principal.<\/p>\n<p data-start=\"1006\" data-end=\"1235\">Gra\u00e7as ao seu processador <strong data-start=\"1030\" data-end=\"1062\">MediaTek Dimensity 7050 (5G)<\/strong> e configura\u00e7\u00f5es at\u00e9 <strong data-start=\"1090\" data-end=\"1133\">16 GB de RAM + 512 GB de armazenamento<\/strong>, o XPLORE 1 garante desempenho suave e amplo espa\u00e7o de armazenamento, expans\u00edvel at\u00e9 2 TB via cart\u00e3o TF.<\/p>\n<p data-start=\"1237\" data-end=\"1418\">Na fotografia, oferece uma <strong data-start=\"1263\" data-end=\"1292\">C\u00e2mera principal de 64 MP<\/strong>, uma c\u00e2mera de vis\u00e3o noturna de 20 MP e uma c\u00e2mera frontal de 50 MP, garantindo qualidade mesmo em condi\u00e7\u00f5es de pouca luz, e uma lanterna com 170 l\u00famens.<\/p>\n<p data-start=\"1420\" data-end=\"1451\">Suas fun\u00e7\u00f5es incluem:<\/p>\n<ul data-start=\"1452\" data-end=\"1657\">\n<li data-start=\"1452\" data-end=\"1517\">\n<p data-start=\"1454\" data-end=\"1517\">Navega\u00e7\u00e3o avan\u00e7ada com GPS, GLONASS, BeiDou, Galileo e QZSS.<\/p>\n<\/li>\n<li data-start=\"1518\" data-end=\"1568\">\n<p data-start=\"1520\" data-end=\"1568\">Conectividade <strong data-start=\"1533\" data-end=\"1565\">Wi-Fi 6, Bluetooth 5.2 e NFC<\/strong>.<\/p>\n<\/li>\n<li data-start=\"1569\" data-end=\"1608\">\n<p data-start=\"1571\" data-end=\"1608\">Dual SIM com suporte <strong data-start=\"1593\" data-end=\"1605\">5G VoLTE<\/strong>.<\/p>\n<\/li>\n<li data-start=\"1609\" data-end=\"1657\">\n<p data-start=\"1611\" data-end=\"1657\">Modo luva para uso em ambientes de trabalho.<\/p>\n<\/li>\n<\/ul>\n<p data-start=\"1659\" data-end=\"1712\"><strong data-start=\"1659\" data-end=\"1682\">Dimens\u00f5es e peso:<\/strong> 184 \u00d7 83 \u00d7 29,5 mm e 638 g.<\/p>\n<p data-start=\"1714\" data-end=\"1737\"><strong data-start=\"1714\" data-end=\"1734\">Principais benef\u00edcios<\/strong>:<\/p>\n<ul data-start=\"1738\" data-end=\"1994\">\n<li data-start=\"1738\" data-end=\"1781\">\n<p data-start=\"1740\" data-end=\"1781\">Confiabilidade em qualquer ambiente hostil.<\/p>\n<\/li>\n<li data-start=\"1782\" data-end=\"1839\">\n<p data-start=\"1784\" data-end=\"1839\">Autonomia que elimina preocupa\u00e7\u00f5es com bateria.<\/p>\n<\/li>\n<li data-start=\"1840\" data-end=\"1884\">\n<p data-start=\"1842\" data-end=\"1884\">Fotografia avan\u00e7ada com vis\u00e3o noturna.<\/p>\n<\/li>\n<li data-start=\"1885\" data-end=\"1938\">\n<p data-start=\"1887\" data-end=\"1938\">Desempenho e armazenamento de n\u00edvel profissional.<\/p>\n<\/li>\n<li data-start=\"1939\" data-end=\"1994\">\n<p data-start=\"1941\" data-end=\"1994\">O design de tela dupla melhora a produtividade.<\/p>\n<\/li>\n<\/ul>\n<h2><span style=\"font-size: 16px;\">Certifica\u00e7\u00e3o IP68\/IP69K\/MIL-STD-810H: O que voc\u00ea pode e n\u00e3o pode fazer<\/span><\/h2>\n<p>Se um dispositivo for certificado IP68\/IP69K\/MIL-STD-810H, significa que ele pode ser submerso em <strong>\u00e1gua doce<\/strong> em profundidades de at\u00e9 um metro por um per\u00edodo m\u00e1ximo de 30 minutos, desde que as prote\u00e7\u00f5es terminais permane\u00e7am devidamente seladas.<\/p>\n<p><strong>Dicas para qualquer terminal com essas certifica\u00e7\u00f5es:<\/strong><\/p>\n<ul>\n<li>N\u00e3o exponha seu smartphone com essas certifica\u00e7\u00f5es a correntes de \u00e1gua, como \u00e1gua da torneira, ondas do mar ou cachoeiras.<\/li>\n<li>Se o seu smartphone com essas certifica\u00e7\u00f5es foi exposto \u00e0 \u00e1gua doce, seque-o cuidadosamente com um pano limpo e macio.<\/li>\n<li>Se o seu smartphone com essas certifica\u00e7\u00f5es tiver sido exposto a qualquer l\u00edquido que n\u00e3o seja \u00e1gua doce (como \u00e1gua do mar), enx\u00e1gue imediatamente o dispositivo com \u00e1gua doce e seque bem com um pano macio e limpo.<\/li>\n<li>Caso tenha alguma d\u00favida sobre se as prote\u00e7\u00f5es est\u00e3o devidamente fechadas, <strong>N\u00c3O<\/strong> voc\u00ea o molha.<\/li>\n<li>N\u00e3o recomendamos realizar testes agressivos para demonstrar sua resist\u00eancia.<\/li>\n<li>Al\u00e9m disso, n\u00e3o \u00e9 aconselh\u00e1vel manipular os bot\u00f5es do dispositivo enquanto estiver debaixo d&#039;\u00e1gua.<\/li>\n<li>N\u00e3o \u00e9 recomendado mergulhar o dispositivo em \u00e1gua salgada, pois a certifica\u00e7\u00e3o IP se aplica somente \u00e0 \u00e1gua doce.<\/li>\n<\/ul>","protected":false},"excerpt":{"rendered":"<p data-start=\"264\" data-end=\"592\">O Blackview Xplore 1 \u00e9 um celular robusto com intelig\u00eancia artificial, projetado para ambientes extremos. Ele vem equipado com vis\u00e3o noturna de alta precis\u00e3o, NFC, uma potente lanterna de 170 l\u00famens e controle remoto infravermelho. Al\u00e9m disso, possui tr\u00eas modelos de IA integrados que otimizam o desempenho, a fotografia e a intera\u00e7\u00e3o inteligente.<\/p>","protected":false},"featured_media":9988,"comment_status":"open","ping_status":"closed","template":"","meta":{"_acf_changed":false},"product_brand":[287],"product_cat":[42,136,166],"product_tag":[],"class_list":{"0":"post-8374","1":"product","2":"type-product","3":"status-publish","4":"has-post-thumbnail","6":"product_brand-blackview","7":"product_cat-moviles-blackview","8":"product_cat-moviles-resistentes-rugerizados","9":"product_cat-moviles-resistentes-rugerizados-nuevos-modelos","11":"first","12":"outofstock","13":"sale","14":"shipping-taxable","15":"purchasable","16":"product-type-variable","17":"has-default-attributes"},"acf":[],"_links":{"self":[{"href":"https:\/\/blackviewphones.com\/pt\/wp-json\/wp\/v2\/product\/8374","targetHints":{"allow":["GET"]}}],"collection":[{"href":"https:\/\/blackviewphones.com\/pt\/wp-json\/wp\/v2\/product"}],"about":[{"href":"https:\/\/blackviewphones.com\/pt\/wp-json\/wp\/v2\/types\/product"}],"replies":[{"embeddable":true,"href":"https:\/\/blackviewphones.com\/pt\/wp-json\/wp\/v2\/comments?post=8374"}],"version-history":[{"count":1,"href":"https:\/\/blackviewphones.com\/pt\/wp-json\/wp\/v2\/product\/8374\/revisions"}],"predecessor-version":[{"id":13753,"href":"https:\/\/blackviewphones.com\/pt\/wp-json\/wp\/v2\/product\/8374\/revisions\/13753"}],"wp:featuredmedia":[{"embeddable":true,"href":"https:\/\/blackviewphones.com\/pt\/wp-json\/wp\/v2\/media\/9988"}],"wp:attachment":[{"href":"https:\/\/blackviewphones.com\/pt\/wp-json\/wp\/v2\/media?parent=8374"}],"wp:term":[{"taxonomy":"product_brand","embeddable":true,"href":"https:\/\/blackviewphones.com\/pt\/wp-json\/wp\/v2\/product_brand?post=8374"},{"taxonomy":"product_cat","embeddable":true,"href":"https:\/\/blackviewphones.com\/pt\/wp-json\/wp\/v2\/product_cat?post=8374"},{"taxonomy":"product_tag","embeddable":true,"href":"https:\/\/blackviewphones.com\/pt\/wp-json\/wp\/v2\/product_tag?post=8374"}],"curies":[{"name":"wp","href":"https:\/\/api.w.org\/{rel}","templated":true}]}}