

{"id":8256,"date":"2025-07-21T11:24:54","date_gmt":"2025-07-21T09:24:54","guid":{"rendered":"https:\/\/blackviewphones.com\/?post_type=product&#038;p=8256"},"modified":"2026-05-04T10:48:31","modified_gmt":"2026-05-04T08:48:31","slug":"blackview-zeno-1-8-com-android-15-4-gb-ram-e-64-gb-rom","status":"publish","type":"product","link":"https:\/\/blackviewphones.com\/pt\/product\/blackview-zeno-1-8-con-android-15-4-gb-ram-y-64-gb-rom\/","title":{"rendered":"Blackview ZENO 1 | 8\u201d com Android 15, 12 GB de RAM e 64 GB de ROM"},"content":{"rendered":"<h1>Tablet Blackview ZENO 1 | 12 GB (4 GB + 8 GB) de RAM 64 GB de ROM<\/h1>\n<p data-start=\"355\" data-end=\"659\">O novo <strong data-start=\"364\" data-end=\"384\">Blackview ZENO 1<\/strong> Ele foi projetado para oferecer uma experi\u00eancia compacta, poderosa e inteligente. Com uma tela de 8 polegadas, um design port\u00e1til e elegante e um processador Unisoc T615 de alto desempenho, este tablet \u00e9 ideal para estudar, trabalhar, criar e se divertir onde quer que voc\u00ea esteja.<\/p>\n<p data-start=\"661\" data-end=\"856\">Equipado com Android 15 (DokeOS_P 4.2), bateria de 6000mAh, Wi-Fi 5G duplo e recursos com tecnologia de IA, ele \u00e9 muito mais que um tablet: \u00e9 seu novo centro de controle pessoal.<\/p>\n<h3 data-start=\"863\" data-end=\"927\">Controle de IA + Google Lens: mais inteligente do que nunca<\/h3>\n<p data-start=\"928\" data-end=\"1210\">Com a integra\u00e7\u00e3o de assistentes como ChatGPT-4o mini, Gemini 2.0 ou DeepSeek-R1, o ZENO 1 permite compor, traduzir, criar imagens e obter respostas inteligentes sem esfor\u00e7o. Al\u00e9m disso, gra\u00e7as a <strong data-start=\"1131\" data-end=\"1146\">Lente do Google<\/strong>, basta uma \u00fanica imagem para pesquisar, identificar, copiar texto e muito mais.<\/p>\n<h3 data-start=\"1721\" data-end=\"1773\">Espa\u00e7o Privado: Proteja o que Mais Importa<\/h3>\n<p data-start=\"1774\" data-end=\"1956\">Sua privacidade \u00e9 uma prioridade. Ative o modo <strong data-start=\"1817\" data-end=\"1836\">Espa\u00e7o Privado<\/strong> e oculte seus aplicativos pessoais \u2014 banc\u00e1rios, de redes sociais ou o que voc\u00ea preferir \u2014 com total seguran\u00e7a. Ningu\u00e9m saber\u00e1 que eles est\u00e3o l\u00e1.<\/p>","protected":false},"excerpt":{"rendered":"<p>Tela HD de 8 polegadas com taxa de atualiza\u00e7\u00e3o de 90 Hz<br \/>\n336,5g ultraleve e 8,2mm ultrafino<br \/>\nSuporte para Widevine L1 1080P<br \/>\nSuporte para tablet integrado com viva-voz<br \/>\nTablet de IA com tecnologia ChatGPT, Gemini e DeepSeek<\/p>","protected":false},"featured_media":11378,"comment_status":"open","ping_status":"closed","template":"","meta":{"_acf_changed":false},"product_brand":[287],"product_cat":[159,339,95,328],"product_tag":[352],"class_list":{"0":"post-8256","1":"product","2":"type-product","3":"status-publish","4":"has-post-thumbnail","6":"product_brand-blackview","7":"product_cat-ofertas","8":"product_cat-otros-productos","9":"product_cat-tablets-blackview","10":"product_cat-tablets-blackview-tablets-inteligentes-blackview","11":"product_tag-352","13":"first","14":"instock","15":"sale","16":"shipping-taxable","17":"purchasable","18":"product-type-variable","19":"has-default-attributes"},"acf":[],"_links":{"self":[{"href":"https:\/\/blackviewphones.com\/pt\/wp-json\/wp\/v2\/product\/8256","targetHints":{"allow":["GET"]}}],"collection":[{"href":"https:\/\/blackviewphones.com\/pt\/wp-json\/wp\/v2\/product"}],"about":[{"href":"https:\/\/blackviewphones.com\/pt\/wp-json\/wp\/v2\/types\/product"}],"replies":[{"embeddable":true,"href":"https:\/\/blackviewphones.com\/pt\/wp-json\/wp\/v2\/comments?post=8256"}],"version-history":[{"count":0,"href":"https:\/\/blackviewphones.com\/pt\/wp-json\/wp\/v2\/product\/8256\/revisions"}],"wp:featuredmedia":[{"embeddable":true,"href":"https:\/\/blackviewphones.com\/pt\/wp-json\/wp\/v2\/media\/11378"}],"wp:attachment":[{"href":"https:\/\/blackviewphones.com\/pt\/wp-json\/wp\/v2\/media?parent=8256"}],"wp:term":[{"taxonomy":"product_brand","embeddable":true,"href":"https:\/\/blackviewphones.com\/pt\/wp-json\/wp\/v2\/product_brand?post=8256"},{"taxonomy":"product_cat","embeddable":true,"href":"https:\/\/blackviewphones.com\/pt\/wp-json\/wp\/v2\/product_cat?post=8256"},{"taxonomy":"product_tag","embeddable":true,"href":"https:\/\/blackviewphones.com\/pt\/wp-json\/wp\/v2\/product_tag?post=8256"}],"curies":[{"name":"wp","href":"https:\/\/api.w.org\/{rel}","templated":true}]}}