

{"id":8197,"date":"2025-07-04T12:12:03","date_gmt":"2025-07-04T10:12:03","guid":{"rendered":"https:\/\/blackviewphones.com\/?post_type=product&#038;p=8197"},"modified":"2026-04-07T10:44:46","modified_gmt":"2026-04-07T08:44:46","slug":"base-de-carregamento-blackview-33-w-para-bl7000-5g","status":"publish","type":"product","link":"https:\/\/blackviewphones.com\/pt\/product\/blackview-base-de-carga-de-33w-para-bl7000-5g\/","title":{"rendered":"Base de carregamento Blackview 33 W para BL7000 5G"},"content":{"rendered":"<h1>Carregador de base de 33 W para Blackview BL7000 5G<\/h1>\n<h2>Carregamento r\u00e1pido e seguro<\/h2>\n<div class=\"t4s-product__price-review\">\n<div class=\"t4s-price-stock t4s-price-stock-border__true t4s-d-flex t4s-align-items-center t4s-justify-content-between\"><span style=\"font-size: 18px; font-weight: 600;\">Vantagens do carregador sem fio para Blackview, Samsung, iPhone, etc.<\/span><\/div>\n<\/div>\n<ul>\n<li data-start=\"2174\" data-end=\"2267\">\n<p data-start=\"2176\" data-end=\"2267\"><strong data-start=\"2176\" data-end=\"2192\">Carregamento r\u00e1pido<\/strong> 33 W, ideal para usu\u00e1rios que precisam carregar o telefone rapidamente.<\/p>\n<\/li>\n<li data-start=\"2268\" data-end=\"2333\">\n<p data-start=\"2270\" data-end=\"2333\"><strong data-start=\"2270\" data-end=\"2302\">Design compacto e robusto<\/strong>, ideal para qualquer espa\u00e7o.<\/p>\n<\/li>\n<li data-start=\"2334\" data-end=\"2399\">\n<p data-start=\"2336\" data-end=\"2399\"><strong data-start=\"2336\" data-end=\"2353\">F\u00e1cil de usar<\/strong>, basta colocar o telefone e come\u00e7ar a carregar.<\/p>\n<\/li>\n<li data-start=\"2400\" data-end=\"2455\">\n<p data-start=\"2402\" data-end=\"2455\"><strong data-start=\"2402\" data-end=\"2419\">Indicador da sua tela <\/strong>para exibir o status do carregamento.<\/p>\n<\/li>\n<li data-start=\"2456\" data-end=\"2555\">\n<p data-start=\"2458\" data-end=\"2555\"><strong data-start=\"2458\" data-end=\"2504\">Compat\u00edvel exclusivamente com o BL7000 5G<\/strong>, oferecendo uma carga otimizada para este modelo.<\/p>\n<\/li>\n<li data-start=\"2556\" data-end=\"2639\">\n<p data-start=\"2558\" data-end=\"2639\"><strong data-start=\"2558\" data-end=\"2581\">Vers\u00e1til e pr\u00e1tico<\/strong>, funciona em qualquer superf\u00edcie com conex\u00e3o el\u00e9trica.<\/p>\n<\/li>\n<\/ul>\n<p>&nbsp;<\/p>\n<p>&nbsp;<\/p>\n<p><strong>N\u00c3O INCLUI O PLUGUE, APENAS O CABO DE CARREGAMENTO.<\/strong><\/p>\n<p>&nbsp;<\/p>","protected":false},"excerpt":{"rendered":"<p>Carregador de dock de 33 W para Blackview BL7000 5G, carregamento r\u00e1pido e est\u00e1vel. Perfeito para manter seu dispositivo sempre \u00e0 m\u00e3o. <em data-start=\"172\" data-end=\"203\">O telefone n\u00e3o est\u00e1 inclu\u00eddo<\/em><\/p>\n<p><strong>N\u00c3O INCLUI O PLUGUE, APENAS O CABO DE CARREGAMENTO.<\/strong><\/p>","protected":false},"featured_media":8201,"comment_status":"closed","ping_status":"closed","template":"","meta":{"_acf_changed":false},"product_brand":[],"product_cat":[154,330],"product_tag":[],"class_list":{"0":"post-8197","1":"product","2":"type-product","3":"status-publish","4":"has-post-thumbnail","6":"product_cat-accesorios-blackview","7":"product_cat-accesorios-blackview-accesorios-para-moviles","9":"first","10":"instock","11":"sale","12":"purchasable","13":"product-type-variable","14":"has-default-attributes"},"acf":[],"_links":{"self":[{"href":"https:\/\/blackviewphones.com\/pt\/wp-json\/wp\/v2\/product\/8197","targetHints":{"allow":["GET"]}}],"collection":[{"href":"https:\/\/blackviewphones.com\/pt\/wp-json\/wp\/v2\/product"}],"about":[{"href":"https:\/\/blackviewphones.com\/pt\/wp-json\/wp\/v2\/types\/product"}],"replies":[{"embeddable":true,"href":"https:\/\/blackviewphones.com\/pt\/wp-json\/wp\/v2\/comments?post=8197"}],"version-history":[{"count":0,"href":"https:\/\/blackviewphones.com\/pt\/wp-json\/wp\/v2\/product\/8197\/revisions"}],"wp:featuredmedia":[{"embeddable":true,"href":"https:\/\/blackviewphones.com\/pt\/wp-json\/wp\/v2\/media\/8201"}],"wp:attachment":[{"href":"https:\/\/blackviewphones.com\/pt\/wp-json\/wp\/v2\/media?parent=8197"}],"wp:term":[{"taxonomy":"product_brand","embeddable":true,"href":"https:\/\/blackviewphones.com\/pt\/wp-json\/wp\/v2\/product_brand?post=8197"},{"taxonomy":"product_cat","embeddable":true,"href":"https:\/\/blackviewphones.com\/pt\/wp-json\/wp\/v2\/product_cat?post=8197"},{"taxonomy":"product_tag","embeddable":true,"href":"https:\/\/blackviewphones.com\/pt\/wp-json\/wp\/v2\/product_tag?post=8197"}],"curies":[{"name":"wp","href":"https:\/\/api.w.org\/{rel}","templated":true}]}}