

{"id":8117,"date":"2025-06-23T11:40:57","date_gmt":"2025-06-23T09:40:57","guid":{"rendered":"https:\/\/blackviewphones.com\/?post_type=product&#038;p=8117"},"modified":"2026-04-22T10:50:12","modified_gmt":"2026-04-22T08:50:12","slug":"fones-de-ouvido-bluetooth-blackview-airbuds-13-5-4","status":"publish","type":"product","link":"https:\/\/blackviewphones.com\/pt\/product\/blackview-airbuds-13-auriculares-bluetooth-5-4\/","title":{"rendered":"Blackview Airbuds 13 \u2013 Fones de ouvido Bluetooth 5.4"},"content":{"rendered":"<h1>Blackview Airbuds 13 \u2013 Fones de ouvido Bluetooth 5.4<\/h1>\n<p>Ele<strong> Fones de ouvido Blackview Airbuds 13<\/strong> \u00c9 um fone de ouvido TWS com certifica\u00e7\u00e3o IPX7 e cancelamento de ru\u00eddo. Ideal para levar para qualquer lugar e curtir m\u00fasica. Com uma bateria de longa dura\u00e7\u00e3o de 400 mAh.<\/p>\n<p><strong>Fale claramente. Fa\u00e7a-se ouvir alto e claro<\/strong><\/p>\n<p>Qualidade de chamada cristalina. Utilizando a tecnologia ENC+DNS para eliminar ru\u00eddos ambientes e filtrar fontes sonoras complexas, os AirBuds 13 oferecem uma experi\u00eancia de chamada incompar\u00e1vel. Diga adeus ao ru\u00eddo e d\u00ea boas-vindas a chamadas cristalinas, diretamente no seu ouvido!<\/p>\n<p><strong>Esses fones de ouvido da marca Blackview s\u00e3o IPX7, resistentes ao suor.<\/strong><\/p>\n<p><strong>N\u00e3o recomendamos mergulh\u00e1-los em \u00e1gua.<\/strong><\/p>","protected":false},"excerpt":{"rendered":"<p>Fone de ouvido: 7,3 g | Estojo de carregamento \u2013 44,2 g<br \/>\nMedidas do bolso: 59,9*48,3*27,8 mm<br \/>\nDriver: Driver din\u00e2mico \u03a6 10mm<br \/>\nBluetooth: 5.4<br \/>\nCancelamento de ru\u00eddo: Sim<br \/>\nEstojo de carregamento: 400 mAh<\/p>\n<div id=\"gtx-trans\" style=\"position: absolute; left: -8px; top: -10px;\">\n<div class=\"gtx-trans-icon\"><\/div>\n<\/div>","protected":false},"featured_media":8123,"comment_status":"closed","ping_status":"closed","template":"","meta":{"_acf_changed":false},"product_brand":[287],"product_cat":[154,156,159],"product_tag":[],"class_list":{"0":"post-8117","1":"product","2":"type-product","3":"status-publish","4":"has-post-thumbnail","6":"product_brand-blackview","7":"product_cat-accesorios-blackview","8":"product_cat-accesorios-blackview-auriculares","9":"product_cat-ofertas","11":"first","12":"instock","13":"sale","14":"shipping-taxable","15":"purchasable","16":"product-type-variable"},"acf":[],"_links":{"self":[{"href":"https:\/\/blackviewphones.com\/pt\/wp-json\/wp\/v2\/product\/8117","targetHints":{"allow":["GET"]}}],"collection":[{"href":"https:\/\/blackviewphones.com\/pt\/wp-json\/wp\/v2\/product"}],"about":[{"href":"https:\/\/blackviewphones.com\/pt\/wp-json\/wp\/v2\/types\/product"}],"replies":[{"embeddable":true,"href":"https:\/\/blackviewphones.com\/pt\/wp-json\/wp\/v2\/comments?post=8117"}],"version-history":[{"count":0,"href":"https:\/\/blackviewphones.com\/pt\/wp-json\/wp\/v2\/product\/8117\/revisions"}],"wp:featuredmedia":[{"embeddable":true,"href":"https:\/\/blackviewphones.com\/pt\/wp-json\/wp\/v2\/media\/8123"}],"wp:attachment":[{"href":"https:\/\/blackviewphones.com\/pt\/wp-json\/wp\/v2\/media?parent=8117"}],"wp:term":[{"taxonomy":"product_brand","embeddable":true,"href":"https:\/\/blackviewphones.com\/pt\/wp-json\/wp\/v2\/product_brand?post=8117"},{"taxonomy":"product_cat","embeddable":true,"href":"https:\/\/blackviewphones.com\/pt\/wp-json\/wp\/v2\/product_cat?post=8117"},{"taxonomy":"product_tag","embeddable":true,"href":"https:\/\/blackviewphones.com\/pt\/wp-json\/wp\/v2\/product_tag?post=8117"}],"curies":[{"name":"wp","href":"https:\/\/api.w.org\/{rel}","templated":true}]}}