

{"id":8090,"date":"2025-06-20T13:23:23","date_gmt":"2025-06-20T11:23:23","guid":{"rendered":"https:\/\/blackviewphones.com\/?post_type=product&#038;p=8090"},"modified":"2026-05-04T12:42:41","modified_gmt":"2026-05-04T10:42:41","slug":"lanterna-led-para-smartwatch-blackview-r30-max","status":"publish","type":"product","link":"https:\/\/blackviewphones.com\/pt\/product\/blackview-r30-max-smartwatch-led-flashlight\/","title":{"rendered":"Blackview R30 Max - Lanterna LED para Smartwatch"},"content":{"rendered":"<h1>Blackview R30 Max - Lanterna LED para Smartwatch<\/h1>\n<p>Convidamos voc\u00ea a descobrir o novo smartwatch Blackview R30 Max, que permite monitorar sua sa\u00fade, carrega rapidamente e possui uma bateria de longa dura\u00e7\u00e3o. Ele vem com uma pulseira de silicone confort\u00e1vel e flex\u00edvel. Com uma tela TFT n\u00edtida de 1,91 polegadas, voc\u00ea desfrutar\u00e1 de uma intera\u00e7\u00e3o visual perfeita para visualizar notifica\u00e7\u00f5es de chamadas e lembretes, tudo isso alimentado por uma bateria de 450 mAh.<\/p>\n<h2>Atenda chamadas rapidamente, receba notifica\u00e7\u00f5es e visualize lembretes<\/h2>\n<p>Este smartwatch possui Bluetooth inteligente que permite o pareamento f\u00e1cil com seu dispositivo. Voc\u00ea pode atender e ignorar chamadas enquanto se exercita ou faz tarefas dom\u00e9sticas. Ele tamb\u00e9m sincroniza notifica\u00e7\u00f5es do telefone, notifica\u00e7\u00f5es de texto e mensagens di\u00e1rias que voc\u00ea considera mais importantes enquanto realiza suas atividades.<\/p>\n<h2>Monitore sua frequ\u00eancia card\u00edaca e n\u00edveis de oxig\u00eanio no sangue com seu smartwatch.<\/h2>\n<p>Com o seu R30 Max, monitore seus treinos em tempo real e mantenha um ritmo saud\u00e1vel. As altera\u00e7\u00f5es nos n\u00edveis de oxig\u00eanio no sangue ajudam voc\u00ea a entender melhor seu corpo e seus movimentos saud\u00e1veis.<\/p>\n<h2>Monitore o estado do sono e avalie sua qualidade<\/h2>\n<p>Ajudando voc\u00ea a desenvolver bons h\u00e1bitos de descanso e relaxamento, um sono de qualidade \u00e9 imposs\u00edvel sem o despertador regular do gerenciador de alarmes. Ele tamb\u00e9m monitora seu estresse emocional, para que um humor est\u00e1vel possa trazer prazer e garantir um sono de qualidade. Ele tamb\u00e9m possui um monitor de estresse emocional para manter um humor feliz e melhorar a qualidade do sono.<\/p>","protected":false},"excerpt":{"rendered":"<p>Tela de 1,91\u2033<\/p>\n<p>\u03c646,6*37,7*11,9 mm<\/p>\n<p>54,56 gramas | 450 mAh<\/p>\n<p>Modo esportivo<\/p>\n<p>Chamadas e Notifica\u00e7\u00f5es<br \/>\nMonitor de oxig\u00eanio + batimentos card\u00edacos + sono + estresse<br \/>\n<strong>Compat\u00edvel com iOS e Android.<\/strong><\/p>\n<div id=\"gtx-trans\" style=\"position: absolute; left: -15px; top: -10px;\">\n<div class=\"gtx-trans-icon\"><\/div>\n<\/div>","protected":false},"featured_media":8098,"comment_status":"open","ping_status":"closed","template":"","meta":{"_acf_changed":false},"product_brand":[],"product_cat":[349],"product_tag":[],"class_list":{"0":"post-8090","1":"product","2":"type-product","3":"status-publish","4":"has-post-thumbnail","6":"product_cat-sin-categoria","8":"first","9":"outofstock","10":"sale","11":"shipping-taxable","12":"purchasable","13":"product-type-variable"},"acf":[],"_links":{"self":[{"href":"https:\/\/blackviewphones.com\/pt\/wp-json\/wp\/v2\/product\/8090","targetHints":{"allow":["GET"]}}],"collection":[{"href":"https:\/\/blackviewphones.com\/pt\/wp-json\/wp\/v2\/product"}],"about":[{"href":"https:\/\/blackviewphones.com\/pt\/wp-json\/wp\/v2\/types\/product"}],"replies":[{"embeddable":true,"href":"https:\/\/blackviewphones.com\/pt\/wp-json\/wp\/v2\/comments?post=8090"}],"version-history":[{"count":1,"href":"https:\/\/blackviewphones.com\/pt\/wp-json\/wp\/v2\/product\/8090\/revisions"}],"predecessor-version":[{"id":13803,"href":"https:\/\/blackviewphones.com\/pt\/wp-json\/wp\/v2\/product\/8090\/revisions\/13803"}],"wp:featuredmedia":[{"embeddable":true,"href":"https:\/\/blackviewphones.com\/pt\/wp-json\/wp\/v2\/media\/8098"}],"wp:attachment":[{"href":"https:\/\/blackviewphones.com\/pt\/wp-json\/wp\/v2\/media?parent=8090"}],"wp:term":[{"taxonomy":"product_brand","embeddable":true,"href":"https:\/\/blackviewphones.com\/pt\/wp-json\/wp\/v2\/product_brand?post=8090"},{"taxonomy":"product_cat","embeddable":true,"href":"https:\/\/blackviewphones.com\/pt\/wp-json\/wp\/v2\/product_cat?post=8090"},{"taxonomy":"product_tag","embeddable":true,"href":"https:\/\/blackviewphones.com\/pt\/wp-json\/wp\/v2\/product_tag?post=8090"}],"curies":[{"name":"wp","href":"https:\/\/api.w.org\/{rel}","templated":true}]}}