

{"id":8078,"date":"2025-06-20T10:49:25","date_gmt":"2025-06-20T08:49:25","guid":{"rendered":"https:\/\/blackviewphones.com\/?post_type=product&#038;p=8078"},"modified":"2026-04-30T10:33:42","modified_gmt":"2026-04-30T08:33:42","slug":"tablet-infantil-blackview-tab-60-pro-4gb-128gb-android-15","status":"publish","type":"product","link":"https:\/\/blackviewphones.com\/pt\/product\/blackview-tab-60-pro-kids-tablet-4gb-128gb-android-15\/","title":{"rendered":"Tablet infantil Blackview Tab 60 PRO | 12 GB (4 GB + 8 GB) de RAM, 128 GB de ROM"},"content":{"rendered":"<h1>Tablet infantil Blackview Tab 60 PRO<\/h1>\n<p><b><span style=\"color: #800000;\">O envio come\u00e7a em 12\/05\/2026.<\/span><\/b><br \/>\n<b><span style=\"color: #800000;\">PRE\u00c7O ESPECIAL DE LAN\u00c7AMENTO PARA PR\u00c9-VENDA. N\u00c3O DISPON\u00cdVEL PARA ENVIO ANTES DA DATA INDICADA POR NENHUM M\u00c9TODO DE ENVIO.<\/span><\/b><\/p>\n<p>Descubra o <strong data-start=\"266\" data-end=\"302\">Tablet infantil Blackview Tab 60 Pro<\/strong>, pensado especialmente para os mais pequenos. Dispon\u00edvel em cores vibrantes como <strong data-start=\"388\" data-end=\"401\">Rosa Rosa<\/strong> e <strong data-start=\"404\" data-end=\"418\">Azul Oceano<\/strong>, destaca-se pelo design vivo, moderno e resistente, com acabamento fosco e somente <strong data-start=\"500\" data-end=\"520\">8,5 mm de espessura<\/strong>.<\/p>\n<p>Equipado com <strong data-start=\"745\" data-end=\"784\">4 GB de RAM (expans\u00edvel at\u00e9 12 GB)<\/strong> e <strong data-start=\"787\" data-end=\"815\">128 GB de armazenamento<\/strong> (expans\u00edvel at\u00e9 <strong data-start=\"835\" data-end=\"858\">2 TB com cart\u00e3o TF<\/strong>), oferece espa\u00e7o mais que suficiente para todos os seus aplicativos e conte\u00fados educacionais favoritos.<\/p>\n<p>Inclui um estojo <strong data-start=\"980\" data-end=\"1008\">EVA altamente protetor<\/strong>, ideal para resistir a quedas e impactos acidentais. Com sistema operacional <strong data-start=\"1082\" data-end=\"1119\">DokeOS P 4.1 baseado no Android 15<\/strong>, conectividade <strong data-start=\"1134\" data-end=\"1177\">Wi-Fi de banda dupla, Bluetooth 5.0 e 5G<\/strong>, o Blackview Tab 60 Pro Kids \u00e9 o companheiro perfeito para as crian\u00e7as aprenderem, se divertirem e se conectarem com seguran\u00e7a.<\/p>","protected":false},"excerpt":{"rendered":"<p><b><span style=\"color: #800000;\">O envio come\u00e7a em 12\/05\/2026.<\/span><\/b><br \/>\n<b><span style=\"color: #800000;\">PRE\u00c7O ESPECIAL DE LAN\u00c7AMENTO PARA PR\u00c9-VENDA. N\u00c3O DISPON\u00cdVEL PARA ENVIO ANTES DA DATA INDICADA POR NENHUM M\u00c9TODO DE ENVIO.<\/span><\/b><\/p>","protected":false},"featured_media":8087,"comment_status":"open","ping_status":"closed","template":"","meta":{"_acf_changed":false},"product_brand":[287],"product_cat":[95,159,339],"product_tag":[299],"class_list":{"0":"post-8078","1":"product","2":"type-product","3":"status-publish","4":"has-post-thumbnail","6":"product_brand-blackview","7":"product_cat-tablets-blackview","8":"product_cat-ofertas","9":"product_cat-otros-productos","10":"product_tag-kids","12":"first","13":"instock","14":"sale","15":"shipping-taxable","16":"purchasable","17":"product-type-variable","18":"has-default-attributes"},"acf":[],"_links":{"self":[{"href":"https:\/\/blackviewphones.com\/pt\/wp-json\/wp\/v2\/product\/8078","targetHints":{"allow":["GET"]}}],"collection":[{"href":"https:\/\/blackviewphones.com\/pt\/wp-json\/wp\/v2\/product"}],"about":[{"href":"https:\/\/blackviewphones.com\/pt\/wp-json\/wp\/v2\/types\/product"}],"replies":[{"embeddable":true,"href":"https:\/\/blackviewphones.com\/pt\/wp-json\/wp\/v2\/comments?post=8078"}],"version-history":[{"count":0,"href":"https:\/\/blackviewphones.com\/pt\/wp-json\/wp\/v2\/product\/8078\/revisions"}],"wp:featuredmedia":[{"embeddable":true,"href":"https:\/\/blackviewphones.com\/pt\/wp-json\/wp\/v2\/media\/8087"}],"wp:attachment":[{"href":"https:\/\/blackviewphones.com\/pt\/wp-json\/wp\/v2\/media?parent=8078"}],"wp:term":[{"taxonomy":"product_brand","embeddable":true,"href":"https:\/\/blackviewphones.com\/pt\/wp-json\/wp\/v2\/product_brand?post=8078"},{"taxonomy":"product_cat","embeddable":true,"href":"https:\/\/blackviewphones.com\/pt\/wp-json\/wp\/v2\/product_cat?post=8078"},{"taxonomy":"product_tag","embeddable":true,"href":"https:\/\/blackviewphones.com\/pt\/wp-json\/wp\/v2\/product_tag?post=8078"}],"curies":[{"name":"wp","href":"https:\/\/api.w.org\/{rel}","templated":true}]}}