

{"id":7642,"date":"2025-05-20T11:11:18","date_gmt":"2025-05-20T09:11:18","guid":{"rendered":"https:\/\/blackviewphones.com\/?post_type=product&#038;p=7642"},"modified":"2026-03-26T16:47:48","modified_gmt":"2026-03-26T15:47:48","slug":"mini-pc-blackview-mp60-n150-16gb-ram-512gb-rom","status":"publish","type":"product","link":"https:\/\/blackviewphones.com\/pt\/product\/blackview-mp60-mini-pc-n150-16-gb-ram-512gb-rom\/","title":{"rendered":"Mini PC Blackview MP60 N150 | 16 GB de RAM, 512 GB\/1 TB de ROM"},"content":{"rendered":"<h1>Mini PC Blackview MP60 N150 | 16 GB de RAM, 512 GB\/1 TB de ROM<\/h1>\n<p>O Blackview MP60 Mini PC \u00e9 um computador potente e compacto, projetado para oferecer desempenho excepcional em um tamanho pequeno. Com recursos impressionantes e um design elegante, este mini PC \u00e9 ideal para usu\u00e1rios que precisam de uma solu\u00e7\u00e3o de computa\u00e7\u00e3o port\u00e1til e eficiente. Al\u00e9m do design elegante, este mini PC tamb\u00e9m se destaca pela efici\u00eancia energ\u00e9tica. Com baixo consumo de energia, ajuda a reduzir sua pegada de carbono e economiza custos de eletricidade a longo prazo.<\/p>\n<div>\n<h2><strong><span style=\"font-size: 16px;\">Por que escolher o Mini PC MP60?<\/span><\/strong><\/h2>\n<\/div>\n<p>O Blackview MP60 dedica a CPU a solu\u00e7\u00f5es t\u00e9rmicas com um ventilador de resfriamento rec\u00e9m-projetado e uma janela grande para garantir o m\u00e1ximo desempenho. Com uma velocidade de ventoinha de 5600 rpm e uma \u00e1rea de dissipa\u00e7\u00e3o de calor de 25.500 mm2, a ventoinha sempre manter\u00e1 o host MP60 a 95\u00baF. Um ventilador de resfriamento eficiente tornar\u00e1 seu sistema mais eficiente e a vida \u00fatil da CPU mais longa.<\/p>\n<h2><strong>IMPORTANTE:<\/strong><\/h2>\n<p>Este Mini PC vem com o Windows 11 Student pr\u00e9-instalado. Se voc\u00ea tiver uma conta, insira-a quando solicitado pelo programa. Caso voc\u00ea n\u00e3o tenha uma conta de Estudante, para evitar a reformata\u00e7\u00e3o ou reinstala\u00e7\u00e3o do Windows, recomendamos iniciar as configura\u00e7\u00f5es COM O CABO ETHERNET DESCONECTADO para que voc\u00ea possa realizar uma instala\u00e7\u00e3o de conta local.<br \/>\nCaso contr\u00e1rio, voc\u00ea precisar\u00e1 reinstalar o Windows de sua escolha, que pode ser baixado do site da Microsoft (e talvez precise dos drivers gen\u00e9ricos). Para entrar no BIOS, use a tecla DEL durante a inicializa\u00e7\u00e3o.<\/p>","protected":false},"excerpt":{"rendered":"<p><strong>16 GB + 1 TB de ROM (at\u00e9 2 TB)<\/strong><\/p>\n<p>Intel Twin Lake N150<\/p>\n<p>Gr\u00e1ficos Intel UHD 4K<\/p>\n<p>Windows 11 Pro pr\u00e9-instalado<\/p>\n<p>Dimens\u00f5es 128*128*52 mm<\/p>","protected":false},"featured_media":7648,"comment_status":"closed","ping_status":"closed","template":"","meta":{"_acf_changed":false},"product_brand":[287],"product_cat":[349],"product_tag":[],"class_list":{"0":"post-7642","1":"product","2":"type-product","3":"status-publish","4":"has-post-thumbnail","6":"product_brand-blackview","7":"product_cat-sin-categoria","9":"first","10":"outofstock","11":"sale","12":"shipping-taxable","13":"purchasable","14":"product-type-variable","15":"has-default-attributes"},"acf":[],"_links":{"self":[{"href":"https:\/\/blackviewphones.com\/pt\/wp-json\/wp\/v2\/product\/7642","targetHints":{"allow":["GET"]}}],"collection":[{"href":"https:\/\/blackviewphones.com\/pt\/wp-json\/wp\/v2\/product"}],"about":[{"href":"https:\/\/blackviewphones.com\/pt\/wp-json\/wp\/v2\/types\/product"}],"replies":[{"embeddable":true,"href":"https:\/\/blackviewphones.com\/pt\/wp-json\/wp\/v2\/comments?post=7642"}],"version-history":[{"count":0,"href":"https:\/\/blackviewphones.com\/pt\/wp-json\/wp\/v2\/product\/7642\/revisions"}],"wp:featuredmedia":[{"embeddable":true,"href":"https:\/\/blackviewphones.com\/pt\/wp-json\/wp\/v2\/media\/7648"}],"wp:attachment":[{"href":"https:\/\/blackviewphones.com\/pt\/wp-json\/wp\/v2\/media?parent=7642"}],"wp:term":[{"taxonomy":"product_brand","embeddable":true,"href":"https:\/\/blackviewphones.com\/pt\/wp-json\/wp\/v2\/product_brand?post=7642"},{"taxonomy":"product_cat","embeddable":true,"href":"https:\/\/blackviewphones.com\/pt\/wp-json\/wp\/v2\/product_cat?post=7642"},{"taxonomy":"product_tag","embeddable":true,"href":"https:\/\/blackviewphones.com\/pt\/wp-json\/wp\/v2\/product_tag?post=7642"}],"curies":[{"name":"wp","href":"https:\/\/api.w.org\/{rel}","templated":true}]}}