

{"id":7636,"date":"2025-05-19T16:38:07","date_gmt":"2025-05-19T14:38:07","guid":{"rendered":"https:\/\/blackviewphones.com\/?post_type=product&#038;p=7636"},"modified":"2026-05-03T16:05:15","modified_gmt":"2026-05-03T14:05:15","slug":"blackview-color-6-24gb-ram-256gb-rom","status":"publish","type":"product","link":"https:\/\/blackviewphones.com\/pt\/product\/blackview-color-6-24gb-ram-256gb-rom\/","title":{"rendered":"Blackview COLOR 6 | 24 GB de RAM 128 GB\/256 GB de ROM"},"content":{"rendered":"<h1>Blackview COLOR 6 | 24 GB de RAM 128 GB\/256 GB de ROM<\/h1>\n<p>O novo\u00a0<strong>Blackview COLOR 6<\/strong>, \u00e9 o celular Blackview com um pre\u00e7o acess\u00edvel, elegante e pr\u00e1tico. Ele tem um processador\u00a0<strong>MediaTek Helio G81<\/strong>, com uma c\u00e2mera principal de 50 Mpx, uma tela de\u00a0<strong>6,67 polegadas\u00a0<\/strong>e um peso leve de<strong>\u00a0199,4 gr<\/strong>. Al\u00e9m disso, possui uma bateria de\u00a0<strong>5000 mAh\u00a0<\/strong>e tudo em um sistema operacional\u00a0<strong>Androide 15<\/strong>. \u00c9 um celular moderno com boas funcionalidades, com seu<strong> 8 GB de RAM, virtualmente expans\u00edvel para 24 GB.<\/strong>\u00a0e<strong>\u00a0256 GB\u00a0<\/strong>armazenamento interno<strong>\u00a0ROM<\/strong>.<\/p>","protected":false},"excerpt":{"rendered":"<p data-start=\"183\" data-end=\"494\">Ele <strong data-start=\"186\" data-end=\"207\">Blackview COLOR 6<\/strong> Ele se destaca por seu design elegante e sofisticado, projetado para quem busca pot\u00eancia e estilo em um \u00fanico dispositivo. Ele incorpora o processador. <strong data-start=\"347\" data-end=\"369\">MediaTek Helio G81<\/strong>, acompanhado por 8 GB de RAM expans\u00edvel at\u00e9 24 GB (8 GB + 16 GB virtuais), garantindo fluidez mesmo em multitarefas exigentes.<\/p>\n<p data-start=\"496\" data-end=\"883\">Dispon\u00edvel com 128 GB ou 256 GB de armazenamento, oferece espa\u00e7o mais do que suficiente para seus aplicativos, fotos e arquivos. Sua tela de 6,67&quot; proporciona uma experi\u00eancia de visualiza\u00e7\u00e3o imersiva, enquanto a bateria de 5000 mAh garante autonomia para o dia todo. Com Android 15 e uma c\u00e2mera principal de 50 MP, o COLOR 6 captura cada detalhe com nitidez em um corpo leve de apenas 199,4 g.<\/p>","protected":false},"featured_media":13039,"comment_status":"closed","ping_status":"closed","template":"","meta":{"_acf_changed":false},"product_brand":[287],"product_cat":[42,327,159],"product_tag":[],"class_list":{"0":"post-7636","1":"product","2":"type-product","3":"status-publish","4":"has-post-thumbnail","6":"product_brand-blackview","7":"product_cat-moviles-blackview","8":"product_cat-moviles-inteligentes-blackview","9":"product_cat-ofertas","11":"first","12":"instock","13":"sale","14":"shipping-taxable","15":"purchasable","16":"product-type-variable","17":"has-default-attributes"},"acf":[],"_links":{"self":[{"href":"https:\/\/blackviewphones.com\/pt\/wp-json\/wp\/v2\/product\/7636","targetHints":{"allow":["GET"]}}],"collection":[{"href":"https:\/\/blackviewphones.com\/pt\/wp-json\/wp\/v2\/product"}],"about":[{"href":"https:\/\/blackviewphones.com\/pt\/wp-json\/wp\/v2\/types\/product"}],"replies":[{"embeddable":true,"href":"https:\/\/blackviewphones.com\/pt\/wp-json\/wp\/v2\/comments?post=7636"}],"version-history":[{"count":0,"href":"https:\/\/blackviewphones.com\/pt\/wp-json\/wp\/v2\/product\/7636\/revisions"}],"wp:featuredmedia":[{"embeddable":true,"href":"https:\/\/blackviewphones.com\/pt\/wp-json\/wp\/v2\/media\/13039"}],"wp:attachment":[{"href":"https:\/\/blackviewphones.com\/pt\/wp-json\/wp\/v2\/media?parent=7636"}],"wp:term":[{"taxonomy":"product_brand","embeddable":true,"href":"https:\/\/blackviewphones.com\/pt\/wp-json\/wp\/v2\/product_brand?post=7636"},{"taxonomy":"product_cat","embeddable":true,"href":"https:\/\/blackviewphones.com\/pt\/wp-json\/wp\/v2\/product_cat?post=7636"},{"taxonomy":"product_tag","embeddable":true,"href":"https:\/\/blackviewphones.com\/pt\/wp-json\/wp\/v2\/product_tag?post=7636"}],"curies":[{"name":"wp","href":"https:\/\/api.w.org\/{rel}","templated":true}]}}