

{"id":7330,"date":"2025-04-23T16:54:18","date_gmt":"2025-04-23T14:54:18","guid":{"rendered":"https:\/\/blackviewphones.com\/?post_type=product&#038;p=7330"},"modified":"2026-04-15T15:45:49","modified_gmt":"2026-04-15T13:45:49","slug":"capa-de-celular-resistente-blackview-bv-holster","status":"publish","type":"product","link":"https:\/\/blackviewphones.com\/pt\/product\/blackview-bv-holster-funda-telefonos-resistentes\/","title":{"rendered":"Coldre Blackview BV: capa resistente para celular"},"content":{"rendered":"<h1 data-spm-anchor-id=\"a2g0o.detail.1000016.i4.6bb25b43f3exZP\">Coldre Blackview BV: capa resistente para celular<\/h1>\n<p data-spm-anchor-id=\"a2g0o.detail.1000016.i4.6bb25b43f3exZP\">Conhe\u00e7a o coldre Blackview BV, um estojo <em>caso<\/em> para telefones robustos, refor\u00e7ados ou resistentes. Com uma fivela triangular para facilitar o transporte e um mecanismo de travamento pr\u00e1tico, ele \u00e9 feito sob medida para uma variedade de telefones robustos Blackview e outras marcas, permitindo que voc\u00ea o carregue verticalmente ou lateralmente no cinto com duas presilhas. Ele tamb\u00e9m pode ser pendurado na mochila e \u00e9 amplamente adequado para v\u00e1rios telefones.<\/p>\n<ul>\n<li data-spm-anchor-id=\"a2g0o.detail.1000016.i4.6bb25b43f3exZP\">Compat\u00edvel com celulares com telas de at\u00e9 6,67\u2033 ou 24 mm de espessura<\/li>\n<li data-spm-anchor-id=\"a2g0o.detail.1000016.i4.6bb25b43f3exZP\">Cor: Preto com laranja<\/li>\n<li data-spm-anchor-id=\"a2g0o.detail.1000016.i4.6bb25b43f3exZP\">Material: Couro<\/li>\n<li data-spm-anchor-id=\"a2g0o.detail.1000016.i4.6bb25b43f3exZP\">Medidas: 20*9*3 cm<\/li>\n<li data-spm-anchor-id=\"a2g0o.detail.1000016.i4.6bb25b43f3exZP\">Conte\u00fado: 1 * capa resistente para smartphone Blackview<\/li>\n<\/ul>\n<h2>Caracter\u00edsticas do titular do BV<\/h2>\n<ol>\n<li>Recorte preciso<\/li>\n<li>F\u00e1cil acesso<\/li>\n<li>Deslocamento vertical\/lateral<\/li>\n<li>Prote\u00e7\u00e3o completa<\/li>\n<li>Compartimento porta-cart\u00f5es inclu\u00eddo<\/li>\n<li>Compat\u00edvel com a maioria dos dispositivos robustos<\/li>\n<\/ol>","protected":false},"excerpt":{"rendered":"<p>Compat\u00edvel com celulares com telas de at\u00e9 6,67\u2033 ou 24 mm de espessura<\/p>\n<p>Cor: Preto com laranja<\/p>\n<p>Material: Couro<\/p>\n<p>Medidas: 20*9*3 cm<\/p>\n<p>&nbsp;<\/p>","protected":false},"featured_media":7334,"comment_status":"closed","ping_status":"closed","template":"","meta":{"_acf_changed":false},"product_brand":[],"product_cat":[154,330],"product_tag":[318,171,319],"class_list":{"0":"post-7330","1":"product","2":"type-product","3":"status-publish","4":"has-post-thumbnail","6":"product_cat-accesorios-blackview","7":"product_cat-accesorios-blackview-accesorios-para-moviles","8":"product_tag-bl","9":"product_tag-blackview","10":"product_tag-bv","12":"first","13":"instock","14":"sale","15":"shipping-taxable","16":"purchasable","17":"product-type-variable"},"acf":[],"_links":{"self":[{"href":"https:\/\/blackviewphones.com\/pt\/wp-json\/wp\/v2\/product\/7330","targetHints":{"allow":["GET"]}}],"collection":[{"href":"https:\/\/blackviewphones.com\/pt\/wp-json\/wp\/v2\/product"}],"about":[{"href":"https:\/\/blackviewphones.com\/pt\/wp-json\/wp\/v2\/types\/product"}],"replies":[{"embeddable":true,"href":"https:\/\/blackviewphones.com\/pt\/wp-json\/wp\/v2\/comments?post=7330"}],"version-history":[{"count":0,"href":"https:\/\/blackviewphones.com\/pt\/wp-json\/wp\/v2\/product\/7330\/revisions"}],"wp:featuredmedia":[{"embeddable":true,"href":"https:\/\/blackviewphones.com\/pt\/wp-json\/wp\/v2\/media\/7334"}],"wp:attachment":[{"href":"https:\/\/blackviewphones.com\/pt\/wp-json\/wp\/v2\/media?parent=7330"}],"wp:term":[{"taxonomy":"product_brand","embeddable":true,"href":"https:\/\/blackviewphones.com\/pt\/wp-json\/wp\/v2\/product_brand?post=7330"},{"taxonomy":"product_cat","embeddable":true,"href":"https:\/\/blackviewphones.com\/pt\/wp-json\/wp\/v2\/product_cat?post=7330"},{"taxonomy":"product_tag","embeddable":true,"href":"https:\/\/blackviewphones.com\/pt\/wp-json\/wp\/v2\/product_tag?post=7330"}],"curies":[{"name":"wp","href":"https:\/\/api.w.org\/{rel}","templated":true}]}}