

{"id":7313,"date":"2025-04-23T16:30:32","date_gmt":"2025-04-23T14:30:32","guid":{"rendered":"https:\/\/blackviewphones.com\/?post_type=product&#038;p=7313"},"modified":"2026-05-08T17:54:36","modified_gmt":"2026-05-08T15:54:36","slug":"fones-de-ouvido-bluetooth-blackview-airbuds-20-5-4","status":"publish","type":"product","link":"https:\/\/blackviewphones.com\/pt\/product\/blackview-airbuds-20-auriculares-bluetooth-5-4\/","title":{"rendered":"Fones de ouvido Blackview Airbuds 20"},"content":{"rendered":"<h1>Blackview Airbuds 20 \u2013 Fones de ouvido Bluetooth 5.4<\/h1>\n<p>Ele<strong> Fones de ouvido Blackview Airbuds 20<\/strong> \u00c9 um fone de ouvido TWS com design ergon\u00f4mico, com IPX7 e <em>Controle de toque inteligente<\/em>. Ideal para uso ao ar livre e esportes. Com bateria de longa dura\u00e7\u00e3o de 400 mAh.<\/p>\n<p>Com tecnologia de condu\u00e7\u00e3o de ar, sinta a m\u00fasica, n\u00e3o a dorm\u00eancia. Com ele voc\u00ea pode aproveitar at\u00e9 6,5 horas de reprodu\u00e7\u00e3o de m\u00fasica. Compat\u00edvel com Android, iOS e HarmonyOS. Al\u00e9m disso, voc\u00ea pode carregar por 10 minutos e aproveitar at\u00e9 60 minutos de som.<\/p>\n<p><strong>Prote\u00e7\u00e3o IPX7, fa\u00e7a chuva ou fa\u00e7a sol<\/strong><\/p>\n<p>Os Airbuds 20 com prote\u00e7\u00e3o IPX7 resistem \u00e0 chuva, suor e respingos. Perfeitos para esportes, atividades ao ar livre e uso di\u00e1rio, eles garantem um desempenho confi\u00e1vel sem medo de danos causados pela \u00e1gua.<\/p>\n<p><strong>Esses fones de ouvido da marca Blackview s\u00e3o IPX7, resistentes ao suor.<\/strong><\/p>\n<p><strong>N\u00e3o recomendamos mergulh\u00e1-los em \u00e1gua.<\/strong><\/p>","protected":false},"excerpt":{"rendered":"<p>Fones de ouvido IPX7<\/p>\n<p>Peso:Fone de ouvido: 6,3g| Caixa de carregamento \u2013 28 g<\/p>\n<p>Driver: \u03a6 13 mm<\/p>\n<p>Bluetooth: 5.4<\/p>\n<p>Cancelamento de ru\u00eddo: Sim<\/p>\n<p>Estojo de carregamento: 400 mAh<\/p>","protected":false},"featured_media":7322,"comment_status":"closed","ping_status":"closed","template":"","meta":{"_acf_changed":false},"product_brand":[287],"product_cat":[154,156,159],"product_tag":[],"class_list":{"0":"post-7313","1":"product","2":"type-product","3":"status-publish","4":"has-post-thumbnail","6":"product_brand-blackview","7":"product_cat-accesorios-blackview","8":"product_cat-accesorios-blackview-auriculares","9":"product_cat-ofertas","11":"first","12":"instock","13":"sale","14":"shipping-taxable","15":"purchasable","16":"product-type-variable"},"acf":[],"_links":{"self":[{"href":"https:\/\/blackviewphones.com\/pt\/wp-json\/wp\/v2\/product\/7313","targetHints":{"allow":["GET"]}}],"collection":[{"href":"https:\/\/blackviewphones.com\/pt\/wp-json\/wp\/v2\/product"}],"about":[{"href":"https:\/\/blackviewphones.com\/pt\/wp-json\/wp\/v2\/types\/product"}],"replies":[{"embeddable":true,"href":"https:\/\/blackviewphones.com\/pt\/wp-json\/wp\/v2\/comments?post=7313"}],"version-history":[{"count":0,"href":"https:\/\/blackviewphones.com\/pt\/wp-json\/wp\/v2\/product\/7313\/revisions"}],"wp:featuredmedia":[{"embeddable":true,"href":"https:\/\/blackviewphones.com\/pt\/wp-json\/wp\/v2\/media\/7322"}],"wp:attachment":[{"href":"https:\/\/blackviewphones.com\/pt\/wp-json\/wp\/v2\/media?parent=7313"}],"wp:term":[{"taxonomy":"product_brand","embeddable":true,"href":"https:\/\/blackviewphones.com\/pt\/wp-json\/wp\/v2\/product_brand?post=7313"},{"taxonomy":"product_cat","embeddable":true,"href":"https:\/\/blackviewphones.com\/pt\/wp-json\/wp\/v2\/product_cat?post=7313"},{"taxonomy":"product_tag","embeddable":true,"href":"https:\/\/blackviewphones.com\/pt\/wp-json\/wp\/v2\/product_tag?post=7313"}],"curies":[{"name":"wp","href":"https:\/\/api.w.org\/{rel}","templated":true}]}}