

{"id":7273,"date":"2025-04-23T13:58:47","date_gmt":"2025-04-23T11:58:47","guid":{"rendered":"https:\/\/blackviewphones.com\/?post_type=product&#038;p=7273"},"modified":"2026-02-04T15:00:39","modified_gmt":"2026-02-04T14:00:39","slug":"fones-de-ouvido-blackview-airbuds-9","status":"publish","type":"product","link":"https:\/\/blackviewphones.com\/pt\/product\/blackview-airbuds-9\/","title":{"rendered":"Blackview Airbuds 9 \u2013 Fones de ouvido Bluetooth 5.4"},"content":{"rendered":"<h1>Blackview Airbuds 9 \u2013 Fones de ouvido Bluetooth 5.4<\/h1>\n<p>Os AirBuds 9 se destacam pela estrutura leve e compacta. Eles se encaixam perfeitamente na orelha, garantindo estabilidade mesmo durante treinos intensos ou dias ativos. Seu design ergon\u00f4mico permite que sejam usados por horas sem desconforto. Aproveite total compatibilidade com seus dispositivos favoritos. N\u00e3o importa se voc\u00ea usa Android ou iPhone, os AirBuds 9 se conectam em segundos e oferecem uma experi\u00eancia personalizada diretamente do aplicativo.<\/p>\n<p>Equipados com drivers din\u00e2micos de alta precis\u00e3o e tecnologia PNC, os AirBuds 9 oferecem som claro e equilibrado com graves profundos. Cada nota, cada ritmo e cada chamado s\u00e3o ouvidos com uma clareza impressionante. Aproveite sua m\u00fasica favorita com qualidade profissional onde quer que voc\u00ea esteja.<\/p>\n<h2><span style=\"font-size: 28px; font-weight: 600;\">Caracter\u00edsticas <\/span>Blackview Airbuds 9 \u2013 Fones de ouvido Bluetooth<\/h2>\n<table>\n<tbody>\n<tr>\n<td><strong>Caracter\u00edsticas gerais<\/strong><\/td>\n<td><\/td>\n<\/tr>\n<tr>\n<td>Alcance de conex\u00e3o:<\/td>\n<td>&gt;10 m<\/td>\n<\/tr>\n<tr>\n<td>Peso:<\/td>\n<td>Fone de ouvido: 2,83 g | Estojo de carregamento: 30,36 g<\/td>\n<\/tr>\n<tr>\n<td>Motorista:<\/td>\n<td>Driver din\u00e2mico de \u03a6 6 mm<\/td>\n<\/tr>\n<tr>\n<td>Bluetooth:<\/td>\n<td>5.4<\/td>\n<\/tr>\n<tr>\n<td>Redu\u00e7\u00e3o de ru\u00eddo:<\/td>\n<td>Sim<\/td>\n<\/tr>\n<tr>\n<td>Faixa de resposta de frequ\u00eancia:<\/td>\n<td>20-20KHZ<\/td>\n<\/tr>\n<tr>\n<td>Bateria:<\/td>\n<td>Fones de ouvido: 30 mAh | Estojo de carregamento: 400 mAh<\/td>\n<\/tr>\n<tr>\n<td>Tempo de carregamento:<\/p>\n<p>Porto de carregamento:<\/td>\n<td>1h 30 min (fones de ouvido) \/ 1h 75 min (estojo de carregamento)<\/p>\n<p>USB Tipo C<\/td>\n<\/tr>\n<tr>\n<td>Conte\u00fado da embalagem:<\/td>\n<td>Airbuds 9<br \/>\nCaixa de carga<br \/>\nCabo de carregamento tipo C<br \/>\nManual do usu\u00e1rio<\/td>\n<\/tr>\n<\/tbody>\n<\/table>\n<h3>Guia do usu\u00e1rio do Airbuds 9:<\/h3>\n<ul>\n<li>Um toque: Volume \u2013 (fone de ouvido esquerdo) | Volume + (fone de ouvido direito)<\/li>\n<li>Toque duplo: Pausar (fone de ouvido esquerdo) | Reproduzir (fone de ouvido direito) | Chamadas (atender chamadas\/encerrar chamadas)<\/li>\n<li>Press\u00e3o tripla: M\u00fasica anterior (fone de ouvido esquerdo) | Pr\u00f3xima m\u00fasica (fone de ouvido direito)<\/li>\n<li>Press\u00e3o longa: rejeitar chamadas<\/li>\n<li>Quatro toques: Modo de espera<\/li>\n<\/ul>\n<p>\u00a0<\/p>","protected":false},"excerpt":{"rendered":"<p>Fones de ouvido ergon\u00f4micos<\/p>\n<p>Peso: Fone de ouvido \u2013 2,83 g| Caixa de carregamento \u2013 30,36 g<\/p>\n<p>Driver: \u03a6 6 mm<\/p>\n<p>Bluetooth: 5.4<\/p>\n<p>Redu\u00e7\u00e3o de ru\u00eddo: Sim<\/p>\n<p>Estojo de carregamento: 400 mAh<\/p>","protected":false},"featured_media":7275,"comment_status":"closed","ping_status":"closed","template":"","meta":{"_acf_changed":false},"product_brand":[],"product_cat":[154,156,159],"product_tag":[],"class_list":{"0":"post-7273","1":"product","2":"type-product","3":"status-publish","4":"has-post-thumbnail","6":"product_cat-accesorios-blackview","7":"product_cat-accesorios-blackview-auriculares","8":"product_cat-ofertas","10":"first","11":"outofstock","12":"sale","13":"shipping-taxable","14":"purchasable","15":"product-type-variable","16":"has-default-attributes"},"acf":[],"_links":{"self":[{"href":"https:\/\/blackviewphones.com\/pt\/wp-json\/wp\/v2\/product\/7273","targetHints":{"allow":["GET"]}}],"collection":[{"href":"https:\/\/blackviewphones.com\/pt\/wp-json\/wp\/v2\/product"}],"about":[{"href":"https:\/\/blackviewphones.com\/pt\/wp-json\/wp\/v2\/types\/product"}],"replies":[{"embeddable":true,"href":"https:\/\/blackviewphones.com\/pt\/wp-json\/wp\/v2\/comments?post=7273"}],"version-history":[{"count":0,"href":"https:\/\/blackviewphones.com\/pt\/wp-json\/wp\/v2\/product\/7273\/revisions"}],"wp:featuredmedia":[{"embeddable":true,"href":"https:\/\/blackviewphones.com\/pt\/wp-json\/wp\/v2\/media\/7275"}],"wp:attachment":[{"href":"https:\/\/blackviewphones.com\/pt\/wp-json\/wp\/v2\/media?parent=7273"}],"wp:term":[{"taxonomy":"product_brand","embeddable":true,"href":"https:\/\/blackviewphones.com\/pt\/wp-json\/wp\/v2\/product_brand?post=7273"},{"taxonomy":"product_cat","embeddable":true,"href":"https:\/\/blackviewphones.com\/pt\/wp-json\/wp\/v2\/product_cat?post=7273"},{"taxonomy":"product_tag","embeddable":true,"href":"https:\/\/blackviewphones.com\/pt\/wp-json\/wp\/v2\/product_tag?post=7273"}],"curies":[{"name":"wp","href":"https:\/\/api.w.org\/{rel}","templated":true}]}}