

{"id":7248,"date":"2025-04-22T14:00:23","date_gmt":"2025-04-22T12:00:23","guid":{"rendered":"https:\/\/blackviewphones.com\/?post_type=product&#038;p=7248"},"modified":"2025-11-26T17:24:18","modified_gmt":"2025-11-26T16:24:18","slug":"tablet-blackview-mega-8-36gb-ram-256gb-rom","status":"publish","type":"product","link":"https:\/\/blackviewphones.com\/pt\/product\/tablet-blackview-mega-8-36gb-ram-256gb-rom\/","title":{"rendered":"Tablet Blackview MEGA 8 AI 2.0 | 36 GB de RAM 256 GB de ROM"},"content":{"rendered":"<h1>Tablet Blackview MEGA 8 AI | 36 GB (12 GB + 24 GB) de RAM 256 GB de ROM<\/h1>\n<p>O novo Tablet <strong>Blackview Mega 8<\/strong> \u00c9 o primeiro tablet Blackview da <strong>Tela de 13 polegadas<\/strong> com <strong>Android 15 com Gemini AI 2.0<\/strong>. Com um design elegante, uma grande bateria de 11.000 mAh que lhe dar\u00e1 at\u00e9 20 horas de uso e compatibilidade com Wideline L1. Al\u00e9m disso, conta com fun\u00e7\u00f5es de desbloqueio facial, anti-impress\u00e3o digital e Smart Google Lens.<\/p>\n<p><strong>Caneta Stylus Gr\u00e1tis: Rabisque com ousadia, desenhe com suavidade<\/strong><\/p>\n<p>De rabiscos espont\u00e2neos a tra\u00e7os complexos, transforme seu MEGA 8 no modelo definitivo para suas grandes ideias. Com cada movimento ousado e cada pincelada suave, d\u00ea vida \u00e0s suas inspira\u00e7\u00f5es sem esfor\u00e7o. O fluxo livre e cont\u00ednuo, seja desenhando, escrevendo ou navegando.<\/p>\n<h3>Adicione widgets rapidamente: sem arrastar, com toda a facilidade<\/h3>\n<p>O novo bot\u00e3o \u201cadicionar\u201d torna a coloca\u00e7\u00e3o de widgets mais r\u00e1pida do que nunca \u2013 n\u00e3o \u00e9 necess\u00e1rio arrastar! Com um \u00fanico toque, voc\u00ea pode adicionar rapidamente seus widgets favoritos diretamente \u00e0 sua tela inicial, economizando tempo e esfor\u00e7o.<\/p>\n<h2>Conectividade MEGA 8<\/h2>\n<p>Bandas 2G: B2\/B3\/B5\/B8<\/p>\n<p>Bandas 3G: B1\/B8<\/p>\n<p>Bandas 4G: FDD:B1\/B3\/B7\/B8\/B20\/B19\/B28A\/B28B TDD: B40\/B41\/B38<\/p>\n<p>\u00a0<\/p>\n<p><strong>Tablet da marca Blackview, mas n\u00e3o \u00e9 IP68, n\u00e3o pode molhar nem bater.<\/strong><\/p>\n<p>\u00a0<\/p>","protected":false},"excerpt":{"rendered":"<p>Tablet convencional com caneta<br \/>\nUnisoc T615<br \/>\nCompat\u00edvel com Wideline L1<br \/>\nAndroide 15 | 11.000 mAh<br \/>\nSuporta cart\u00e3o SIM<br \/>\n302.*197,5*7,85 mil\u00edmetros<br \/>\nPeso 736 g | Tela de 13\u2033<br \/>\n12 GB + 24 GB de RAM 256 GB de ROM<\/p>","protected":false},"featured_media":8700,"comment_status":"open","ping_status":"closed","template":"","meta":{"_acf_changed":false},"product_brand":[],"product_cat":[42],"product_tag":[315],"class_list":{"0":"post-7248","1":"product","2":"type-product","3":"status-publish","4":"has-post-thumbnail","6":"product_cat-moviles-blackview","7":"product_tag-315","9":"first","10":"outofstock","11":"sale","12":"featured","13":"shipping-taxable","14":"purchasable","15":"product-type-variable","16":"has-default-attributes"},"acf":[],"_links":{"self":[{"href":"https:\/\/blackviewphones.com\/pt\/wp-json\/wp\/v2\/product\/7248","targetHints":{"allow":["GET"]}}],"collection":[{"href":"https:\/\/blackviewphones.com\/pt\/wp-json\/wp\/v2\/product"}],"about":[{"href":"https:\/\/blackviewphones.com\/pt\/wp-json\/wp\/v2\/types\/product"}],"replies":[{"embeddable":true,"href":"https:\/\/blackviewphones.com\/pt\/wp-json\/wp\/v2\/comments?post=7248"}],"version-history":[{"count":0,"href":"https:\/\/blackviewphones.com\/pt\/wp-json\/wp\/v2\/product\/7248\/revisions"}],"wp:featuredmedia":[{"embeddable":true,"href":"https:\/\/blackviewphones.com\/pt\/wp-json\/wp\/v2\/media\/8700"}],"wp:attachment":[{"href":"https:\/\/blackviewphones.com\/pt\/wp-json\/wp\/v2\/media?parent=7248"}],"wp:term":[{"taxonomy":"product_brand","embeddable":true,"href":"https:\/\/blackviewphones.com\/pt\/wp-json\/wp\/v2\/product_brand?post=7248"},{"taxonomy":"product_cat","embeddable":true,"href":"https:\/\/blackviewphones.com\/pt\/wp-json\/wp\/v2\/product_cat?post=7248"},{"taxonomy":"product_tag","embeddable":true,"href":"https:\/\/blackviewphones.com\/pt\/wp-json\/wp\/v2\/product_tag?post=7248"}],"curies":[{"name":"wp","href":"https:\/\/api.w.org\/{rel}","templated":true}]}}