

{"id":7139,"date":"2025-04-07T17:08:11","date_gmt":"2025-04-07T15:08:11","guid":{"rendered":"https:\/\/blackviewphones.com\/?post_type=product&#038;p=7139"},"modified":"2026-04-04T15:04:05","modified_gmt":"2026-04-04T13:04:05","slug":"tablet-blackview-tab-a6-infantil-12gb-ram-128gb-rom","status":"publish","type":"product","link":"https:\/\/blackviewphones.com\/pt\/produto\/tablet-blackview-tab-a6-infantil-12gb-ram-128gb-rom\/","title":{"rendered":"Tablet infantil Blackview Tab A6 | 12 GB de RAM 128 GB de ROM"},"content":{"rendered":"<h1>Tablet infantil Blackview Tab A6 | 12 GB de RAM 128 GB de ROM<\/h1>\n<p>O <strong>Guia A6 Kids<\/strong> \u00c9 o companheiro perfeito e acess\u00edvel para crian\u00e7as em sua jornada de aprendizado e divers\u00e3o. Com seu conte\u00fado educativo e divertido, este tablet estimula a curiosidade e a criatividade dos pequenos exploradores. Al\u00e9m disso, seu design dur\u00e1vel proporcionado pelo case de EVA, sua tela de 10,1\u2033, sua compatibilidade com <em>Linha larga L1<\/em> e as fun\u00e7\u00f5es de <strong>controles parentais<\/strong> avan\u00e7ado proporciona tranquilidade aos pais. Tamb\u00e9m tem <strong>modo de prote\u00e7\u00e3o ocular<\/strong>, seguran\u00e7a e uma bateria de 5100 mAh, o Tab A6 Kids oferece uma experi\u00eancia segura, emocionante e educativa para crian\u00e7as.<\/p>\n<h2><span style=\"font-size: 16px;\">Conte\u00fado educativo e divertido:<\/span><\/h2>\n<p>O Tab A6 Kids vem com uma grande variedade de conte\u00fado educativo e divertido. De aplicativos interativos e jogos educativos a livros e v\u00eddeos digitais, seus filhos podem aprender e se divertir ao mesmo tempo.<\/p>\n<h4>Controle Parental Avan\u00e7ado:<\/h4>\n<p>Com os recursos de controle parental do Tab A6 Kids, voc\u00ea pode definir limites de tempo de uso, filtrar conte\u00fado inapropriado e monitorar as atividades online dos seus filhos. Mantenha um ambiente seguro e adequado \u00e0 idade deles enquanto eles exploram o mundo digital.<\/p>\n<p><strong>Este tablet n\u00e3o possui certifica\u00e7\u00e3o IP68, N\u00c3O \u00e9 inquebr\u00e1vel.\u00a0\u00a0<\/strong><\/p>\n<p><strong>Teclado n\u00e3o inclu\u00eddo.<\/strong><\/p>","protected":false},"excerpt":{"rendered":"<p>Tablet infantil (somente Wi-Fi)<br \/>\nAllwinner A523<br \/>\nAndroide 14 | 5100 mAh<br \/>\n242,7*162,5*8,5 mil\u00edmetros<br \/>\nPeso 546 g | Tela de 10,1\u2033<br \/>\n4 GB + 8 GB de RAM, 128 GB de ROM<\/p>","protected":false},"featured_media":4957,"comment_status":"closed","ping_status":"closed","template":"","meta":{"_acf_changed":false},"product_brand":[287],"product_cat":[159,95,328],"product_tag":[299],"class_list":{"0":"post-7139","1":"product","2":"type-product","3":"status-publish","4":"has-post-thumbnail","6":"product_brand-blackview","7":"product_cat-ofertas","8":"product_cat-tablets-blackview","9":"product_cat-tablets-blackview-tablets-inteligentes-blackview","10":"product_tag-kids","12":"first","13":"instock","14":"sale","15":"shipping-taxable","16":"purchasable","17":"product-type-variable","18":"has-default-attributes"},"acf":[],"_links":{"self":[{"href":"https:\/\/blackviewphones.com\/pt\/wp-json\/wp\/v2\/product\/7139","targetHints":{"allow":["GET"]}}],"collection":[{"href":"https:\/\/blackviewphones.com\/pt\/wp-json\/wp\/v2\/product"}],"about":[{"href":"https:\/\/blackviewphones.com\/pt\/wp-json\/wp\/v2\/types\/product"}],"replies":[{"embeddable":true,"href":"https:\/\/blackviewphones.com\/pt\/wp-json\/wp\/v2\/comments?post=7139"}],"version-history":[{"count":0,"href":"https:\/\/blackviewphones.com\/pt\/wp-json\/wp\/v2\/product\/7139\/revisions"}],"wp:featuredmedia":[{"embeddable":true,"href":"https:\/\/blackviewphones.com\/pt\/wp-json\/wp\/v2\/media\/4957"}],"wp:attachment":[{"href":"https:\/\/blackviewphones.com\/pt\/wp-json\/wp\/v2\/media?parent=7139"}],"wp:term":[{"taxonomy":"product_brand","embeddable":true,"href":"https:\/\/blackviewphones.com\/pt\/wp-json\/wp\/v2\/product_brand?post=7139"},{"taxonomy":"product_cat","embeddable":true,"href":"https:\/\/blackviewphones.com\/pt\/wp-json\/wp\/v2\/product_cat?post=7139"},{"taxonomy":"product_tag","embeddable":true,"href":"https:\/\/blackviewphones.com\/pt\/wp-json\/wp\/v2\/product_tag?post=7139"}],"curies":[{"name":"wp","href":"https:\/\/api.w.org\/{rel}","templated":true}]}}