

{"id":7117,"date":"2025-04-07T15:57:41","date_gmt":"2025-04-07T13:57:41","guid":{"rendered":"https:\/\/blackviewphones.com\/?post_type=product&#038;p=7117"},"modified":"2026-02-03T13:49:23","modified_gmt":"2026-02-03T12:49:23","slug":"blackview-bl8000-5g-12gb-ram-512gb-rom","status":"publish","type":"product","link":"https:\/\/blackviewphones.com\/pt\/produto\/blackview-bl8000-5g-12gb-ram-512gb-rom\/","title":{"rendered":"Blackview BL8000 \u2013 5G | 24 GB de RAM 512 GB de ROM"},"content":{"rendered":"<h1>Blackview BL8000 | 24 GB (12 GB + 12 GB) de RAM 512 GB de ROM<\/h1>\n<p>Apresentamos o Blackview BL8000 5G, ele chega ao mercado com tela dupla integrada e\u00a0<strong>at\u00e9 550 nits<\/strong>. Tem capacidade para at\u00e9<strong>\u00a024 GB de RAM e 512 GB de ROM<\/strong>, com processador de \u00faltima gera\u00e7\u00e3o\u00a0<strong>MediaTek Dimensity 7050 5G<\/strong>, o que permitir\u00e1 que voc\u00ea execute v\u00e1rias tarefas ao mesmo tempo e alterne facilmente entre aplicativos. Al\u00e9m disso, possui uma tela de 6,78\u2033,\u00a0<strong>NFC<\/strong>, uma bateria de\u00a0<strong>8800 mAh<\/strong>\u00a0de\u00a0<strong>Carregamento r\u00e1pido de 33 W<\/strong>, e com um sistema operacional Android 13.<\/p>\n<p>\u00c9 tamb\u00e9m um dispositivo que possui\u00a0<strong>C\u00e2mera tripla de 50 MP (Samsung\u00ae ISOCELL GN5), 8 MP (c\u00e2mera grande angular de 117\u00b0) e 2 Mpx<\/strong>. Al\u00e9m disso, uma c\u00e2mera frontal de 16 MPx. Dispositivo robusto testado com certifica\u00e7\u00e3o IP68 e IP69K.<\/p>\n<h2>Conectividade BL8000<\/h2>\n<p>Banda 2G: GSM: B2\/B3\/B5\/B8<br \/>\nBanda 3G: WCDMA: B1\/B2\/B4\/B5\/B6\/B8\/B19 CDMA: BC0\/BC1\/BC10<br \/>\nBanda 4G: LTE-TDD:B1\/2\/3\/4\/5\/7\/8\/12\/13\/17\/18\/19\/20\/25\/26\/28A\/28B\/30\/66 LTE-TDD:B34\/38\/39\/40\/41<br \/>\nBanda 5G: N1\/3\/5\/7\/8\/20\/28\/38\/40\/41\/77\/78\/79<\/p>\n<h3>IP68: O QUE VOC\u00ca PODE E N\u00c3O PODE FAZER<\/h3>\n<p>Se um dispositivo tiver certifica\u00e7\u00e3o IP68, isso significa que ele pode ser submerso em \u00e1gua.\u00a0<strong>\u00e1gua doce<\/strong>\u00a0<strong>em profundidades de at\u00e9 um metro por um per\u00edodo m\u00e1ximo de 30 minutos, desde que as prote\u00e7\u00f5es terminais permane\u00e7am devidamente seladas.<\/strong><\/p>\n<p><strong>Deixamos-lhe algumas dicas<\/strong>\u00a0<strong>para qualquer terminal com certifica\u00e7\u00e3o IP68<\/strong>:<\/p>\n<ul>\n<li>N\u00e3o exponha o smartphone IP68 a correntes de \u00e1gua, como \u00e1gua da torneira, ondas do mar ou cachoeiras.<\/li>\n<li>Se o seu smartphone IP68 tiver sido exposto \u00e0 \u00e1gua doce, seque-o cuidadosamente com um pano limpo e macio.<\/li>\n<li>Se o smartphone IP68 tiver sido exposto a qualquer tipo de l\u00edquido que n\u00e3o seja \u00e1gua doce (como \u00e1gua do mar), enx\u00e1gue imediatamente o dispositivo com cuidado em \u00e1gua doce e seque bem com um pano macio e limpo.<\/li>\n<li>Caso tenha alguma d\u00favida sobre se as prote\u00e7\u00f5es est\u00e3o devidamente fechadas.\u00a0<strong>N\u00c3O\u00a0<\/strong>voc\u00ea o molha.<\/li>\n<li>N\u00e3o recomendamos realizar testes agressivos para demonstrar sua resist\u00eancia.<\/li>\n<li>N\u00e3o \u00e9 aconselh\u00e1vel manipular os bot\u00f5es do aparelho na \u00e1gua.<\/li>\n<li>N\u00e3o \u00e9 recomendado mergulhar o dispositivo em \u00e1gua salgada, pois a certifica\u00e7\u00e3o IP se aplica somente \u00e0 \u00e1gua doce.<\/li>\n<\/ul>","protected":false},"excerpt":{"rendered":"<p>MediaTek Dimensity 7050<\/p>\n<p>12 GB + 12 GB de RAM 512 GB de ROM<\/p>\n<p>Android 13 \u2013 5G | 550 l\u00eandeas<\/p>\n<p>179,5*82,6*17 mil\u00edmetros<\/p>\n<p>Tela 6,78\u2033 Peso 385 g<\/p>\n<p>8800 mAh<\/p>\n<p>Celular robusto com NFC<\/p>","protected":false},"featured_media":8008,"comment_status":"closed","ping_status":"closed","template":"","meta":{"_acf_changed":false},"product_brand":[287],"product_cat":[349],"product_tag":[],"class_list":{"0":"post-7117","1":"product","2":"type-product","3":"status-publish","4":"has-post-thumbnail","6":"product_brand-blackview","7":"product_cat-sin-categoria","9":"first","10":"outofstock","11":"sale","12":"shipping-taxable","13":"purchasable","14":"product-type-variable"},"acf":[],"_links":{"self":[{"href":"https:\/\/blackviewphones.com\/pt\/wp-json\/wp\/v2\/product\/7117","targetHints":{"allow":["GET"]}}],"collection":[{"href":"https:\/\/blackviewphones.com\/pt\/wp-json\/wp\/v2\/product"}],"about":[{"href":"https:\/\/blackviewphones.com\/pt\/wp-json\/wp\/v2\/types\/product"}],"replies":[{"embeddable":true,"href":"https:\/\/blackviewphones.com\/pt\/wp-json\/wp\/v2\/comments?post=7117"}],"version-history":[{"count":0,"href":"https:\/\/blackviewphones.com\/pt\/wp-json\/wp\/v2\/product\/7117\/revisions"}],"wp:featuredmedia":[{"embeddable":true,"href":"https:\/\/blackviewphones.com\/pt\/wp-json\/wp\/v2\/media\/8008"}],"wp:attachment":[{"href":"https:\/\/blackviewphones.com\/pt\/wp-json\/wp\/v2\/media?parent=7117"}],"wp:term":[{"taxonomy":"product_brand","embeddable":true,"href":"https:\/\/blackviewphones.com\/pt\/wp-json\/wp\/v2\/product_brand?post=7117"},{"taxonomy":"product_cat","embeddable":true,"href":"https:\/\/blackviewphones.com\/pt\/wp-json\/wp\/v2\/product_cat?post=7117"},{"taxonomy":"product_tag","embeddable":true,"href":"https:\/\/blackviewphones.com\/pt\/wp-json\/wp\/v2\/product_tag?post=7117"}],"curies":[{"name":"wp","href":"https:\/\/api.w.org\/{rel}","templated":true}]}}