

{"id":7108,"date":"2025-04-07T15:41:12","date_gmt":"2025-04-07T13:41:12","guid":{"rendered":"https:\/\/blackviewphones.com\/?post_type=product&#038;p=7108"},"modified":"2026-05-08T13:31:35","modified_gmt":"2026-05-08T11:31:35","slug":"blackview-bv9300-pro-24gb-ram-256gb-rom","status":"publish","type":"product","link":"https:\/\/blackviewphones.com\/pt\/product\/blackview-bv9300-pro-24gb-ram-256gb-rom\/","title":{"rendered":"Blackview BV9300 Pro | 24 GB de RAM 256 GB de ROM (Recondicionado)"},"content":{"rendered":"<h1>Blackview BV9300 Pro | 24 GB de RAM + 256 GB de ROM (Recondicionado)<\/h1>\n<p>Apresentamos o\u00a0<strong>BV9300 Pro, um telefone robusto com uma lanterna potente e tela dupla.<\/strong>\u00a0Projetada para suportar os ambientes mais desafiadores com uma lanterna de 100 l\u00famens. Equipado com um processador potente\u00a0<strong>MediaTek Helio G99 Octa-Core.\u00a0<\/strong>Com\u00a0<strong>12 GB de RAM<\/strong>\u00a0com\u00a0<strong>12 GB a mais<\/strong>\u00a0expans\u00e3o, este dispositivo oferece desempenho r\u00e1pido e suave em todas as suas tarefas.<\/p>\n<p>Sua tela\u00a0<strong>CORNING \u00ae GORILLA \u00ae GLASS 5 Full HD<\/strong>+ 6,7 polegadas,\u00a0<strong>120 Hz<\/strong>, oferece uma experi\u00eancia visual envolvente e vibrante, enquanto sua bateria de longa dura\u00e7\u00e3o\u00a0<strong>15080 mAh<\/strong>\u00a0permite que voc\u00ea aproveite o uso prolongado sem se preocupar em ficar sem energia.<\/p>\n<p>O BV9300 Pro tem uma c\u00e2mera traseira\u00a0<strong>64 MP+8 MP<\/strong>, que permite capturar imagens e v\u00eddeos de alta qualidade mesmo em condi\u00e7\u00f5es de pouca luz. Al\u00e9m disso, sua c\u00e2mera frontal de 32 MP \u00e9 perfeita para tirar selfies incr\u00edveis. Com uma capacidade de armazenamento interno de\u00a0<strong>256 GB<\/strong>\u00a0e a capacidade de expandi-lo at\u00e9 1 TB adicional por meio de um cart\u00e3o microSD, voc\u00ea ter\u00e1 espa\u00e7o mais que suficiente para armazenar seus arquivos, aplicativos e m\u00eddia.<\/p>\n<p>Al\u00e9m de seu poderoso desempenho e capacidade de armazenamento, o BV9300 Pro possui\u00a0<strong>Certifica\u00e7\u00f5es IP68 e IP69K<\/strong>, o que significa que \u00e9 resistente \u00e0 \u00e1gua e \u00e0 poeira. Ele tamb\u00e9m atende aos padr\u00f5es militares MIL-STD-810G, garantindo resist\u00eancia a condi\u00e7\u00f5es extremas, como quedas, vibra\u00e7\u00f5es e temperaturas extremas.<\/p>\n<h2><span style=\"font-size: 16px;\">N\u00e3o perca a oportunidade de adquirir o BV9300 Pro, um telefone robusto e confi\u00e1vel que acompanhar\u00e1 voc\u00ea em suas aventuras mais extremas. Desfrute de desempenho excepcional, dura\u00e7\u00e3o de bateria impressionante, telas duplas e qualidade de c\u00e2mera excepcional. Prepare-se para levar sua experi\u00eancia m\u00f3vel para o pr\u00f3ximo n\u00edvel com o Blackview BV9300 Pro!<\/span><\/h2>\n<h3>IP68: O QUE VOC\u00ca PODE E N\u00c3O PODE FAZER<\/h3>\n<p>Se um dispositivo tiver certifica\u00e7\u00e3o IP68, isso significa que ele pode ser submerso em \u00e1gua.\u00a0<strong>\u00e1gua doce<\/strong>\u00a0<strong>em profundidades de at\u00e9 um metro por um per\u00edodo m\u00e1ximo de 30 minutos, desde que as prote\u00e7\u00f5es terminais permane\u00e7am devidamente seladas.<\/strong><\/p>\n<p><strong>Deixamos-lhe algumas dicas<\/strong>\u00a0<strong>para qualquer terminal com certifica\u00e7\u00e3o IP68<\/strong>:<\/p>\n<ul>\n<li>N\u00e3o exponha o smartphone IP68 a correntes de \u00e1gua, como \u00e1gua da torneira, ondas do mar ou cachoeiras.<\/li>\n<li>Al\u00e9m disso, se o seu smartphone IP68 tiver sido exposto \u00e0 \u00e1gua doce, seque-o cuidadosamente com um pano limpo e macio.<\/li>\n<li>Se o smartphone IP68 tiver sido exposto a qualquer tipo de l\u00edquido que n\u00e3o seja \u00e1gua doce (como \u00e1gua do mar), enx\u00e1gue imediatamente o dispositivo com cuidado em \u00e1gua doce e seque bem com um pano macio e limpo.<\/li>\n<li>Caso tenha alguma d\u00favida sobre se as prote\u00e7\u00f5es est\u00e3o devidamente fechadas.\u00a0<strong>N\u00c3O\u00a0<\/strong>voc\u00ea o molha.<\/li>\n<li>Evite testes agressivos para demonstrar sua resist\u00eancia<\/li>\n<li>N\u00e3o \u00e9 aconselh\u00e1vel manipular os bot\u00f5es do aparelho na \u00e1gua.<\/li>\n<li>\u00c9 recomend\u00e1vel N\u00c3O molhar o dispositivo em \u00e1gua salgada, pois a certifica\u00e7\u00e3o IP se aplica somente \u00e0 \u00e1gua doce.<\/li>\n<\/ul>","protected":false},"excerpt":{"rendered":"<p>MediaTek Helio G99<\/p>\n<p>8 GB + 8 GB \/ 12 GB + 12 GB de RAM, 256 GB de ROM<\/p>\n<p>Androide 13 | Lanterna de 100 l\u00famens<\/p>\n<p>184,6*85,6*22,8 mil\u00edmetros<\/p>\n<p>Tela 6,7\u2033 Peso 525 g<\/p>\n<p>15080 mAh<\/p>\n<p>Celular robusto com NFC (Recondicionado)<\/p>","protected":false},"featured_media":13320,"comment_status":"closed","ping_status":"closed","template":"","meta":{"_acf_changed":false},"product_brand":[287],"product_cat":[42,136,338],"product_tag":[298],"class_list":{"0":"post-7108","1":"product","2":"type-product","3":"status-publish","4":"has-post-thumbnail","6":"product_brand-blackview","7":"product_cat-moviles-blackview","8":"product_cat-moviles-resistentes-rugerizados","9":"product_cat-productos","10":"product_tag-linterna","12":"first","13":"instock","14":"sale","15":"shipping-taxable","16":"purchasable","17":"product-type-variable","18":"has-default-attributes"},"acf":[],"_links":{"self":[{"href":"https:\/\/blackviewphones.com\/pt\/wp-json\/wp\/v2\/product\/7108","targetHints":{"allow":["GET"]}}],"collection":[{"href":"https:\/\/blackviewphones.com\/pt\/wp-json\/wp\/v2\/product"}],"about":[{"href":"https:\/\/blackviewphones.com\/pt\/wp-json\/wp\/v2\/types\/product"}],"replies":[{"embeddable":true,"href":"https:\/\/blackviewphones.com\/pt\/wp-json\/wp\/v2\/comments?post=7108"}],"version-history":[{"count":0,"href":"https:\/\/blackviewphones.com\/pt\/wp-json\/wp\/v2\/product\/7108\/revisions"}],"wp:featuredmedia":[{"embeddable":true,"href":"https:\/\/blackviewphones.com\/pt\/wp-json\/wp\/v2\/media\/13320"}],"wp:attachment":[{"href":"https:\/\/blackviewphones.com\/pt\/wp-json\/wp\/v2\/media?parent=7108"}],"wp:term":[{"taxonomy":"product_brand","embeddable":true,"href":"https:\/\/blackviewphones.com\/pt\/wp-json\/wp\/v2\/product_brand?post=7108"},{"taxonomy":"product_cat","embeddable":true,"href":"https:\/\/blackviewphones.com\/pt\/wp-json\/wp\/v2\/product_cat?post=7108"},{"taxonomy":"product_tag","embeddable":true,"href":"https:\/\/blackviewphones.com\/pt\/wp-json\/wp\/v2\/product_tag?post=7108"}],"curies":[{"name":"wp","href":"https:\/\/api.w.org\/{rel}","templated":true}]}}