

{"id":7071,"date":"2025-04-07T13:28:37","date_gmt":"2025-04-07T11:28:37","guid":{"rendered":"https:\/\/blackviewphones.com\/?post_type=product&#038;p=7071"},"modified":"2026-03-27T14:06:42","modified_gmt":"2026-03-27T13:06:42","slug":"blackview-bv5300-plus-8-gb-ram-128-gb-rom","status":"publish","type":"product","link":"https:\/\/blackviewphones.com\/pt\/product\/blackview-bv5300-plus-8-gb-ram-128-gb-rom\/","title":{"rendered":"Blackview BV5300 PLUS NFC | 24 GB de RAM 128 GB de ROM"},"content":{"rendered":"<h1>Blackview BV5300 Plus NFC | 24 GB de RAM + 128 GB de ROM<\/h1>\n<p>Apesar da sua resist\u00eancia, o <strong>BV5300 Plus<\/strong> Ele n\u00e3o abre m\u00e3o do desempenho. Vem equipado com um processador Octa-Core. Este telefone oferece at\u00e9 24 GB de RAM e 1 TB de armazenamento interno via cart\u00e3o microSD, garantindo um funcionamento fluido e a capacidade de executar aplicativos e jogos sem problemas.<\/p>\n<p>Com uma bateria de 6580 mAh, o BV5300 Plus oferece dura\u00e7\u00e3o de bateria suficiente para durar o dia todo. Voc\u00ea pode usar seu smartphone sem se preocupar em ficar sem energia, mesmo em situa\u00e7\u00f5es em que n\u00e3o tenha acesso a uma tomada.<\/p>\n<p>N\u00e3o deixe que nada o impe\u00e7a e adquira agora mesmo o BV5300 Plus, um celular robusto com pre\u00e7o acess\u00edvel!<\/p>\n<h2 style=\"font-weight: 400;\"><strong>Resist\u00eancia extrema para qualquer ambiente<\/strong><\/h2>\n<p>O Blackview BV5300 Plus \u00e9 o companheiro ideal para entusiastas de atividades ao ar livre e trabalhadores em ambientes exigentes. Seu design robusto atende aos padr\u00f5es de resist\u00eancia IP68 e IP69K, tornando-o resistente \u00e0 \u00e1gua, poeira e choques. Voc\u00ea pode submergi-lo at\u00e9 1,5 metro de profundidade por 30 minutos sem preocupa\u00e7\u00f5es. Al\u00e9m disso, ele foi projetado para suportar quedas de at\u00e9 1,5 metro de altura, proporcionando total tranquilidade em qualquer situa\u00e7\u00e3o.<\/p>\n<p><strong><span style=\"font-size: 16px;\">IP68: O QUE VOC\u00ca PODE E N\u00c3O PODE FAZER<\/span><\/strong><\/p>\n<p>Se um dispositivo tiver certifica\u00e7\u00e3o IP68, isso significa que ele pode ser submerso em \u00e1gua. <strong>\u00e1gua doce<\/strong>\u00a0<strong>em profundidades de at\u00e9 um metro por um per\u00edodo m\u00e1ximo de 30 minutos, desde que as prote\u00e7\u00f5es terminais permane\u00e7am devidamente seladas.<\/strong><\/p>\n<p><strong>Deixamos-lhe algumas dicas<\/strong>\u00a0<strong>para qualquer terminal com certifica\u00e7\u00e3o IP68<\/strong>:<\/p>\n<ul>\n<li>N\u00e3o exponha o smartphone IP68 a correntes de \u00e1gua, como \u00e1gua da torneira, ondas do mar ou cachoeiras.<\/li>\n<li>Al\u00e9m disso, se o seu smartphone IP68 tiver sido exposto \u00e0 \u00e1gua doce, seque-o cuidadosamente com um pano limpo e macio.<\/li>\n<li>Se o smartphone IP68 tiver sido exposto a qualquer tipo de l\u00edquido que n\u00e3o seja \u00e1gua doce (como \u00e1gua do mar), enx\u00e1gue imediatamente o dispositivo com \u00e1gua doce suave e seque cuidadosamente com um pano macio e limpo.<\/li>\n<li>Caso tenha alguma d\u00favida sobre se as prote\u00e7\u00f5es est\u00e3o devidamente fechadas.\u00a0<strong>N\u00c3O\u00a0<\/strong>voc\u00ea o molha.<\/li>\n<li>Evite testes agressivos para demonstrar sua resist\u00eancia<\/li>\n<li>N\u00e3o \u00e9 aconselh\u00e1vel manipular os bot\u00f5es do aparelho na \u00e1gua.<\/li>\n<li>\u00c9 recomend\u00e1vel N\u00c3O mergulhar o dispositivo em \u00e1gua salgada porque a certifica\u00e7\u00e3o IP se aplica somente \u00e0 \u00e1gua doce.<\/li>\n<\/ul>","protected":false},"excerpt":{"rendered":"<p>MediaTek Helio G72<\/p>\n<p>8 GB + 8 GB de RAM, 128 GB de ROM<\/p>\n<p>DokeOS 4.0 baseado no Android 13<\/p>\n<p>161,5*77,6*15,0 mil\u00edmetros<\/p>\n<p>Tela 6.1\u2033 Peso 273 gramas<\/p>\n<p>6580 mAh<\/p>\n<p>Celular robusto com NFC<\/p>\n<div id=\"gtx-trans\" style=\"position: absolute; left: 342px; top: 276.99px;\">\n<div class=\"gtx-trans-icon\"><\/div>\n<\/div>","protected":false},"featured_media":4533,"comment_status":"closed","ping_status":"closed","template":"","meta":{"_acf_changed":false},"product_brand":[],"product_cat":[136,166],"product_tag":[],"class_list":{"0":"post-7071","1":"product","2":"type-product","3":"status-publish","4":"has-post-thumbnail","6":"product_cat-moviles-resistentes-rugerizados","7":"product_cat-moviles-resistentes-rugerizados-nuevos-modelos","9":"first","10":"outofstock","11":"sale","12":"shipping-taxable","13":"purchasable","14":"product-type-variable","15":"has-default-attributes"},"acf":[],"_links":{"self":[{"href":"https:\/\/blackviewphones.com\/pt\/wp-json\/wp\/v2\/product\/7071","targetHints":{"allow":["GET"]}}],"collection":[{"href":"https:\/\/blackviewphones.com\/pt\/wp-json\/wp\/v2\/product"}],"about":[{"href":"https:\/\/blackviewphones.com\/pt\/wp-json\/wp\/v2\/types\/product"}],"replies":[{"embeddable":true,"href":"https:\/\/blackviewphones.com\/pt\/wp-json\/wp\/v2\/comments?post=7071"}],"version-history":[{"count":0,"href":"https:\/\/blackviewphones.com\/pt\/wp-json\/wp\/v2\/product\/7071\/revisions"}],"wp:featuredmedia":[{"embeddable":true,"href":"https:\/\/blackviewphones.com\/pt\/wp-json\/wp\/v2\/media\/4533"}],"wp:attachment":[{"href":"https:\/\/blackviewphones.com\/pt\/wp-json\/wp\/v2\/media?parent=7071"}],"wp:term":[{"taxonomy":"product_brand","embeddable":true,"href":"https:\/\/blackviewphones.com\/pt\/wp-json\/wp\/v2\/product_brand?post=7071"},{"taxonomy":"product_cat","embeddable":true,"href":"https:\/\/blackviewphones.com\/pt\/wp-json\/wp\/v2\/product_cat?post=7071"},{"taxonomy":"product_tag","embeddable":true,"href":"https:\/\/blackviewphones.com\/pt\/wp-json\/wp\/v2\/product_tag?post=7071"}],"curies":[{"name":"wp","href":"https:\/\/api.w.org\/{rel}","templated":true}]}}