

{"id":7066,"date":"2025-04-07T13:11:48","date_gmt":"2025-04-07T11:11:48","guid":{"rendered":"https:\/\/blackviewphones.com\/?post_type=product&#038;p=7066"},"modified":"2026-04-02T13:26:18","modified_gmt":"2026-04-02T11:26:18","slug":"blackview-color8-8gb-ram-256gb-rom","status":"publish","type":"product","link":"https:\/\/blackviewphones.com\/pt\/product\/blackview-color8-8gb-ram-256-gb-rom\/","title":{"rendered":"Blackview COLOR 8 | 16 GB de RAM + 256 GB de ROM"},"content":{"rendered":"<h1>Blackview COLOR 8 | 8 GB + 8 GB de RAM 256 GB de ROM<\/h1>\n<p>O novo\u00a0<strong>Blackview COLOR 8<\/strong>, \u00e9 o celular Blackview com um pre\u00e7o acess\u00edvel, elegante e pr\u00e1tico. Ele tem um processador\u00a0<strong>Unisoc T616 (12 nm)<\/strong>, com uma c\u00e2mera principal Samsung \u00ae ISOCELL JN1 50 Mpx, uma tela 16:9\u00a0<strong>Tela HD de 6,75 polegadas\u00a0<\/strong>e um peso leve de<strong>\u00a0214 gr<\/strong>. Al\u00e9m disso, possui uma bateria de\u00a0<strong>6000 mAh e carregamento r\u00e1pido de 18 W<\/strong>\u00a0e tudo em um sistema operacional\u00a0<strong>Androide 13<\/strong>.<\/p>\n<p>\u00c9 um celular moderno com boas funcionalidades, com seu<strong>\u00a0RAM expans\u00edvel at\u00e9 16 GB\u00a0<\/strong>de\u00a0<strong>8 GB<\/strong>\u00a0e<strong>\u00a0256 GB\u00a0<\/strong>armazenamento interno<strong>\u00a0ROM expans\u00edvel at\u00e9 1 TB<\/strong>. E como se n\u00e3o bastasse, ele tem uma pontua\u00e7\u00e3o Antutu de 285.280.<\/p>","protected":false},"excerpt":{"rendered":"<p>Unisoc T616 (12 nm)<\/p>\n<p>8 GB + 8 GB de RAM, 256 GB de ROM<\/p>\n<p>Androide 13 | 6000 mAh<\/p>\n<p>167,8*77,4*9,1 mil\u00edmetros<\/p>\n<p>Tela de 6,75\u2033 214 gramas<\/p>\n<p>C\u00e2mera principal 50 Mpx<\/p>","protected":false},"featured_media":4613,"comment_status":"closed","ping_status":"closed","template":"","meta":{"_acf_changed":false},"product_brand":[],"product_cat":[349],"product_tag":[],"class_list":{"0":"post-7066","1":"product","2":"type-product","3":"status-publish","4":"has-post-thumbnail","6":"product_cat-sin-categoria","8":"first","9":"outofstock","10":"sale","11":"shipping-taxable","12":"purchasable","13":"product-type-variable","14":"has-default-attributes"},"acf":[],"_links":{"self":[{"href":"https:\/\/blackviewphones.com\/pt\/wp-json\/wp\/v2\/product\/7066","targetHints":{"allow":["GET"]}}],"collection":[{"href":"https:\/\/blackviewphones.com\/pt\/wp-json\/wp\/v2\/product"}],"about":[{"href":"https:\/\/blackviewphones.com\/pt\/wp-json\/wp\/v2\/types\/product"}],"replies":[{"embeddable":true,"href":"https:\/\/blackviewphones.com\/pt\/wp-json\/wp\/v2\/comments?post=7066"}],"version-history":[{"count":0,"href":"https:\/\/blackviewphones.com\/pt\/wp-json\/wp\/v2\/product\/7066\/revisions"}],"wp:featuredmedia":[{"embeddable":true,"href":"https:\/\/blackviewphones.com\/pt\/wp-json\/wp\/v2\/media\/4613"}],"wp:attachment":[{"href":"https:\/\/blackviewphones.com\/pt\/wp-json\/wp\/v2\/media?parent=7066"}],"wp:term":[{"taxonomy":"product_brand","embeddable":true,"href":"https:\/\/blackviewphones.com\/pt\/wp-json\/wp\/v2\/product_brand?post=7066"},{"taxonomy":"product_cat","embeddable":true,"href":"https:\/\/blackviewphones.com\/pt\/wp-json\/wp\/v2\/product_cat?post=7066"},{"taxonomy":"product_tag","embeddable":true,"href":"https:\/\/blackviewphones.com\/pt\/wp-json\/wp\/v2\/product_tag?post=7066"}],"curies":[{"name":"wp","href":"https:\/\/api.w.org\/{rel}","templated":true}]}}