

{"id":7040,"date":"2025-04-04T16:03:10","date_gmt":"2025-04-04T15:03:10","guid":{"rendered":"https:\/\/blackviewphones.com\/?post_type=product&#038;p=7040"},"modified":"2026-04-08T12:44:24","modified_gmt":"2026-04-08T10:44:24","slug":"relogio-inteligente-blackview-x20","status":"publish","type":"product","link":"https:\/\/blackviewphones.com\/pt\/product\/blackview-x20-smartwatch\/","title":{"rendered":"Blackview X20 \u2013 Rel\u00f3gio Inteligente"},"content":{"rendered":"<h1>Blackview X20 \u2013 Rel\u00f3gio Inteligente<\/h1>\n<p>Convidamos voc\u00ea a descobrir o novo Blackview Smartwatch, o Blackview X20 vem com uma pulseira de silicone flex\u00edvel para maior conforto. Ele possui uma tela cristalina de 1,43\u2033, permitindo que voc\u00ea aproveite uma intera\u00e7\u00e3o visual perfeita para ver suas notifica\u00e7\u00f5es de chamadas ou lembretes com uma bateria de 380 mAh.<\/p>\n<h2>Seu melhor aliado para ficar em forma: Mais de 100 modos de treino<\/h2>\n<p>Com mais de 100 maneiras de se exercitar, o X20 \u00e9 mais do que apenas um gadget: \u00e9 o seu recurso ideal para corridas ao ar livre, sess\u00f5es de ioga e passeios de bicicleta. Personalize seu treino com informa\u00e7\u00f5es personalizadas para uma experi\u00eancia estimulante.<\/p>\n<h2>Termine os 3 an\u00e9is<\/h2>\n<p>Acelere seus movimentos di\u00e1rios, queima de calorias e metas de exerc\u00edcios com os an\u00e9is de atividade avan\u00e7ados do X20. Transforme cada dia em uma sequ\u00eancia de sa\u00fade com atualiza\u00e7\u00f5es ao vivo e recompensas que alimentam sua energia.<\/p>\n<h2>Sonhe mais profundamente, durma melhor: monitoramento cient\u00edfico do sono<\/h2>\n<p>O X20 examina todos os aspectos da sua noite, desde mergulhos profundos no mundo dos sonhos at\u00e9 epis\u00f3dios de sono superficial e vig\u00edlia, e orienta voc\u00ea na mudan\u00e7a de h\u00e1bitos para ter noites de sonho.<\/p>\n<h2>Prepare-se, abrace seu ciclo: monitoramento do ciclo<\/h2>\n<p>Gerencie seu ciclo menstrual intuitivamente com o monitoramento do ciclo e receba lembretes oportunos quando sua pr\u00f3xima menstrua\u00e7\u00e3o chegar, mantendo voc\u00ea preparada o tempo todo.<\/p>","protected":false},"excerpt":{"rendered":"<p>Tela de 1,43\u2033<\/p>\n<p><span style=\"font-size: 16px;\">\u03c645,5*10,9 mm<\/span><\/p>\n<p>49 gramas<\/p>\n<p>380 mAh<\/p>\n<p>Modo esportivo<\/p>\n<p>Monitoramento de ciclo + Monitor de oxig\u00eanio e card\u00edaco<\/p>","protected":false},"featured_media":4743,"comment_status":"open","ping_status":"closed","template":"","meta":{"_acf_changed":false},"product_brand":[287],"product_cat":[154,159,90],"product_tag":[],"class_list":{"0":"post-7040","1":"product","2":"type-product","3":"status-publish","4":"has-post-thumbnail","6":"product_brand-blackview","7":"product_cat-accesorios-blackview","8":"product_cat-ofertas","9":"product_cat-smartwatch","11":"first","12":"instock","13":"sale","14":"shipping-taxable","15":"purchasable","16":"product-type-variable","17":"has-default-attributes"},"acf":[],"_links":{"self":[{"href":"https:\/\/blackviewphones.com\/pt\/wp-json\/wp\/v2\/product\/7040","targetHints":{"allow":["GET"]}}],"collection":[{"href":"https:\/\/blackviewphones.com\/pt\/wp-json\/wp\/v2\/product"}],"about":[{"href":"https:\/\/blackviewphones.com\/pt\/wp-json\/wp\/v2\/types\/product"}],"replies":[{"embeddable":true,"href":"https:\/\/blackviewphones.com\/pt\/wp-json\/wp\/v2\/comments?post=7040"}],"version-history":[{"count":0,"href":"https:\/\/blackviewphones.com\/pt\/wp-json\/wp\/v2\/product\/7040\/revisions"}],"wp:featuredmedia":[{"embeddable":true,"href":"https:\/\/blackviewphones.com\/pt\/wp-json\/wp\/v2\/media\/4743"}],"wp:attachment":[{"href":"https:\/\/blackviewphones.com\/pt\/wp-json\/wp\/v2\/media?parent=7040"}],"wp:term":[{"taxonomy":"product_brand","embeddable":true,"href":"https:\/\/blackviewphones.com\/pt\/wp-json\/wp\/v2\/product_brand?post=7040"},{"taxonomy":"product_cat","embeddable":true,"href":"https:\/\/blackviewphones.com\/pt\/wp-json\/wp\/v2\/product_cat?post=7040"},{"taxonomy":"product_tag","embeddable":true,"href":"https:\/\/blackviewphones.com\/pt\/wp-json\/wp\/v2\/product_tag?post=7040"}],"curies":[{"name":"wp","href":"https:\/\/api.w.org\/{rel}","templated":true}]}}