

{"id":6995,"date":"2025-04-04T08:12:39","date_gmt":"2025-04-04T07:12:39","guid":{"rendered":"https:\/\/blackviewphones.com\/?post_type=product&#038;p=6995"},"modified":"2026-01-19T12:48:47","modified_gmt":"2026-01-19T11:48:47","slug":"relogio-inteligente-blackview-r60","status":"publish","type":"product","link":"https:\/\/blackviewphones.com\/pt\/product\/blackview-r60-smartwatch\/","title":{"rendered":"Blackview R60 \u2013 Rel\u00f3gio Inteligente"},"content":{"rendered":"<h1>Blackview R60 \u2013 Rel\u00f3gio Inteligente<\/h1>\n<p>O Blackview R60 se destaca entre outros smartwatches esportivos gra\u00e7as \u00e0 sua enorme tela AMOLED de 1,96 polegadas, que \u00e9 maior e mais n\u00edtida gra\u00e7as ao seu brilho de at\u00e9 800 nits. Al\u00e9m disso, possui mais de 125 modos esportivos, certifica\u00e7\u00e3o IP68(*) de resist\u00eancia \u00e0 \u00e1gua e poeira e v\u00e1rios sensores para monitorar sua sa\u00fade f\u00edsica. Feito com estrutura de liga de alum\u00ednio tratada com sofisticado artesanato, compat\u00edvel com dispositivos Android e iOS(*). O Blackview R60 oferece um acabamento polido e uma sensa\u00e7\u00e3o premium.<\/p>\n<p><strong>Atenda chamadas rapidamente<\/strong><\/p>\n<p>Este smartwatch possui Bluetooth de modo duplo que permite que voc\u00ea emparelhe facilmente a conex\u00e3o com seu dispositivo. O novo Blackview R60 permite que voc\u00ea fa\u00e7a chamadas do seu pulso gra\u00e7as ao seu microfone e alto-falante. Ele tamb\u00e9m permite que voc\u00ea o controle com sua voz e \u00e9 compat\u00edvel com v\u00e1rios sistemas, como Siri, Google Assistente e muitos outros. Ele tamb\u00e9m permite que voc\u00ea atenda chamadas enquanto pratica esportes.<\/p>\n<p><strong>At\u00e9 25 dias de dura\u00e7\u00e3o da bateria, vidro Panda resistente e certifica\u00e7\u00e3o IP68<\/strong><\/p>\n<p>Com o seu R60 voc\u00ea tem a maior bateria de 800 mAh j\u00e1 vista, com 10 dias de uso t\u00edpico. Al\u00e9m disso, com uma \u00fanica carga, voc\u00ea tem at\u00e9 25 dias de dura\u00e7\u00e3o da bateria. Al\u00e9m disso, ele tem uma tela Rugged Panda Glass. O Smartwatch R60 passou pela escala de dureza de Mohs no n\u00edvel 7, prometendo tranquilidade inabal\u00e1vel. Ele tamb\u00e9m possui certifica\u00e7\u00e3o IP68 e uma fun\u00e7\u00e3o que permite drenar qualquer \u00e1gua restante.<\/p>\n<p><strong>800 nits de brilho<\/strong><\/p>\n<p>Seja aproveitando os raios dourados do sol ou passeando pelas sombras da noite, a tela do R60 permanece cristalina. 800 nits de brilho ajust\u00e1vel garantem que cada momento seja capturado com clareza absoluta, intocado pelos caprichos da luz e da escurid\u00e3o.<\/p>\n<p><strong>Acompanhamento de atividades di\u00e1rias com seu R60<\/strong><\/p>\n<p>Monitore sua rotina de exerc\u00edcios sem esfor\u00e7o com o monitoramento di\u00e1rio de atividades. Monitore seus passos, frequ\u00eancia card\u00edaca, calorias queimadas e muito mais para se manter motivado e atingir seus objetivos de sa\u00fade.<\/p>\n<p><strong> Ambiente com a lanterna ultra grande R60<\/strong><\/p>\n<p>Ilumine seus arredores com a lanterna R60 ultra grande e ultra brilhante, que fornece luz de alta intensidade para tudo, desde caminhadas noturnas at\u00e9 situa\u00e7\u00f5es de emerg\u00eancia, garantindo m\u00e1xima visibilidade e seguran\u00e7a. Nunca mais fique preso no escuro.<\/p>\n<p><strong>*IP68 \u00e9 uma classifica\u00e7\u00e3o de prote\u00e7\u00e3o contra entrada de \u00e1gua da Comiss\u00e3o Eletrot\u00e9cnica Internacional (IEC) que indica o n\u00edvel de prote\u00e7\u00e3o fornecido por um gabinete contra a intrus\u00e3o de part\u00edculas s\u00f3lidas (como poeira) e l\u00edquidos (como \u00e1gua). 6 significa que \u00e9 completamente \u00e0 prova de poeira. 8 significa que ele pode ficar submerso em \u00e1gua por um per\u00edodo de tempo. O R60 foi testado para ser resistente \u00e0 imers\u00e3o em \u00e1gua at\u00e9 1,5 metro. No entanto, recomendamos usar este dispositivo com modera\u00e7\u00e3o e nunca mergulh\u00e1-lo em \u00e1gua salgada.<\/strong><\/p>\n<p>*Compat\u00edvel com dispositivos Android executando Android 9.0 ou posterior e dispositivos iOS executando iOS 9.0 ou posterior.<\/p>","protected":false},"excerpt":{"rendered":"<div class=\"woocommerce-product-details__short-description\">\n<p>Tela de 1,96\u2033<\/p>\n<p>Design semelhante ao Apple Watch<\/p>\n<p>\u03c6 47,5*39,09*11,9 mm<\/p>\n<p>28,2 g (rel\u00f3gio) + 14,6 g (pulseira de silicone)<\/p>\n<p>800 mAh<\/p>\n<p>Modo esportivo<\/p>\n<p>Controle remoto da c\u00e2mera e localize seu telefone<br \/>\nMonitoramento do ciclo feminino<br \/>\nCompat\u00edvel com assistentes de voz: Siri ou Google Assistant<\/p>\n<\/div>","protected":false},"featured_media":7001,"comment_status":"open","ping_status":"closed","template":"","meta":{"_acf_changed":false},"product_brand":[],"product_cat":[349],"product_tag":[],"class_list":{"0":"post-6995","1":"product","2":"type-product","3":"status-publish","4":"has-post-thumbnail","6":"product_cat-sin-categoria","8":"first","9":"outofstock","10":"sale","11":"shipping-taxable","12":"purchasable","13":"product-type-variable"},"acf":[],"_links":{"self":[{"href":"https:\/\/blackviewphones.com\/pt\/wp-json\/wp\/v2\/product\/6995","targetHints":{"allow":["GET"]}}],"collection":[{"href":"https:\/\/blackviewphones.com\/pt\/wp-json\/wp\/v2\/product"}],"about":[{"href":"https:\/\/blackviewphones.com\/pt\/wp-json\/wp\/v2\/types\/product"}],"replies":[{"embeddable":true,"href":"https:\/\/blackviewphones.com\/pt\/wp-json\/wp\/v2\/comments?post=6995"}],"version-history":[{"count":0,"href":"https:\/\/blackviewphones.com\/pt\/wp-json\/wp\/v2\/product\/6995\/revisions"}],"wp:featuredmedia":[{"embeddable":true,"href":"https:\/\/blackviewphones.com\/pt\/wp-json\/wp\/v2\/media\/7001"}],"wp:attachment":[{"href":"https:\/\/blackviewphones.com\/pt\/wp-json\/wp\/v2\/media?parent=6995"}],"wp:term":[{"taxonomy":"product_brand","embeddable":true,"href":"https:\/\/blackviewphones.com\/pt\/wp-json\/wp\/v2\/product_brand?post=6995"},{"taxonomy":"product_cat","embeddable":true,"href":"https:\/\/blackviewphones.com\/pt\/wp-json\/wp\/v2\/product_cat?post=6995"},{"taxonomy":"product_tag","embeddable":true,"href":"https:\/\/blackviewphones.com\/pt\/wp-json\/wp\/v2\/product_tag?post=6995"}],"curies":[{"name":"wp","href":"https:\/\/api.w.org\/{rel}","templated":true}]}}