

{"id":6933,"date":"2025-03-14T09:53:04","date_gmt":"2025-03-14T08:53:04","guid":{"rendered":"https:\/\/blackviewphones.com\/?post_type=product&#038;p=6933"},"modified":"2026-01-07T12:30:13","modified_gmt":"2026-01-07T11:30:13","slug":"fones-de-ouvido-blackview-airbuds-60-bluetooth-5-3","status":"publish","type":"product","link":"https:\/\/blackviewphones.com\/pt\/product\/blackview-airbuds-60-auriculares-bluetooth-5-3\/","title":{"rendered":"Blackview Airbuds 60 \u2013 Fones de ouvido Bluetooth 5.3"},"content":{"rendered":"<h1>Blackview Airbuds 60 \u2013 Fones de ouvido Bluetooth 5.3<\/h1>\n<p>Ele<strong> Fones de ouvido Blackview Airbuds 60<\/strong> \u00c9 um fone de ouvido com classifica\u00e7\u00e3o IPX 4 \u00e0 prova d&#039;\u00e1gua e design ergon\u00f4mico. Ideal para uso ao ar livre e esportes. Com bateria de longa dura\u00e7\u00e3o de 500 mAh.<\/p>\n<p>Ele conta com um gancho auricular ergon\u00f4mico, tecnologia de condu\u00e7\u00e3o de ar e design de orelha aberta. Com ele voc\u00ea pode aproveitar 36 horas de reprodu\u00e7\u00e3o sem vibra\u00e7\u00e3o.<\/p>\n<h2>Caracter\u00edsticas do Blackview Airbuds 60 \u2013 Fones de ouvido Bluetooth<\/h2>\n<table>\n<tbody>\n<tr>\n<td><strong>Caracter\u00edsticas gerais<\/strong><\/td>\n<td><\/td>\n<\/tr>\n<tr>\n<td>Material:<\/td>\n<td>Policarbonato e silicone<\/td>\n<\/tr>\n<tr>\n<td>Peso:<\/td>\n<td>Fone de ouvido \u2013 4,6 g, Estojo de carregamento \u2013 46 g<\/td>\n<\/tr>\n<tr>\n<td>Bluetooth:<\/td>\n<td>5.3 (at\u00e9 5 metros de dist\u00e2ncia sem interfer\u00eancia)<\/td>\n<\/tr>\n<tr>\n<td>Cancelamento de ru\u00eddo:<\/td>\n<td>Sim<\/td>\n<\/tr>\n<tr>\n<td>Bateria:<\/td>\n<td>500 mAh (estojo de carregamento)<\/td>\n<\/tr>\n<tr>\n<td>Conte\u00fado da embalagem:<\/td>\n<td>Fones de ouvido<br \/>\nCaixa de carga<br \/>\nCabo de carregamento tipo C<br \/>\nManual do usu\u00e1rio<\/td>\n<\/tr>\n<\/tbody>\n<\/table>\n<p>Esses fones de ouvido da marca Blackview s\u00e3o IPX4, resistentes ao suor.<\/p>","protected":false},"excerpt":{"rendered":"<h2><\/h2>\n<div id=\"gtx-trans\" style=\"position: absolute; left: 7px; top: -5.5625px;\">\n<div class=\"gtx-trans-icon\"><\/div>\n<\/div>","protected":false},"featured_media":4454,"comment_status":"closed","ping_status":"closed","template":"","meta":{"_acf_changed":false},"product_brand":[],"product_cat":[349],"product_tag":[],"class_list":{"0":"post-6933","1":"product","2":"type-product","3":"status-publish","4":"has-post-thumbnail","6":"product_cat-sin-categoria","8":"first","9":"outofstock","10":"sale","11":"shipping-taxable","12":"purchasable","13":"product-type-variable","14":"has-default-attributes"},"acf":[],"_links":{"self":[{"href":"https:\/\/blackviewphones.com\/pt\/wp-json\/wp\/v2\/product\/6933","targetHints":{"allow":["GET"]}}],"collection":[{"href":"https:\/\/blackviewphones.com\/pt\/wp-json\/wp\/v2\/product"}],"about":[{"href":"https:\/\/blackviewphones.com\/pt\/wp-json\/wp\/v2\/types\/product"}],"replies":[{"embeddable":true,"href":"https:\/\/blackviewphones.com\/pt\/wp-json\/wp\/v2\/comments?post=6933"}],"version-history":[{"count":0,"href":"https:\/\/blackviewphones.com\/pt\/wp-json\/wp\/v2\/product\/6933\/revisions"}],"wp:featuredmedia":[{"embeddable":true,"href":"https:\/\/blackviewphones.com\/pt\/wp-json\/wp\/v2\/media\/4454"}],"wp:attachment":[{"href":"https:\/\/blackviewphones.com\/pt\/wp-json\/wp\/v2\/media?parent=6933"}],"wp:term":[{"taxonomy":"product_brand","embeddable":true,"href":"https:\/\/blackviewphones.com\/pt\/wp-json\/wp\/v2\/product_brand?post=6933"},{"taxonomy":"product_cat","embeddable":true,"href":"https:\/\/blackviewphones.com\/pt\/wp-json\/wp\/v2\/product_cat?post=6933"},{"taxonomy":"product_tag","embeddable":true,"href":"https:\/\/blackviewphones.com\/pt\/wp-json\/wp\/v2\/product_tag?post=6933"}],"curies":[{"name":"wp","href":"https:\/\/api.w.org\/{rel}","templated":true}]}}