

{"id":6912,"date":"2025-03-14T09:51:47","date_gmt":"2025-03-14T08:51:47","guid":{"rendered":"https:\/\/blackviewphones.com\/?post_type=product&#038;p=6912"},"modified":"2025-12-29T16:09:26","modified_gmt":"2025-12-29T15:09:26","slug":"blackview-bv4800-6-gb-3-gb-ram-64-gb-rom","status":"publish","type":"product","link":"https:\/\/blackviewphones.com\/pt\/product\/blackview-bv4800-6-gb-3gb3gb-ram-64-gb-rom\/","title":{"rendered":"Blackview BV4800 | 6 GB (3 GB + 3 GB) de RAM + 64 GB de ROM"},"content":{"rendered":"<h1>Blackview BV4800 | 6 GB (3 GB + 3 GB) de RAM 64 GB de ROM<\/h1>\n<p>Descubra o novo BV4800 da Blackview, o telefone ideal se voc\u00ea procura um dispositivo simples, acess\u00edvel e dur\u00e1vel. Este smartphone tem<strong>\u00a03 GB <\/strong>de cor<strong> BATER<\/strong> ao lado de <strong>64 GB<\/strong> de <strong>ROM. <\/strong>Tela HD de <strong>6,56 polegadas<\/strong>\u00a0sob o sistema operacional <strong>Androide 13 <\/strong>e uma bateria de<strong> 5180 mAh.<\/strong><\/p>\n<h2>Blackview BV4800<\/h2>\n<table>\n<tbody>\n<tr>\n<td>\n<h3 id=\"sec-design\" class=\"k-h3\">Caracter\u00edsticas gerais<\/h3>\n<\/td>\n<\/tr>\n<tr>\n<td><strong>Modelo:\u00a0<\/strong><\/td>\n<td>MediaTek Helio A22 (MT6761V\/WD)<\/td>\n<\/tr>\n<tr>\n<td><strong>CPU:<\/strong><\/td>\n<td>4*A53 @2,0 GHz<\/td>\n<\/tr>\n<tr>\n<td><strong>Cara:<\/strong><\/td>\n<td>Quatro n\u00facleos<\/td>\n<\/tr>\n<tr>\n<td><strong>Dimens\u00f5es:<\/strong><\/td>\n<td>174,7*81,5*13,5 mil\u00edmetros<\/td>\n<\/tr>\n<tr>\n<td><strong>Peso:<\/strong><\/td>\n<td>285 Gr<\/td>\n<\/tr>\n<tr>\n<td><strong>Sistema operacional:<\/strong><\/td>\n<td>Androide 13<\/td>\n<\/tr>\n<tr>\n<td>\n<h3>Habilidade<\/h3>\n<\/td>\n<\/tr>\n<tr>\n<td><strong>BATER:<\/strong><\/td>\n<td>3 GB a 6 GB<\/td>\n<\/tr>\n<tr>\n<td><strong>ROM:<\/strong><\/td>\n<td>64 GB para 1 TB<\/td>\n<\/tr>\n<tr>\n<td><strong>Expans\u00edvel:<\/strong><\/td>\n<td>Sim<\/td>\n<\/tr>\n<tr>\n<td><strong>Bateria:<\/strong><\/td>\n<td>5180 mAh, carga r\u00e1pida de 10 W<\/td>\n<\/tr>\n<tr>\n<td>\n<h3>Tela<\/h3>\n<\/td>\n<\/tr>\n<tr>\n<td><strong>Tamanho:<\/strong><\/td>\n<td>VIDRO CORNING\u00ae GORILLA\u00ae 3 DE 6,56\u2033<\/td>\n<\/tr>\n<tr>\n<td><strong>Cara:<\/strong><\/td>\n<td>LCD IPS<\/td>\n<\/tr>\n<tr>\n<td><strong>Resolu\u00e7\u00e3o:<\/strong><\/td>\n<td>720 x 1612 px<\/td>\n<\/tr>\n<tr>\n<td><strong>IPP:<\/strong><\/td>\n<td>269<\/td>\n<\/tr>\n<tr>\n<td>\n<h3>C\u00e2mera<\/h3>\n<\/td>\n<\/tr>\n<tr>\n<td><strong>C\u00e2mera traseira:<\/strong><\/td>\n<td>13 Mpx<\/td>\n<\/tr>\n<tr>\n<td><strong>C\u00e2mera frontal:<\/strong><\/td>\n<td>5 Mpx<\/td>\n<\/tr>\n<tr>\n<td>\n<h3>Outras caracter\u00edsticas<\/h3>\n<\/td>\n<td>\n<ul>\n<li>Desbloqueio facial<\/li>\n<li>Modo Luva de Toque<\/li>\n<li>Modo noturno<\/li>\n<\/ul>\n<\/td>\n<\/tr>\n<tr>\n<td><strong>Dual SIM<\/strong><\/td>\n<td>Sim (2*Nano SIM + 1*TF)<\/td>\n<\/tr>\n<tr>\n<td><strong>Wi-fi<\/strong><\/td>\n<td>Wi-Fi: IEEE802.11 a\/b\/g\/n\/ac<\/td>\n<\/tr>\n<tr>\n<td><strong>Bluetooth<\/strong><\/td>\n<td>Bluetooth 5.0<\/td>\n<\/tr>\n<tr>\n<td><strong>Navega\u00e7\u00e3o<\/strong><\/td>\n<td>GPS, GLONASS, BEIDOU, Galileu<\/td>\n<\/tr>\n<tr>\n<td><strong>Certifica\u00e7\u00f5es<\/strong><\/td>\n<td>IP68 e IP69K e MIL-STD-810H<\/td>\n<\/tr>\n<tr>\n<td><strong>Cobran\u00e7a reversa<\/strong><\/td>\n<td>Sim<\/td>\n<\/tr>\n<tr>\n<td><strong>NFC<\/strong><\/td>\n<td>Sim<\/td>\n<\/tr>\n<tr>\n<td><\/td>\n<\/tr>\n<tr>\n<td>\n<h3>Conte\u00fado da embalagem<\/h3>\n<\/td>\n<td><\/td>\n<\/tr>\n<tr>\n<td><strong> Blackview BV4800<\/strong><\/td>\n<td><\/td>\n<\/tr>\n<tr>\n<td><strong>Plugue + Fones de ouvido<\/strong><\/td>\n<td><\/td>\n<\/tr>\n<tr>\n<td><strong>Cabo de carregamento\u00a0<\/strong><\/td>\n<td><\/td>\n<\/tr>\n<\/tbody>\n<\/table>\n<h2>Conectividade<\/h2>\n<p><strong>Banda 2G:<\/strong> GSM: 850\/900\/1800\/1900 (B2\/B3\/B5\/B8)<\/p>\n<p><strong>Banda 3G:<\/strong> B1\/B8<\/p>\n<p><strong>Banda 4G:<\/strong> DDD:B1\/B3\/B7\/B8\/B20 DDD:B40<\/p>\n<h2><span style=\"font-size: 16px;\">IP68: O QUE VOC\u00ca PODE E N\u00c3O PODE FAZER<\/span><\/h2>\n<p>Se um dispositivo tiver certifica\u00e7\u00e3o IP68, isso significa que ele pode ser submerso em \u00e1gua. <strong>\u00e1gua doce<\/strong>\u00a0<strong>em profundidades de at\u00e9 um metro por um per\u00edodo m\u00e1ximo de 30 minutos, desde que as prote\u00e7\u00f5es terminais permane\u00e7am devidamente seladas.<\/strong><\/p>\n<p><strong>Deixamos-lhe algumas dicas<\/strong>\u00a0<strong>para qualquer terminal com certifica\u00e7\u00e3o IP68<\/strong>:<\/p>\n<ul>\n<li>N\u00e3o exponha o smartphone IP68 a correntes de \u00e1gua, como \u00e1gua da torneira, ondas do mar ou cachoeiras.<\/li>\n<li>Se o seu smartphone IP68 tiver sido exposto \u00e0 \u00e1gua doce, seque-o cuidadosamente com um pano limpo e macio.<\/li>\n<li>Se o smartphone IP68 tiver sido exposto a qualquer tipo de l\u00edquido que n\u00e3o seja \u00e1gua doce (como \u00e1gua do mar), enx\u00e1gue imediatamente o dispositivo com cuidado em \u00e1gua doce e seque bem com um pano macio e limpo.<\/li>\n<li>Caso tenha alguma d\u00favida sobre se as prote\u00e7\u00f5es est\u00e3o devidamente fechadas.\u00a0<strong>N\u00c3O\u00a0<\/strong>voc\u00ea o molha.<\/li>\n<li>N\u00e3o recomendamos realizar testes agressivos para demonstrar sua resist\u00eancia.<\/li>\n<li>Al\u00e9m disso, n\u00e3o \u00e9 aconselh\u00e1vel manipular os bot\u00f5es do aparelho na \u00e1gua.<\/li>\n<li>N\u00e3o \u00e9 recomendado mergulhar o dispositivo em \u00e1gua salgada, pois a certifica\u00e7\u00e3o IP se aplica somente \u00e0 \u00e1gua doce.<\/li>\n<\/ul>","protected":false},"excerpt":{"rendered":"<p>MediaTek Helio A22 (MT6761V\/WD)<\/p>\n<p>3 GB + 3 GB de RAM 64 GB de ROM<\/p>\n<p>Androide 13<\/p>\n<p>174,7*81,5*13,5 mil\u00edmetros<\/p>\n<p>Tela 6,56\u2033 Peso 285 gramas<\/p>\n<p>5180 mAh<\/p>\n<p>Celular robusto com NFC<\/p>\n<div id=\"gtx-trans\" style=\"position: absolute; left: -8px; top: 253.156px;\">\n<div class=\"gtx-trans-icon\"><\/div>\n<\/div>","protected":false},"featured_media":4414,"comment_status":"closed","ping_status":"closed","template":"","meta":{"_acf_changed":false},"product_brand":[],"product_cat":[349],"product_tag":[],"class_list":{"0":"post-6912","1":"product","2":"type-product","3":"status-publish","4":"has-post-thumbnail","6":"product_cat-sin-categoria","8":"first","9":"outofstock","10":"sale","11":"shipping-taxable","12":"purchasable","13":"product-type-variable"},"acf":[],"_links":{"self":[{"href":"https:\/\/blackviewphones.com\/pt\/wp-json\/wp\/v2\/product\/6912","targetHints":{"allow":["GET"]}}],"collection":[{"href":"https:\/\/blackviewphones.com\/pt\/wp-json\/wp\/v2\/product"}],"about":[{"href":"https:\/\/blackviewphones.com\/pt\/wp-json\/wp\/v2\/types\/product"}],"replies":[{"embeddable":true,"href":"https:\/\/blackviewphones.com\/pt\/wp-json\/wp\/v2\/comments?post=6912"}],"version-history":[{"count":0,"href":"https:\/\/blackviewphones.com\/pt\/wp-json\/wp\/v2\/product\/6912\/revisions"}],"wp:featuredmedia":[{"embeddable":true,"href":"https:\/\/blackviewphones.com\/pt\/wp-json\/wp\/v2\/media\/4414"}],"wp:attachment":[{"href":"https:\/\/blackviewphones.com\/pt\/wp-json\/wp\/v2\/media?parent=6912"}],"wp:term":[{"taxonomy":"product_brand","embeddable":true,"href":"https:\/\/blackviewphones.com\/pt\/wp-json\/wp\/v2\/product_brand?post=6912"},{"taxonomy":"product_cat","embeddable":true,"href":"https:\/\/blackviewphones.com\/pt\/wp-json\/wp\/v2\/product_cat?post=6912"},{"taxonomy":"product_tag","embeddable":true,"href":"https:\/\/blackviewphones.com\/pt\/wp-json\/wp\/v2\/product_tag?post=6912"}],"curies":[{"name":"wp","href":"https:\/\/api.w.org\/{rel}","templated":true}]}}