

{"id":6869,"date":"2025-03-14T09:48:24","date_gmt":"2025-03-14T08:48:24","guid":{"rendered":"https:\/\/blackviewphones.com\/?post_type=product&#038;p=6869"},"modified":"2025-12-30T12:19:17","modified_gmt":"2025-12-30T11:19:17","slug":"tablet-blackview-tab-60-8-12-gb-ram-128-gb-rom","status":"publish","type":"product","link":"https:\/\/blackviewphones.com\/pt\/product\/tablet-blackview-tab-60-8-12-gb-ram-128-gb-rom\/","title":{"rendered":"Tablet Blackview Tab 60 8\u2033 | 12 GB de RAM 128 GB de ROM"},"content":{"rendered":"<h1>Tablet Blackview Tab 60 | 12 GB (6 GB + 6 GB) de RAM 128 GB de ROM<\/h1>\n<p>Descubra o novo<strong> Tablet Tab 60<\/strong> da marca <strong>Blackview<\/strong> a um pre\u00e7o acess\u00edvel, com uma <strong>Bateria de 6050 mAh<\/strong> e o sistema operacional <strong>Androide 13 <\/strong>e um processador UNISOC Tiger T606 Octa Core.<\/p>\n<p><span data-spm-anchor-id=\"a2g0o.detail.1000023.i6.416912c6ea8IFf\">Apresenta um estilo minimalista elegante e \u00e9 leve com uma espessura de <\/span><strong data-spm-anchor-id=\"a2g0o.detail.1000023.i7.416912c6ea8IFf\">8,4 mil\u00edmetros <\/strong><span data-spm-anchor-id=\"a2g0o.detail.1000023.i7.416912c6ea8IFf\">e pesa <\/span><strong>338g.<\/strong> Ele tamb\u00e9m possui uma mem\u00f3ria interna de <strong>128 GB de ROM<\/strong> e expans\u00edvel at\u00e9 1 TB com um cart\u00e3o de mem\u00f3ria, e o teclado tamb\u00e9m pode ser adaptado para melhor utiliza\u00e7\u00e3o. Se voc\u00ea costuma ler e-books, este tablet \u00e9 ideal para voc\u00ea.<\/p>\n<h2>Caracter\u00edsticas gerais<\/h2>\n<table>\n<tbody>\n<tr>\n<td><strong>Tela:<\/strong><\/td>\n<td>8,68\u2033 HD IPS 800*1340<\/td>\n<\/tr>\n<tr>\n<td><strong>Processador:<\/strong><\/td>\n<td>Tigre T606 da UNISOC<\/td>\n<\/tr>\n<tr>\n<td><strong>CPU:<\/strong><\/td>\n<td>Octa-core<\/td>\n<\/tr>\n<tr>\n<td><strong>GPU:<\/strong><\/td>\n<td>ARM Mali-G57<\/td>\n<\/tr>\n<tr>\n<td><strong>Dura\u00e7\u00e3o da bateria:<\/strong><\/td>\n<td>6050 mAh<\/td>\n<\/tr>\n<tr>\n<td><strong>Noites:<\/strong><\/td>\n<td>350<\/td>\n<\/tr>\n<tr>\n<td><strong>IPP:<\/strong><\/td>\n<td>180<\/td>\n<\/tr>\n<tr>\n<td><strong>Sistema operacional:<\/strong><\/td>\n<td>Androide 13<\/td>\n<\/tr>\n<tr>\n<td><strong>BATER:<\/strong><\/p>\n<p><strong>ROM:<\/strong><\/td>\n<td>6 GB<\/p>\n<p>128 GB para 1 TB<\/td>\n<\/tr>\n<tr>\n<td><b>Medidas:<\/b><\/td>\n<td>211,7*124,4*8,4 mm<\/td>\n<\/tr>\n<tr>\n<td><b>Peso:<\/b><\/td>\n<td>338 gramas<\/td>\n<\/tr>\n<tr>\n<td><strong>C\u00e2mera frontal:<\/strong><\/p>\n<p><strong>C\u00e2mera traseira:<\/strong><\/td>\n<td>5 Mpx<\/p>\n<p>8 Mpx Sony IMX319<\/td>\n<\/tr>\n<tr>\n<td><strong>Outras caracter\u00edsticas:<\/strong><\/td>\n<td>\u2013 Wi-Fi: 802.11a\/b\/g\/n\/ac (2,4 GHz\/5 GHz)<\/p>\n<p>\u2013 1217 Alto-falantes 2pcs, Smart-K BOX<\/p>\n<p>\u2013 Dual SIM: H\u00edbrido 1*SIM +1TF\/2SIM<\/td>\n<\/tr>\n<tr>\n<td><strong>Conte\u00fado da embalagem:<\/strong><\/td>\n<td>Guia 60<br \/>\nCarregador<br \/>\nCabo de carregamento tipo C<br \/>\nManual do usu\u00e1rio<\/td>\n<\/tr>\n<\/tbody>\n<\/table>\n<p><strong>Conectividade:<\/strong><\/p>\n<p>GSM: B2\/B3\/B5\/B8<br \/>\nWCDMA: B1\/B8<br \/>\nLTE: FDD:B1\/B3\/B7\/B8\/B20 TDD:B40<\/p>\n<p>&nbsp;<\/p>\n<p><strong>Tablet da marca Blackview, mas n\u00e3o \u00e9 IP68, n\u00e3o pode molhar nem bater.<\/strong><\/p>\n<p><strong>Teclado n\u00e3o inclu\u00eddo.<\/strong><\/p>\n<p>&nbsp;<\/p>","protected":false},"excerpt":{"rendered":"<p>Tablet Blackview Tab 60 | 12 GB (6GB+6GB) RAM 128 GB ROM Descubre la nueva Tablet Tab 60 de la marca Blackview a un precio asequible, con una Bater\u00eda de 6050 mAh y el sistema operativo Android 13 y un procesador Octa Core UNISOC Tiger T606. Cuenta con un elegante estilo minimalista y es ligera<\/p>\n<div class=\"klb-readmore entry-button\"><a class=\"btn read-more\" href=\"https:\/\/blackviewphones.com\/pt\/product\/tablet-blackview-tab-60-8-12-gb-ram-128-gb-rom\/\">Ler mais<\/a><\/div>","protected":false},"featured_media":4350,"comment_status":"closed","ping_status":"closed","template":"","meta":{"_acf_changed":false},"product_brand":[],"product_cat":[349],"product_tag":[],"class_list":{"0":"post-6869","1":"product","2":"type-product","3":"status-publish","4":"has-post-thumbnail","6":"product_cat-sin-categoria","8":"first","9":"outofstock","10":"sale","11":"shipping-taxable","12":"purchasable","13":"product-type-variable"},"acf":[],"_links":{"self":[{"href":"https:\/\/blackviewphones.com\/pt\/wp-json\/wp\/v2\/product\/6869","targetHints":{"allow":["GET"]}}],"collection":[{"href":"https:\/\/blackviewphones.com\/pt\/wp-json\/wp\/v2\/product"}],"about":[{"href":"https:\/\/blackviewphones.com\/pt\/wp-json\/wp\/v2\/types\/product"}],"replies":[{"embeddable":true,"href":"https:\/\/blackviewphones.com\/pt\/wp-json\/wp\/v2\/comments?post=6869"}],"version-history":[{"count":0,"href":"https:\/\/blackviewphones.com\/pt\/wp-json\/wp\/v2\/product\/6869\/revisions"}],"wp:featuredmedia":[{"embeddable":true,"href":"https:\/\/blackviewphones.com\/pt\/wp-json\/wp\/v2\/media\/4350"}],"wp:attachment":[{"href":"https:\/\/blackviewphones.com\/pt\/wp-json\/wp\/v2\/media?parent=6869"}],"wp:term":[{"taxonomy":"product_brand","embeddable":true,"href":"https:\/\/blackviewphones.com\/pt\/wp-json\/wp\/v2\/product_brand?post=6869"},{"taxonomy":"product_cat","embeddable":true,"href":"https:\/\/blackviewphones.com\/pt\/wp-json\/wp\/v2\/product_cat?post=6869"},{"taxonomy":"product_tag","embeddable":true,"href":"https:\/\/blackviewphones.com\/pt\/wp-json\/wp\/v2\/product_tag?post=6869"}],"curies":[{"name":"wp","href":"https:\/\/api.w.org\/{rel}","templated":true}]}}