

{"id":6836,"date":"2025-03-14T09:46:03","date_gmt":"2025-03-14T08:46:03","guid":{"rendered":"https:\/\/blackviewphones.com\/?post_type=product&#038;p=6836"},"modified":"2025-12-12T08:42:31","modified_gmt":"2025-12-12T07:42:31","slug":"tablet-blackview-active-8-12-gb-6-gb-ram-128-gb-rom","status":"publish","type":"product","link":"https:\/\/blackviewphones.com\/pt\/product\/tablet-blackview-active-8-12-gb-6gb6gb-ram-128-gb-rom\/","title":{"rendered":"Tablet Blackview Active 8 de 10,4\u2033 | 12 GB (6 GB + 6 GB) de RAM, 128 GB de ROM"},"content":{"rendered":"<h1>Tablet Blackview Active 8 de 10,4\u2033 | 6+6 GB de RAM, 128 GB de ROM<\/h1>\n<p>Descubra o novo Blackview Tablet, o <strong>Comprimido Ativo 8<\/strong> Com 10,4\u2033, \u00e9 mais dur\u00e1vel e eficiente. \u00c9 um tablet ultrafino de 16,8 mm, com uma <strong>Bateria de 22000 mAh<\/strong>, <strong>Carregamento r\u00e1pido de 33 W <\/strong>e carregamento reverso, que permite at\u00e9 1440 horas em standby e com sistema operacional <strong>Androide 13.\u00a0<\/strong><\/p>\n<p>Um tablet com estilo robusto e pesa 976 gramas, com <strong>Certifica\u00e7\u00e3o IP68 e IP69K<\/strong> e possui uma pulseira de couro acolchoada f\u00e1cil de usar. O Active 8 tem<strong> 6 GB de RAM<\/strong> e <strong>128 GB de ROM, <\/strong>Possui carregamento reverso. Al\u00e9m disso, voc\u00ea pode adaptar um teclado sem fio para melhor utiliza\u00e7\u00e3o. Portanto, \u00e9 ideal para trabalho, estudo ou entretenimento.<\/p>\n<h2>Caracter\u00edsticas gerais do Blackview Active 8<\/h2>\n<table>\n<tbody>\n<tr>\n<td><strong>Tela:<\/strong><\/td>\n<td>10,36 polegadas FHD+ IPS 2.4K<\/td>\n<\/tr>\n<tr>\n<td><strong>Processador:<\/strong><\/td>\n<td>Octa Core Unisoc T616<\/td>\n<\/tr>\n<tr>\n<td><strong>CPU:<\/strong><\/td>\n<td>2* Cortex-A75 (2,0 GHz)<br \/>\n6* Cortex-A55 (1,8 GHz)<\/td>\n<\/tr>\n<tr>\n<td><strong>GPU:<\/strong><\/td>\n<td>Arm Mali-G57 650MHz<\/td>\n<\/tr>\n<tr>\n<td><strong>Mostrar:<\/strong><\/td>\n<td>78.9% Propor\u00e7\u00e3o tela-corpo<\/td>\n<\/tr>\n<tr>\n<td><strong>Sistema operacional:<\/strong><\/td>\n<td>DokeOS_P 3.0 baseado no Android 13<\/td>\n<\/tr>\n<tr>\n<td><strong>Dimens\u00f5es:<\/strong><\/td>\n<td>256,3*165,8*16,8 mil\u00edmetros<\/td>\n<\/tr>\n<tr>\n<td><strong>Peso:<\/strong><\/td>\n<td>976 g<\/td>\n<\/tr>\n<tr>\n<td><strong>IPP:<\/strong><\/td>\n<td>225<\/td>\n<\/tr>\n<tr>\n<td><strong>Brilho (cd\/cm2):<\/strong><\/td>\n<td>400 min cd\/m\u00b2<\/td>\n<\/tr>\n<tr>\n<td><strong>\u00c1udio:<\/strong><\/td>\n<td>1338 2 pe\u00e7as; Caixas de som<\/td>\n<\/tr>\n<tr>\n<td><strong>Dura\u00e7\u00e3o da bateria:<\/strong><\/td>\n<td>22.000 mAh com carregamento r\u00e1pido de 33 W<\/td>\n<\/tr>\n<tr>\n<td><strong>BATER:<\/strong><\/p>\n<p><strong>ROM:<\/strong><\/td>\n<td>6 GB expans\u00edvel at\u00e9 12 GB<\/p>\n<p>128 GB expans\u00edvel at\u00e9 1 TB<\/td>\n<\/tr>\n<tr>\n<td><strong>C\u00e2mera frontal:<\/strong><\/p>\n<p><strong>C\u00e2mera traseira:<\/strong><\/td>\n<td>16 Mpx SK Hynix\u00ae HI-1634Q<\/p>\n<p>13 Mpx SK Hynix\u00ae HI-1336<\/td>\n<\/tr>\n<tr>\n<td><strong>Navega\u00e7\u00e3o:<\/strong><\/td>\n<td>GPS+Glonass+Beidou+Galileo<\/td>\n<\/tr>\n<tr>\n<td><b>Antutu:<\/b><\/td>\n<td>289839<\/td>\n<\/tr>\n<tr>\n<td><b>NFC:<\/b><\/td>\n<td>N\u00e3o<\/td>\n<\/tr>\n<tr>\n<td><b>Wi-fi:<\/b><\/td>\n<td>802.11a\/b\/g\/n\/ac(2.4G\/5G)<\/td>\n<\/tr>\n<tr>\n<td><b>Dual SIM:<\/b><\/td>\n<td>Sim (2 cart\u00f5es SIM ou um cart\u00e3o TF de at\u00e9 1 TB)<\/td>\n<\/tr>\n<tr>\n<td><strong>Outras caracter\u00edsticas:<\/strong><\/td>\n<td>\n<ul>\n<li>Carregamento inteligente<\/li>\n<li>Suporte de carregamento reverso<\/li>\n<li>Dois subwoofers<\/li>\n<li>3 modos: modo de leitura, luz noturna, modo escuro<\/li>\n<li>Desbloqueio facial<\/li>\n<li>Pr\u00e9-carregamento inteligente<\/li>\n<li>Tecnologia de jogos MediaTek HyperEngine 2.0 Lite<\/li>\n<li>Modo PC<\/li>\n<\/ul>\n<\/td>\n<\/tr>\n<tr>\n<td><strong>Conte\u00fado da embalagem:<\/strong><\/td>\n<td>Ativo 8<\/p>\n<p>Cabo de carregamento<\/p>\n<p>Caneta Stylus Gr\u00e1tis<\/p>\n<p>Manual do usu\u00e1rio<\/p>\n<p>&nbsp;<\/td>\n<\/tr>\n<\/tbody>\n<\/table>\n<p><strong>Conectividade<\/strong><\/p>\n<p style=\"font-weight: 400;\">Bandas 2G: 850\/900\/1800\/1900<br \/>\nBandas 3G: WCDMA1\/8<br \/>\nBandas 4G: LTE_FDD: B1\/3\/7\/8\/20<br \/>\nLTE-TDD:B34\/38\/39\/40\/41<\/p>\n<h2 data-spm-anchor-id=\"a2g0o.detail.1000023.i7.388c274d1UTStG\"><strong>Por que comprar o Blackview Active 8?<\/strong><\/h2>\n<ul>\n<li>Gra\u00e7as \u00e0 sua certifica\u00e7\u00e3o IP68 e IP69K, se voc\u00ea procura um tablet resistente e robusto.<\/li>\n<li>Se voc\u00ea procura uma bateria de longa dura\u00e7\u00e3o, este tablet oferece uma bateria gigante de estado s\u00f3lido.<\/li>\n<li>Se voc\u00ea trabalha frequentemente em ambientes com temperaturas variando de -40\u00b0C a +60\u00b0C, este tablet \u00e9 ideal para voc\u00ea.<\/li>\n<li>Feito para suportar: chuva, areia, poeira, vibra\u00e7\u00e3o, choque, acelera\u00e7\u00e3o, altas temperaturas, baixas temperaturas, umidade, altitude e imers\u00e3o.<\/li>\n<li>Voc\u00ea precisa de um tablet que possa ser usado como suporte de carregamento reverso.<\/li>\n<li>Se voc\u00ea prefere um tablet com bons recursos de \u00e1udio: modo inteligente, modo filme, modo jogo e modo voz.<\/li>\n<li>Multifuncional: permite que voc\u00ea execute diferentes tarefas em v\u00e1rias janelas simultaneamente.<\/li>\n<li>\u00c9 um tablet certificado pela T\u00dcV S\u00dcD.<\/li>\n<\/ul>\n<h2><span style=\"font-size: 16px;\">IP68: O QUE VOC\u00ca PODE E N\u00c3O PODE FAZER<\/span><\/h2>\n<p>Se um dispositivo tiver certifica\u00e7\u00e3o IP68, isso significa que ele pode ser submerso em \u00e1gua. <strong>\u00e1gua doce<\/strong>\u00a0<strong>em profundidades de at\u00e9 um metro por um per\u00edodo m\u00e1ximo de 30 minutos, desde que as prote\u00e7\u00f5es terminais permane\u00e7am devidamente seladas.<\/strong><\/p>\n<p><strong>Deixamos-lhe algumas dicas<\/strong>\u00a0<strong>para qualquer terminal com certifica\u00e7\u00e3o IP68<\/strong>:<\/p>\n<ul>\n<li>N\u00e3o exponha o smartphone IP68 a correntes de \u00e1gua, como \u00e1gua da torneira, ondas do mar ou cachoeiras.<\/li>\n<li>Al\u00e9m disso, se o seu smartphone IP68 tiver sido exposto \u00e0 \u00e1gua doce, seque-o cuidadosamente com um pano limpo e macio.<\/li>\n<li>Se o smartphone IP68 tiver sido exposto a qualquer tipo de l\u00edquido que n\u00e3o seja \u00e1gua doce (como \u00e1gua do mar), enx\u00e1gue imediatamente o dispositivo com \u00e1gua doce suave e seque cuidadosamente com um pano macio e limpo.<\/li>\n<li>Caso tenha alguma d\u00favida sobre se as prote\u00e7\u00f5es est\u00e3o devidamente fechadas.\u00a0<strong>N\u00c3O\u00a0<\/strong>voc\u00ea o molha.<\/li>\n<li>Evite testes agressivos para demonstrar sua resist\u00eancia<\/li>\n<li>N\u00e3o \u00e9 aconselh\u00e1vel manipular os bot\u00f5es do aparelho na \u00e1gua.<\/li>\n<li>\u00c9 recomend\u00e1vel N\u00c3O mergulhar o dispositivo em \u00e1gua salgada porque a certifica\u00e7\u00e3o IP se aplica somente \u00e0 \u00e1gua doce.<\/li>\n<\/ul>\n<p>&nbsp;<\/p>","protected":false},"excerpt":{"rendered":"<h3><\/h3>\n<h2><\/h2>","protected":false},"featured_media":8350,"comment_status":"closed","ping_status":"closed","template":"","meta":{"_acf_changed":false},"product_brand":[],"product_cat":[349],"product_tag":[],"class_list":{"0":"post-6836","1":"product","2":"type-product","3":"status-publish","4":"has-post-thumbnail","6":"product_cat-sin-categoria","8":"first","9":"outofstock","10":"sale","11":"shipping-taxable","12":"purchasable","13":"product-type-variable","14":"has-default-attributes"},"acf":[],"_links":{"self":[{"href":"https:\/\/blackviewphones.com\/pt\/wp-json\/wp\/v2\/product\/6836","targetHints":{"allow":["GET"]}}],"collection":[{"href":"https:\/\/blackviewphones.com\/pt\/wp-json\/wp\/v2\/product"}],"about":[{"href":"https:\/\/blackviewphones.com\/pt\/wp-json\/wp\/v2\/types\/product"}],"replies":[{"embeddable":true,"href":"https:\/\/blackviewphones.com\/pt\/wp-json\/wp\/v2\/comments?post=6836"}],"version-history":[{"count":0,"href":"https:\/\/blackviewphones.com\/pt\/wp-json\/wp\/v2\/product\/6836\/revisions"}],"wp:featuredmedia":[{"embeddable":true,"href":"https:\/\/blackviewphones.com\/pt\/wp-json\/wp\/v2\/media\/8350"}],"wp:attachment":[{"href":"https:\/\/blackviewphones.com\/pt\/wp-json\/wp\/v2\/media?parent=6836"}],"wp:term":[{"taxonomy":"product_brand","embeddable":true,"href":"https:\/\/blackviewphones.com\/pt\/wp-json\/wp\/v2\/product_brand?post=6836"},{"taxonomy":"product_cat","embeddable":true,"href":"https:\/\/blackviewphones.com\/pt\/wp-json\/wp\/v2\/product_cat?post=6836"},{"taxonomy":"product_tag","embeddable":true,"href":"https:\/\/blackviewphones.com\/pt\/wp-json\/wp\/v2\/product_tag?post=6836"}],"curies":[{"name":"wp","href":"https:\/\/api.w.org\/{rel}","templated":true}]}}