

{"id":6794,"date":"2025-03-14T09:42:44","date_gmt":"2025-03-14T08:42:44","guid":{"rendered":"https:\/\/blackviewphones.com\/?post_type=product&#038;p=6794"},"modified":"2026-04-22T10:50:08","modified_gmt":"2026-04-22T08:50:08","slug":"tablet-blackview-active-8-pro-16-gb-ram-256-gb-rom","status":"publish","type":"product","link":"https:\/\/blackviewphones.com\/pt\/product\/tablet-blackview-active-8-pro-16-gb-ram-256-gb-rom\/","title":{"rendered":"Tablet Blackview Active 8 Pro | 16 GB de RAM 256 GB de ROM"},"content":{"rendered":"<h1>Tablet Blackview Active 8 Pro | 16 GB de RAM 256 GB de ROM<\/h1>\n<p>Descubra o novo Blackview Tablet, o <strong>Guia Ativo 8 Pro<\/strong> com 10,4\u2033, mais resistente, com maior efici\u00eancia. \u00c9 um tablet ultrafino de 16,8 mm, com uma <strong>Bateria de 22000 mAh<\/strong>, <strong>Carregamento r\u00e1pido de 33 W <\/strong>que permite at\u00e9 1440 horas de tempo de espera e com sistema operacional <strong>Androide 14.\u00a0<\/strong><\/p>\n<p>Um tablet com estilo robusto e pesa 973 gramas, com <strong>Certifica\u00e7\u00e3o IP68 e IP69K<\/strong> e possui uma pulseira de couro acolchoada f\u00e1cil de usar. O Active 8 Pro tem<strong>\u00a08 GB de RAM<\/strong> e <strong>256 GB de ROM. <\/strong>Al\u00e9m disso, um teclado sem fio pode ser adaptado para melhor utiliza\u00e7\u00e3o. Portanto, \u00e9 ideal para trabalho, estudo ou entretenimento.<\/p>\n<h2 data-spm-anchor-id=\"a2g0o.detail.1000023.i7.388c274d1UTStG\"><strong>Por que comprar o Blackview Active 8 Pro?<\/strong><\/h2>\n<ul>\n<li>Gra\u00e7as \u00e0 sua certifica\u00e7\u00e3o IP68 e IP69K, se voc\u00ea procura um tablet resistente e robusto.<\/li>\n<li>Se voc\u00ea procura uma bateria de longa dura\u00e7\u00e3o, este tablet oferece uma bateria gigante de estado s\u00f3lido.<\/li>\n<li>Se voc\u00ea trabalha frequentemente em ambientes com temperaturas variando de -40\u00b0C a +60\u00b0C, este tablet \u00e9 ideal para voc\u00ea.<\/li>\n<li>Feito para suportar: chuva, areia, poeira, vibra\u00e7\u00e3o, choque, acelera\u00e7\u00e3o, altas temperaturas, baixas temperaturas, umidade, altitude e imers\u00e3o.<\/li>\n<li>Voc\u00ea precisa de um tablet que possa ser usado como suporte de carregamento reverso.<\/li>\n<li>Se voc\u00ea prefere um tablet com bons recursos de \u00e1udio: modo inteligente, modo filme, modo jogo e modo voz.<\/li>\n<li>Multifuncional: permite que voc\u00ea execute diferentes tarefas em v\u00e1rias janelas simultaneamente.<\/li>\n<li>\u00c9 um tablet com certifica\u00e7\u00e3o de baixa luz azul da T\u00dcV Rheinland.<\/li>\n<li>Inclui uma caneta stylus (ponteiro).<\/li>\n<\/ul>\n<h2><span style=\"font-size: 16px;\">IP68: O QUE VOC\u00ca PODE E N\u00c3O PODE FAZER<\/span><\/h2>\n<p>Se um dispositivo tiver certifica\u00e7\u00e3o IP68, isso significa que ele pode ser submerso em \u00e1gua. <strong>\u00e1gua doce<\/strong>\u00a0<strong>em profundidades de at\u00e9 um metro por um per\u00edodo m\u00e1ximo de 30 minutos, desde que as prote\u00e7\u00f5es terminais permane\u00e7am devidamente seladas.<\/strong><\/p>\n<p><strong>Deixamos-lhe algumas dicas<\/strong>\u00a0<strong>para qualquer terminal com certifica\u00e7\u00e3o IP68<\/strong>:<\/p>\n<ul>\n<li>N\u00e3o exponha o smartphone IP68 a correntes de \u00e1gua, como \u00e1gua da torneira, ondas do mar ou cachoeiras.<\/li>\n<li>Al\u00e9m disso, se o seu smartphone IP68 tiver sido exposto \u00e0 \u00e1gua doce, seque-o cuidadosamente com um pano limpo e macio.<\/li>\n<li>Se o smartphone IP68 tiver sido exposto a qualquer tipo de l\u00edquido que n\u00e3o seja \u00e1gua doce (como \u00e1gua do mar), enx\u00e1gue imediatamente o dispositivo com \u00e1gua doce suave e seque cuidadosamente com um pano macio e limpo.<\/li>\n<li>Caso tenha alguma d\u00favida sobre se as prote\u00e7\u00f5es est\u00e3o devidamente fechadas.\u00a0<strong>N\u00c3O\u00a0<\/strong>voc\u00ea o molha.<\/li>\n<li>Evite testes agressivos para demonstrar sua resist\u00eancia<\/li>\n<li>N\u00e3o \u00e9 aconselh\u00e1vel manipular os bot\u00f5es do aparelho na \u00e1gua.<\/li>\n<li>\u00c9 recomend\u00e1vel N\u00c3O mergulhar o dispositivo em \u00e1gua salgada porque a certifica\u00e7\u00e3o IP se aplica somente \u00e0 \u00e1gua doce.<\/li>\n<\/ul>\n<p>&nbsp;<\/p>","protected":false},"excerpt":{"rendered":"<p>Tablet NFC robusto (suporta cart\u00e3o SIM)<br \/>\nMediaTek Helio G99<br \/>\nAndroide 14 | 22.000 mAh<br \/>\n256,3 mm * 165,8 mm * 16,8 mm<br \/>\nPeso 976 g<br \/>\nTela de 10,36\u2033 | 400 l\u00eandeas<br \/>\n8 GB+8 GB de RAM 256 GB de ROM<\/p>","protected":false},"featured_media":12602,"comment_status":"closed","ping_status":"closed","template":"","meta":{"_acf_changed":false},"product_brand":[287],"product_cat":[159,95,281],"product_tag":[308],"class_list":{"0":"post-6794","1":"product","2":"type-product","3":"status-publish","4":"has-post-thumbnail","6":"product_brand-blackview","7":"product_cat-ofertas","8":"product_cat-tablets-blackview","9":"product_cat-tablets-blackview-tablets-resistentes-blackview","10":"product_tag-nfc","12":"first","13":"instock","14":"sale","15":"shipping-taxable","16":"purchasable","17":"product-type-variable","18":"has-default-attributes"},"acf":[],"_links":{"self":[{"href":"https:\/\/blackviewphones.com\/pt\/wp-json\/wp\/v2\/product\/6794","targetHints":{"allow":["GET"]}}],"collection":[{"href":"https:\/\/blackviewphones.com\/pt\/wp-json\/wp\/v2\/product"}],"about":[{"href":"https:\/\/blackviewphones.com\/pt\/wp-json\/wp\/v2\/types\/product"}],"replies":[{"embeddable":true,"href":"https:\/\/blackviewphones.com\/pt\/wp-json\/wp\/v2\/comments?post=6794"}],"version-history":[{"count":0,"href":"https:\/\/blackviewphones.com\/pt\/wp-json\/wp\/v2\/product\/6794\/revisions"}],"wp:featuredmedia":[{"embeddable":true,"href":"https:\/\/blackviewphones.com\/pt\/wp-json\/wp\/v2\/media\/12602"}],"wp:attachment":[{"href":"https:\/\/blackviewphones.com\/pt\/wp-json\/wp\/v2\/media?parent=6794"}],"wp:term":[{"taxonomy":"product_brand","embeddable":true,"href":"https:\/\/blackviewphones.com\/pt\/wp-json\/wp\/v2\/product_brand?post=6794"},{"taxonomy":"product_cat","embeddable":true,"href":"https:\/\/blackviewphones.com\/pt\/wp-json\/wp\/v2\/product_cat?post=6794"},{"taxonomy":"product_tag","embeddable":true,"href":"https:\/\/blackviewphones.com\/pt\/wp-json\/wp\/v2\/product_tag?post=6794"}],"curies":[{"name":"wp","href":"https:\/\/api.w.org\/{rel}","templated":true}]}}