

{"id":6747,"date":"2025-03-14T09:39:18","date_gmt":"2025-03-14T08:39:18","guid":{"rendered":"https:\/\/blackviewphones.com\/?post_type=product&#038;p=6747"},"modified":"2026-04-21T13:24:54","modified_gmt":"2026-04-21T11:24:54","slug":"camera-termica-blackview-bv8900","status":"publish","type":"product","link":"https:\/\/blackviewphones.com\/pt\/product\/blackview-bv8900-camara-termica\/","title":{"rendered":"Blackview BV8900 (Recondicionado) 16 GB de RAM + 256 GB de ROM"},"content":{"rendered":"<h1>Blackview BV8900 \u2013 Com c\u00e2mera t\u00e9rmica (recondicionado)<\/h1>\n<p>Ele<strong> BV8900<\/strong> \u00e9 constru\u00eddo para suportar ambientes extremos e desafiadores. Com sua resist\u00eancia \u00e0 \u00e1gua, poeira e choque, este telefone \u00e9 perfeito para quem trabalha ao ar livre ou se aventura em atividades ao ar livre. Esteja voc\u00ea em um canteiro de obras, explorando a natureza ou apenas vivendo uma vida ativa, o BV8900 \u00e9 seu companheiro robusto e confi\u00e1vel. Este dispositivo tem <strong>8 GB de <\/strong>mem\u00f3ria<strong> BATER<\/strong> ao lado de <strong>256 GB<\/strong> de <strong>ROM. <\/strong>Tela <strong>alta defini\u00e7\u00e3o<\/strong>\u00a0de <strong>6,5\u2033 polegadas <\/strong>sob o sistema operacional <strong>Androide 13 <\/strong>com <strong>Sensor t\u00e9rmico<\/strong>.<\/p>\n<h2>Por que comprar um BV8900?<\/h2>\n<ul>\n<li>Se voc\u00ea precisa de um terminal com muita bateria, este Blackview oferece uma grande bateria de 10.000 mAh (at\u00e9 45,5 dias em espera).<\/li>\n<li>Com sua termografia de n\u00edvel profissional e alta resolu\u00e7\u00e3o t\u00e9rmica, voc\u00ea pode detectar efetivamente: pontos quentes, riscos existenciais e monitorar temperaturas.<\/li>\n<li>Se precisar de ajuda em sua casa: identifique poss\u00edveis falhas el\u00e9tricas para evitar inc\u00eandios el\u00e9tricos, identifique a temperatura ideal ou encontre problemas de encanamento, canos entupidos ou vazamentos.<\/li>\n<li>Se voc\u00ea precisa de termografia para sua profiss\u00e3o:\n<ul>\n<li>Industrial e Constru\u00e7\u00e3o: Detecta falhas em equipamentos.<\/li>\n<li>Emerg\u00eancia de inc\u00eandio: encontre sa\u00eddas de inc\u00eandio ou localize pessoas presas em fuma\u00e7a densa.<\/li>\n<li>Agricultura: Ajuda a controlar os n\u00edveis de umidade do solo para plantas saud\u00e1veis.<\/li>\n<li>Estilo de vida: Obtenha a temperatura ideal dos alimentos e verifique as emo\u00e7\u00f5es das mudan\u00e7as de temperatura.<\/li>\n<\/ul>\n<\/li>\n<\/ul>\n<h2><span style=\"font-size: 16px;\">IP68: O QUE VOC\u00ca PODE E N\u00c3O PODE FAZER<\/span><\/h2>\n<p>Se um dispositivo tiver certifica\u00e7\u00e3o IP68, isso significa que ele pode ser submerso em \u00e1gua. <strong>\u00e1gua doce<\/strong>\u00a0<strong>em profundidades de at\u00e9 um metro por um per\u00edodo m\u00e1ximo de 30 minutos, desde que as prote\u00e7\u00f5es terminais permane\u00e7am devidamente seladas.<\/strong><\/p>\n<p><strong>Deixamos-lhe algumas dicas<\/strong>\u00a0<strong>para qualquer terminal com certifica\u00e7\u00e3o IP68<\/strong>:<\/p>\n<ul>\n<li style=\"list-style-type: none;\">\n<ul>\n<li>N\u00e3o exponha o smartphone IP68 a correntes de \u00e1gua, como \u00e1gua da torneira, ondas do mar ou cachoeiras.<\/li>\n<li>Se o seu smartphone IP68 tiver sido exposto \u00e0 \u00e1gua doce, seque-o cuidadosamente com um pano limpo e macio.<\/li>\n<li>Se o smartphone IP68 tiver sido exposto a qualquer tipo de l\u00edquido que n\u00e3o seja \u00e1gua doce (como \u00e1gua do mar), enx\u00e1gue imediatamente o dispositivo com \u00e1gua doce suave e seque cuidadosamente com um pano macio e limpo.<\/li>\n<li>Caso tenha alguma d\u00favida sobre se as prote\u00e7\u00f5es est\u00e3o devidamente fechadas.\u00a0<strong>N\u00c3O\u00a0<\/strong>voc\u00ea o molha.<\/li>\n<li>N\u00e3o recomendamos realizar testes agressivos para demonstrar sua resist\u00eancia.<\/li>\n<li>Al\u00e9m disso, n\u00e3o \u00e9 aconselh\u00e1vel manipular os bot\u00f5es do aparelho na \u00e1gua.<\/li>\n<li>N\u00e3o \u00e9 recomendado mergulhar o dispositivo em \u00e1gua salgada, pois a certifica\u00e7\u00e3o IP se aplica somente \u00e0 \u00e1gua doce.<\/li>\n<\/ul>\n<\/li>\n<\/ul>\n<p>&nbsp;<\/p>","protected":false},"excerpt":{"rendered":"<p>Este Blackview oferece uma bateria de 10.000 mAh de longa dura\u00e7\u00e3o (at\u00e9 45,5 dias em modo de espera).<\/p>\n<p>Com sua termografia de n\u00edvel profissional e alta resolu\u00e7\u00e3o t\u00e9rmica, voc\u00ea pode detectar efetivamente: pontos quentes, riscos existenciais e monitorar temperaturas.<\/p>\n<p>MediaTek Helio P90 MT6779<\/p>\n<p>8 GB+8 GB de RAM 256 GB de ROM<\/p>\n<p>Androide 13 | Sensor t\u00e9rmico<\/p>\n<p>172,4*82,2*19,8 mil\u00edmetros<\/p>\n<p>Tela 6,5\u2033 Peso 398 g<\/p>\n<p>10.000 mAh<\/p>\n<p>Celular robusto com NFC (Recondicionado)<\/p>\n<div id=\"gtx-trans\" style=\"position: absolute; left: 780px; top: 276.99px;\">\n<div class=\"gtx-trans-icon\"><\/div>\n<\/div>","protected":false},"featured_media":4133,"comment_status":"closed","ping_status":"closed","template":"","meta":{"_acf_changed":false},"product_brand":[287],"product_cat":[349],"product_tag":[184],"class_list":{"0":"post-6747","1":"product","2":"type-product","3":"status-publish","4":"has-post-thumbnail","6":"product_brand-blackview","7":"product_cat-sin-categoria","8":"product_tag-camara-termica","10":"first","11":"outofstock","12":"sale","13":"shipping-taxable","14":"purchasable","15":"product-type-variable","16":"has-default-attributes"},"acf":[],"_links":{"self":[{"href":"https:\/\/blackviewphones.com\/pt\/wp-json\/wp\/v2\/product\/6747","targetHints":{"allow":["GET"]}}],"collection":[{"href":"https:\/\/blackviewphones.com\/pt\/wp-json\/wp\/v2\/product"}],"about":[{"href":"https:\/\/blackviewphones.com\/pt\/wp-json\/wp\/v2\/types\/product"}],"replies":[{"embeddable":true,"href":"https:\/\/blackviewphones.com\/pt\/wp-json\/wp\/v2\/comments?post=6747"}],"version-history":[{"count":0,"href":"https:\/\/blackviewphones.com\/pt\/wp-json\/wp\/v2\/product\/6747\/revisions"}],"wp:featuredmedia":[{"embeddable":true,"href":"https:\/\/blackviewphones.com\/pt\/wp-json\/wp\/v2\/media\/4133"}],"wp:attachment":[{"href":"https:\/\/blackviewphones.com\/pt\/wp-json\/wp\/v2\/media?parent=6747"}],"wp:term":[{"taxonomy":"product_brand","embeddable":true,"href":"https:\/\/blackviewphones.com\/pt\/wp-json\/wp\/v2\/product_brand?post=6747"},{"taxonomy":"product_cat","embeddable":true,"href":"https:\/\/blackviewphones.com\/pt\/wp-json\/wp\/v2\/product_cat?post=6747"},{"taxonomy":"product_tag","embeddable":true,"href":"https:\/\/blackviewphones.com\/pt\/wp-json\/wp\/v2\/product_tag?post=6747"}],"curies":[{"name":"wp","href":"https:\/\/api.w.org\/{rel}","templated":true}]}}