

{"id":6667,"date":"2025-03-14T09:34:01","date_gmt":"2025-03-14T08:34:01","guid":{"rendered":"https:\/\/blackviewphones.com\/?post_type=product&#038;p=6667"},"modified":"2026-02-03T13:49:16","modified_gmt":"2026-02-03T12:49:16","slug":"tablet-blackview-tab-16-pro-24-gb-ram-256-gb-rom","status":"publish","type":"product","link":"https:\/\/blackviewphones.com\/pt\/produto\/tablet-blackview-tab-16-pro-24-gb-ram-256-gb-rom\/","title":{"rendered":"Tablet Blackview Tab 16 Pro | 24 GB (8 GB + 16 GB) de RAM 256 GB de ROM"},"content":{"rendered":"<h1>Tablet Blackview Tab 16 Pro | 24 GB (8+16) de RAM 256 GB de ROM<\/h1>\n<p>O novo <strong>Guia 16 Pro<\/strong> Ele foi projetado com cores vibrantes para ser mais eficiente, intuitivo e divertido. Com uma tela Full View HD+ de 11 polegadas e tr\u00eas cores deslumbrantes, o Tab 16 Pro oferece uma maneira poderosa de realizar tarefas e se manter conectado. Al\u00e9m disso, possui uma caneta stylus integrada para desenhar ou fazer anota\u00e7\u00f5es enquanto voc\u00ea l\u00ea.<\/p>\n<p><strong>Leve, requintado e confort\u00e1vel<\/strong><\/p>\n<p>Com um corpo ultrafino de 7,45 mm e um peso de 503 g, o Tab 16 Pro \u00e9 f\u00e1cil de transportar. A tela ultra grande e o corpo fino e uniforme proporcionam uma visualiza\u00e7\u00e3o incrivelmente bonita. Cada detalhe foi habilmente projetado para proporcionar a experi\u00eancia mais prazerosa.<\/p>\n<p><strong>Modos de conforto ocular: dia ou noite, suave para os olhos<\/strong><\/p>\n<p>Seja lendo hist\u00f3rias em quadrinhos em um sof\u00e1 confort\u00e1vel ou assistindo a v\u00eddeos aconchegado na cama, a tela do Tab 16 Pro protege seus olhos de forma eficaz, adaptando-se precisamente a qualquer ambiente de ilumina\u00e7\u00e3o de acordo com suas necessidades.<\/p>\n<p><strong>Mergulhe no prazer cinematogr\u00e1fico<\/strong><\/p>\n<p>O Tab 16 Pro \u00e9 compat\u00edvel com Widevine L1, permitindo que voc\u00ea assista a filmes e v\u00eddeos em Full HD 1080p no YouTube, Disney+, Hulu e Amazon Prime Video. Voc\u00ea tamb\u00e9m ouvir\u00e1 cada detalhe do som est\u00e9reo Smart-K com quatro alto-falantes que o envolver\u00e3o em um banquete audiovisual impressionante.<\/p>\n<p><strong>Tablet da marca Blackview, mas n\u00e3o \u00e9 IP68, n\u00e3o pode molhar nem bater.<\/strong><\/p>\n<p><strong>Teclado n\u00e3o inclu\u00eddo.<\/strong><\/p>\n<p>&nbsp;<\/p>","protected":false},"excerpt":{"rendered":"<p>Tablet convencional com l\u00e1pis (suporta cart\u00e3o SIM)<br \/>\nUnisoc Tiger T616<br \/>\nCompat\u00edvel com Wideline L1<br \/>\nAndroide 14 | 7700 mAh<br \/>\n256,75*167,7*7,45 mil\u00edmetros<br \/>\nPeso 503 g | Tela de 10,95\u2033<br \/>\n8 GB + 16 GB de RAM 256 GB de ROM<\/p>","protected":false},"featured_media":8069,"comment_status":"closed","ping_status":"closed","template":"","meta":{"_acf_changed":false},"product_brand":[],"product_cat":[349],"product_tag":[],"class_list":{"0":"post-6667","1":"product","2":"type-product","3":"status-publish","4":"has-post-thumbnail","6":"product_cat-sin-categoria","8":"first","9":"outofstock","10":"sale","11":"shipping-taxable","12":"purchasable","13":"product-type-variable"},"acf":[],"_links":{"self":[{"href":"https:\/\/blackviewphones.com\/pt\/wp-json\/wp\/v2\/product\/6667","targetHints":{"allow":["GET"]}}],"collection":[{"href":"https:\/\/blackviewphones.com\/pt\/wp-json\/wp\/v2\/product"}],"about":[{"href":"https:\/\/blackviewphones.com\/pt\/wp-json\/wp\/v2\/types\/product"}],"replies":[{"embeddable":true,"href":"https:\/\/blackviewphones.com\/pt\/wp-json\/wp\/v2\/comments?post=6667"}],"version-history":[{"count":0,"href":"https:\/\/blackviewphones.com\/pt\/wp-json\/wp\/v2\/product\/6667\/revisions"}],"wp:featuredmedia":[{"embeddable":true,"href":"https:\/\/blackviewphones.com\/pt\/wp-json\/wp\/v2\/media\/8069"}],"wp:attachment":[{"href":"https:\/\/blackviewphones.com\/pt\/wp-json\/wp\/v2\/media?parent=6667"}],"wp:term":[{"taxonomy":"product_brand","embeddable":true,"href":"https:\/\/blackviewphones.com\/pt\/wp-json\/wp\/v2\/product_brand?post=6667"},{"taxonomy":"product_cat","embeddable":true,"href":"https:\/\/blackviewphones.com\/pt\/wp-json\/wp\/v2\/product_cat?post=6667"},{"taxonomy":"product_tag","embeddable":true,"href":"https:\/\/blackviewphones.com\/pt\/wp-json\/wp\/v2\/product_tag?post=6667"}],"curies":[{"name":"wp","href":"https:\/\/api.w.org\/{rel}","templated":true}]}}