

{"id":6390,"date":"2025-03-14T09:13:50","date_gmt":"2025-03-14T08:13:50","guid":{"rendered":"https:\/\/blackviewphones.com\/?post_type=product&#038;p=6390"},"modified":"2026-01-19T12:49:04","modified_gmt":"2026-01-19T11:49:04","slug":"tablet-blackview-tab-7-5-gb-ram-32-gb-rom","status":"publish","type":"product","link":"https:\/\/blackviewphones.com\/pt\/product\/tablet-blackview-tab-7-5-gb-ram-32-gb-rom\/","title":{"rendered":"Tablet Blackview Tab 7 | 5 GB de RAM 32 GB de ROM"},"content":{"rendered":"<h1>Tablet Blackview Tab 7 | 5 GB de RAM 32 GB de ROM<\/h1>\n<p><strong>Tablet Tab 7<\/strong> da marca <strong>Blackview<\/strong>, o mais barato do mercado, com uma <strong>Bateria de 6580 mAh<\/strong> e o sistema operacional <strong>Android 11.<\/strong><br \/>\n<span data-spm-anchor-id=\"a2g0o.detail.1000023.i6.416912c6ea8IFf\">Tem um estilo minimalista elegante e nunca sai de moda. Extens\u00e3o\u00a0 <strong>8<\/strong><\/span><strong data-spm-anchor-id=\"a2g0o.detail.1000023.i7.416912c6ea8IFf\">,3 mm de largura <\/strong><span data-spm-anchor-id=\"a2g0o.detail.1000023.i7.416912c6ea8IFf\">e pesa <\/span><strong>536g.<\/strong> Tamb\u00e9m tem<strong> at\u00e9 5 GB de RAM<\/strong> e <strong>32 GB de ROM<\/strong> e expans\u00edvel at\u00e9 1 TB com um cart\u00e3o de mem\u00f3ria, e o teclado tamb\u00e9m pode ser adaptado para melhor utiliza\u00e7\u00e3o.<\/p>\n<h2><span style=\"font-size: 16px;\">Tablet da marca Blackview, n\u00e3o IP68, n\u00e3o pode ser molhado ou batido.<\/span><\/h2>\n<p><strong>O teclado n\u00e3o est\u00e1 inclu\u00eddo.<\/strong><\/p>\n<p>&nbsp;<\/p>","protected":false},"excerpt":{"rendered":"<p>Tablet convencional (suporta cart\u00e3o SIM)<br \/>\nUnisoc Tiger T310<br \/>\nAndroide 11<br \/>\n6580 mAh<br \/>\n241,3*160*8,3 mil\u00edmetros<br \/>\nPeso 600 g | Tela de 10,1\u2033<br \/>\n3 GB + 2 GB de RAM 32 GB de ROM (at\u00e9 1 TB com TF)<\/p>\n<div id=\"gtx-trans\" style=\"position: absolute; left: -24px; top: -10px;\">\n<div class=\"gtx-trans-icon\"><\/div>\n<\/div>","protected":false},"featured_media":8057,"comment_status":"closed","ping_status":"closed","template":"","meta":{"_acf_changed":false},"product_brand":[],"product_cat":[349],"product_tag":[],"class_list":{"0":"post-6390","1":"product","2":"type-product","3":"status-publish","4":"has-post-thumbnail","6":"product_cat-sin-categoria","8":"first","9":"outofstock","10":"sale","11":"shipping-taxable","12":"purchasable","13":"product-type-variable"},"acf":[],"_links":{"self":[{"href":"https:\/\/blackviewphones.com\/pt\/wp-json\/wp\/v2\/product\/6390","targetHints":{"allow":["GET"]}}],"collection":[{"href":"https:\/\/blackviewphones.com\/pt\/wp-json\/wp\/v2\/product"}],"about":[{"href":"https:\/\/blackviewphones.com\/pt\/wp-json\/wp\/v2\/types\/product"}],"replies":[{"embeddable":true,"href":"https:\/\/blackviewphones.com\/pt\/wp-json\/wp\/v2\/comments?post=6390"}],"version-history":[{"count":0,"href":"https:\/\/blackviewphones.com\/pt\/wp-json\/wp\/v2\/product\/6390\/revisions"}],"wp:featuredmedia":[{"embeddable":true,"href":"https:\/\/blackviewphones.com\/pt\/wp-json\/wp\/v2\/media\/8057"}],"wp:attachment":[{"href":"https:\/\/blackviewphones.com\/pt\/wp-json\/wp\/v2\/media?parent=6390"}],"wp:term":[{"taxonomy":"product_brand","embeddable":true,"href":"https:\/\/blackviewphones.com\/pt\/wp-json\/wp\/v2\/product_brand?post=6390"},{"taxonomy":"product_cat","embeddable":true,"href":"https:\/\/blackviewphones.com\/pt\/wp-json\/wp\/v2\/product_cat?post=6390"},{"taxonomy":"product_tag","embeddable":true,"href":"https:\/\/blackviewphones.com\/pt\/wp-json\/wp\/v2\/product_tag?post=6390"}],"curies":[{"name":"wp","href":"https:\/\/api.w.org\/{rel}","templated":true}]}}