

{"id":6361,"date":"2025-03-14T09:11:59","date_gmt":"2025-03-14T08:11:59","guid":{"rendered":"https:\/\/blackviewphones.com\/?post_type=product&#038;p=6361"},"modified":"2026-02-03T13:48:45","modified_gmt":"2026-02-03T12:48:45","slug":"camera-termica-blackview-bl8800-pro-5g","status":"publish","type":"product","link":"https:\/\/blackviewphones.com\/pt\/product\/blackview-bl8800-pro-5g-camara-termica\/","title":{"rendered":"Blackview BL8800 Pro | C\u00e2mera t\u00e9rmica 5G"},"content":{"rendered":"<h1>Blackview BL8800 Pro 5G \u2013 Com c\u00e2mera t\u00e9rmica<\/h1>\n<p>O Blackview BL8800 Pro \u2013 5G chega ao mercado com c\u00e2mera t\u00e9rmica integrada.<\/p>\n<p>Tem capacidade para<strong> 8 GB de RAM e 128 GB de ROM<\/strong>, com o processador MediaTek Dimensity 700 (MT6833) de \u00faltima gera\u00e7\u00e3o, que permitir\u00e1 que voc\u00ea execute v\u00e1rias tarefas ao mesmo tempo e alterne facilmente entre aplicativos.<\/p>\n<p>\u00c9 tamb\u00e9m um aparelho que conta com uma c\u00e2mera tripla de 50 megapixels e auxiliada por mais duas de 2MP e 5MP<\/p>\n<p>Dispositivo testado com IP68 e IP69K.<\/p>\n<p>A tela tem 6,58 polegadas e bateria de 8.380 mAh, al\u00e9m de sistema operacional Android 11.<\/p>\n<h2><span style=\"font-size: 16px;\">IP68: O QUE VOC\u00ca PODE E N\u00c3O PODE FAZER<\/span><\/h2>\n<p>Se um dispositivo tiver certifica\u00e7\u00e3o IP68, isso significa que ele pode ser submerso em \u00e1gua. <strong>\u00e1gua doce<\/strong>\u00a0<strong>em profundidades de at\u00e9 um metro por um m\u00e1ximo de 30 minutos, desde que as prote\u00e7\u00f5es terminais sejam mantidas devidamente seladas.<\/strong><\/p>\n<p><strong>Deixamos-lhe algumas dicas<\/strong>\u00a0<strong>para qualquer terminal com certifica\u00e7\u00e3o IP68<\/strong>:<\/p>\n<ul>\n<li>N\u00e3o exponha o smartphone IP68 a correntes de \u00e1gua, como \u00e1gua da torneira, ondas do mar ou cachoeiras.<\/li>\n<li>Se o seu smartphone IP68 tiver sido exposto \u00e0 \u00e1gua doce, seque-o cuidadosamente com um pano limpo e macio.<\/li>\n<li>Se o smartphone IP68 tiver sido exposto a qualquer tipo de l\u00edquido que n\u00e3o seja \u00e1gua doce (como \u00e1gua do mar), enx\u00e1gue imediatamente o dispositivo com cuidado em \u00e1gua doce e seque bem com um pano macio e limpo.<\/li>\n<li>Caso tenha alguma d\u00favida sobre se as prote\u00e7\u00f5es est\u00e3o devidamente fechadas.\u00a0<strong>N\u00c3O\u00a0<\/strong>voc\u00ea o molha.<\/li>\n<li>N\u00e3o recomendamos realizar testes agressivos para demonstrar sua resist\u00eancia.<\/li>\n<li>N\u00e3o \u00e9 aconselh\u00e1vel manipular os bot\u00f5es do aparelho na \u00e1gua.<\/li>\n<li>N\u00e3o \u00e9 recomendado mergulhar o dispositivo em \u00e1gua salgada, pois a certifica\u00e7\u00e3o IP se aplica somente \u00e0 \u00e1gua doce.<\/li>\n<\/ul>","protected":false},"excerpt":{"rendered":"<p>MediaTek Dimensity 700<\/p>\n<p>8 GB de RAM 128 GB de ROM<\/p>\n<p>Android 11 \u2013 5G | Sensor t\u00e9rmico<\/p>\n<p>176,2 mm * 83,5 mm * 17,7 mm<\/p>\n<p>Tela 6,58\u2033 Peso 367 g<\/p>\n<p>8380 mAh<\/p>\n<p>Celular robusto com NFC<\/p>","protected":false},"featured_media":3554,"comment_status":"closed","ping_status":"closed","template":"","meta":{"_acf_changed":false},"product_brand":[],"product_cat":[349],"product_tag":[184],"class_list":{"0":"post-6361","1":"product","2":"type-product","3":"status-publish","4":"has-post-thumbnail","6":"product_cat-sin-categoria","7":"product_tag-camara-termica","9":"first","10":"outofstock","11":"sale","12":"shipping-taxable","13":"purchasable","14":"product-type-variable","15":"has-default-attributes"},"acf":[],"_links":{"self":[{"href":"https:\/\/blackviewphones.com\/pt\/wp-json\/wp\/v2\/product\/6361","targetHints":{"allow":["GET"]}}],"collection":[{"href":"https:\/\/blackviewphones.com\/pt\/wp-json\/wp\/v2\/product"}],"about":[{"href":"https:\/\/blackviewphones.com\/pt\/wp-json\/wp\/v2\/types\/product"}],"replies":[{"embeddable":true,"href":"https:\/\/blackviewphones.com\/pt\/wp-json\/wp\/v2\/comments?post=6361"}],"version-history":[{"count":0,"href":"https:\/\/blackviewphones.com\/pt\/wp-json\/wp\/v2\/product\/6361\/revisions"}],"wp:featuredmedia":[{"embeddable":true,"href":"https:\/\/blackviewphones.com\/pt\/wp-json\/wp\/v2\/media\/3554"}],"wp:attachment":[{"href":"https:\/\/blackviewphones.com\/pt\/wp-json\/wp\/v2\/media?parent=6361"}],"wp:term":[{"taxonomy":"product_brand","embeddable":true,"href":"https:\/\/blackviewphones.com\/pt\/wp-json\/wp\/v2\/product_brand?post=6361"},{"taxonomy":"product_cat","embeddable":true,"href":"https:\/\/blackviewphones.com\/pt\/wp-json\/wp\/v2\/product_cat?post=6361"},{"taxonomy":"product_tag","embeddable":true,"href":"https:\/\/blackviewphones.com\/pt\/wp-json\/wp\/v2\/product_tag?post=6361"}],"curies":[{"name":"wp","href":"https:\/\/api.w.org\/{rel}","templated":true}]}}