

{"id":6179,"date":"2025-03-14T09:00:24","date_gmt":"2025-03-14T08:00:24","guid":{"rendered":"https:\/\/blackviewphones.com\/?post_type=product&#038;p=6179"},"modified":"2025-12-23T14:54:06","modified_gmt":"2025-12-23T13:54:06","slug":"capa-para-celular-horizontal-blackview","status":"publish","type":"product","link":"https:\/\/blackviewphones.com\/pt\/product\/funda-movil-blackview-horizontal\/","title":{"rendered":"Capa para celular horizontal Blackview"},"content":{"rendered":"<h1>Capa para celular horizontal Blackview<\/h1>\n<p><strong>Ideal para levar seu aparelho sempre perto de voc\u00ea e muito bem protegido na Capa Horizontal para Celular Blackview<\/strong><\/p>\n<p><span class=\"a-list-item\">PR\u00c1TICO E PROTEGIDO: O pr\u00e1tico clipe para cinto e cal\u00e7a da capa protetora preta permite que seu smartphone seja facilmente preso, mantendo-o sempre \u00e0 m\u00e3o e perfeitamente protegido na capa.<\/span><\/p>\n<p><span class=\"a-list-item\">ELEGANTE: Esta capa protetora universal tem dimens\u00f5es de 16,5 cm, 8,5 cm e 1,5 cm e \u00e9 feita de couro artificial muito dur\u00e1vel. M\u00e1xima prote\u00e7\u00e3o contra sujeira, arranh\u00f5es, batidas e quedas.<\/span><\/p>\n<p><span class=\"a-list-item\">COMPAT\u00cdVEL COM: Quase todos os dispositivos Blackview, exceto BV6100, BV9100, BV9500 plus, BV9500 Pro, BV9600, BV9600 Pro, BV9700, BV9800, BV9800 Pro e outros.<\/span><\/p>\n<p><span class=\"a-list-item\">S\u00d3BRIO: Esta bolsa combinar\u00e1 muito bem com suas roupas e acess\u00f3rios devido ao seu design s\u00f3brio e de cor s\u00f3lida.<\/span><\/p>\n<p><span class=\"a-list-item\">SEGURO: A capa de encaixe ficar\u00e1 no lugar onde quer que voc\u00ea a coloque. Ele vai ficar firme no seu cinto!<\/span><\/p>","protected":false},"excerpt":{"rendered":"<p>Funda M\u00f3vil Blackview Horizontal Ideal para portar tu dispositivo siempre cerca de ti y muy bien protegido en la Funda M\u00f3vil Blackview Horizontal A MANO Y PROTEGIDO: El pr\u00e1ctico enganche para pantalones y cinturones del case protector negro, tu tel\u00e9fono m\u00f3vil inteligente se podr\u00e1 colocar f\u00e1cilmente, teni\u00e9ndolo siempre a mano y perfectamente protegido en el<\/p>\n<div class=\"klb-readmore entry-button\"><a class=\"btn read-more\" href=\"https:\/\/blackviewphones.com\/pt\/product\/funda-movil-blackview-horizontal\/\">Ler mais<\/a><\/div>","protected":false},"featured_media":3278,"comment_status":"closed","ping_status":"closed","template":"","meta":{"_acf_changed":false},"product_brand":[],"product_cat":[330,154],"product_tag":[],"class_list":{"0":"post-6179","1":"product","2":"type-product","3":"status-publish","4":"has-post-thumbnail","6":"product_cat-accesorios-blackview-accesorios-para-moviles","7":"product_cat-accesorios-blackview","9":"first","10":"instock","11":"shipping-taxable","12":"purchasable","13":"product-type-variable","14":"has-default-attributes"},"acf":[],"_links":{"self":[{"href":"https:\/\/blackviewphones.com\/pt\/wp-json\/wp\/v2\/product\/6179","targetHints":{"allow":["GET"]}}],"collection":[{"href":"https:\/\/blackviewphones.com\/pt\/wp-json\/wp\/v2\/product"}],"about":[{"href":"https:\/\/blackviewphones.com\/pt\/wp-json\/wp\/v2\/types\/product"}],"replies":[{"embeddable":true,"href":"https:\/\/blackviewphones.com\/pt\/wp-json\/wp\/v2\/comments?post=6179"}],"version-history":[{"count":0,"href":"https:\/\/blackviewphones.com\/pt\/wp-json\/wp\/v2\/product\/6179\/revisions"}],"wp:featuredmedia":[{"embeddable":true,"href":"https:\/\/blackviewphones.com\/pt\/wp-json\/wp\/v2\/media\/3278"}],"wp:attachment":[{"href":"https:\/\/blackviewphones.com\/pt\/wp-json\/wp\/v2\/media?parent=6179"}],"wp:term":[{"taxonomy":"product_brand","embeddable":true,"href":"https:\/\/blackviewphones.com\/pt\/wp-json\/wp\/v2\/product_brand?post=6179"},{"taxonomy":"product_cat","embeddable":true,"href":"https:\/\/blackviewphones.com\/pt\/wp-json\/wp\/v2\/product_cat?post=6179"},{"taxonomy":"product_tag","embeddable":true,"href":"https:\/\/blackviewphones.com\/pt\/wp-json\/wp\/v2\/product_tag?post=6179"}],"curies":[{"name":"wp","href":"https:\/\/api.w.org\/{rel}","templated":true}]}}